{"id":69115,"date":"2024-03-22T16:21:58","date_gmt":"2024-03-22T15:21:58","guid":{"rendered":"https:\/\/abinox-chr-clim.com\/index.php\/product\/mixeur-dynamic-senior-pmx98\/"},"modified":"2026-04-02T09:12:31","modified_gmt":"2026-04-02T07:12:31","slug":"mixeur-dynamic-senior-pmx98","status":"publish","type":"product","link":"https:\/\/abinox-chr-clim.com\/index.php\/product\/mixeur-dynamic-senior-pmx98\/","title":{"rendered":"Mixeur Dynamic Senior PMX98"},"content":{"rendered":"<p>Les appareils de la gamme Dynamic S\u00e9nior sont puissants et polyvalents : une seule vitesse pour mixer de grandes quantit\u00e9s de pr\u00e9paration.<br \/>Lame Titanium. Remplacement des lames tr\u00e8s facile. Mixeur jusqu&rsquo;\u00e0 40L, fouet jusqu&rsquo;\u00e0 10L. R\u00e9f\u00e9rence soumise \u00e0 une Eco-participation mobilier de 0.15\u20ac par unit\u00e9 vendue.  R\u00e9f\u00e9rence soumise \u00e0 une Eco-participation DEEE de 0,11\u20ac par unit\u00e9 vendue. Lame Titanium.<\/p>\n<p>Caract\u00e9ristiques :<br \/> Capacit\u00e9 : 20-40 litres.<br \/> Dimensions : 600(H) x 97(\u00d8) mm.<br \/> Mati\u00e8re : Lame et axe en inox\/ poign\u00e9e en caoutchouc.<br \/> Vitesse : 9000 tours par minute.<br \/> Voltage : 220-240V.<br \/> Couleur : Orange.<\/p>\n","protected":false},"excerpt":{"rendered":"<div><img decoding=\"async\" src=\"https:\/\/abinox-chr-clim.com\/wp-content\/uploads\/2024\/03\/abinox-garantie-1-an.webp\" width=\"150px\"\/><\/div>\n<p>Mixeur Dynamic Senior PMX98<\/p>\n","protected":false},"featured_media":82440,"comment_status":"closed","ping_status":"closed","template":"","meta":[],"product_brand":[],"product_cat":[1161,1160,1163,1297],"product_tag":[],"class_list":{"0":"post-69115","1":"product","2":"type-product","3":"status-publish","4":"has-post-thumbnail","6":"product_cat-blenders-et-mixeurs-plongeants","7":"product_cat-materiel-electrique-et-de-cuisson","8":"product_cat-mixeurs-plongeants","9":"product_cat-non-palettisable","10":"product_shipping_class-free-shipping","12":"first","13":"instock","14":"featured","15":"taxable","16":"shipping-taxable","17":"purchasable","18":"product-type-simple"},"_links":{"self":[{"href":"https:\/\/abinox-chr-clim.com\/index.php\/wp-json\/wp\/v2\/product\/69115","targetHints":{"allow":["GET"]}}],"collection":[{"href":"https:\/\/abinox-chr-clim.com\/index.php\/wp-json\/wp\/v2\/product"}],"about":[{"href":"https:\/\/abinox-chr-clim.com\/index.php\/wp-json\/wp\/v2\/types\/product"}],"replies":[{"embeddable":true,"href":"https:\/\/abinox-chr-clim.com\/index.php\/wp-json\/wp\/v2\/comments?post=69115"}],"wp:featuredmedia":[{"embeddable":true,"href":"https:\/\/abinox-chr-clim.com\/index.php\/wp-json\/wp\/v2\/media\/82440"}],"wp:attachment":[{"href":"https:\/\/abinox-chr-clim.com\/index.php\/wp-json\/wp\/v2\/media?parent=69115"}],"wp:term":[{"taxonomy":"product_brand","embeddable":true,"href":"https:\/\/abinox-chr-clim.com\/index.php\/wp-json\/wp\/v2\/product_brand?post=69115"},{"taxonomy":"product_cat","embeddable":true,"href":"https:\/\/abinox-chr-clim.com\/index.php\/wp-json\/wp\/v2\/product_cat?post=69115"},{"taxonomy":"product_tag","embeddable":true,"href":"https:\/\/abinox-chr-clim.com\/index.php\/wp-json\/wp\/v2\/product_tag?post=69115"}],"curies":[{"name":"wp","href":"https:\/\/api.w.org\/{rel}","templated":true}]}}