{"id":69113,"date":"2024-03-22T16:21:58","date_gmt":"2024-03-22T15:21:58","guid":{"rendered":"https:\/\/abinox-chr-clim.com\/index.php\/product\/mixeur-dynamic-junior-mx021\/"},"modified":"2026-04-02T09:12:31","modified_gmt":"2026-04-02T07:12:31","slug":"mixeur-dynamic-junior-mx021","status":"publish","type":"product","link":"https:\/\/abinox-chr-clim.com\/index.php\/product\/mixeur-dynamic-junior-mx021\/","title":{"rendered":"Mixeur Dynamic Junior MX021"},"content":{"rendered":"<p>Appareil robuste, l\u00e9ger et performant dot\u00e9 d&rsquo;accessoires pied et fouet en acier inoxydable permettant de mixer jusqu&rsquo;\u00e0 25 litres de liquide. Accessoires pied et fouet d\u00e9montables pour une facilit\u00e9 d&rsquo;entretien.<br \/>Moteur 270W. Vitesse variable. Pied de 225mm. R\u00e9f\u00e9rence soumise \u00e0 une Eco-participation mobilier de 0.14\u20ac par unit\u00e9 vendue. Interrupteur de s\u00e9curit\u00e9. Pied et fouet d\u00e9montables sur le mod\u00e8le combi.Lames en titanium (acier chirurgical). R\u00e9f\u00e9rence soumise \u00e0 une Eco-participation DEEE de 0,12\u20ac par unit\u00e9 vendue. Moteur 270W.<\/p>\n<p>Caract\u00e9ristiques :<br \/> Capacit\u00e9 : 25 L.<br \/> Dimensions : 505(H) x 94(\u00d8) mm.<br \/> Mati\u00e8re : Lame et axe en inox\/ poign\u00e9e en caoutchouc.<br \/> Vitesse : 0-11000 tr\/mn.<br \/> Voltage : 230V.<br \/> Couleur : Orange.<\/p>\n","protected":false},"excerpt":{"rendered":"<div><img decoding=\"async\" src=\"https:\/\/abinox-chr-clim.com\/wp-content\/uploads\/2024\/03\/abinox-garantie-1-an.webp\" width=\"150px\"\/><\/div>\n<p>Mixeur Dynamic Junior MX021<\/p>\n","protected":false},"featured_media":82438,"comment_status":"closed","ping_status":"closed","template":"","meta":[],"product_brand":[],"product_cat":[1161,1160,1163,1297],"product_tag":[],"class_list":{"0":"post-69113","1":"product","2":"type-product","3":"status-publish","4":"has-post-thumbnail","6":"product_cat-blenders-et-mixeurs-plongeants","7":"product_cat-materiel-electrique-et-de-cuisson","8":"product_cat-mixeurs-plongeants","9":"product_cat-non-palettisable","10":"product_shipping_class-free-shipping","12":"first","13":"instock","14":"featured","15":"taxable","16":"shipping-taxable","17":"purchasable","18":"product-type-simple"},"_links":{"self":[{"href":"https:\/\/abinox-chr-clim.com\/index.php\/wp-json\/wp\/v2\/product\/69113","targetHints":{"allow":["GET"]}}],"collection":[{"href":"https:\/\/abinox-chr-clim.com\/index.php\/wp-json\/wp\/v2\/product"}],"about":[{"href":"https:\/\/abinox-chr-clim.com\/index.php\/wp-json\/wp\/v2\/types\/product"}],"replies":[{"embeddable":true,"href":"https:\/\/abinox-chr-clim.com\/index.php\/wp-json\/wp\/v2\/comments?post=69113"}],"wp:featuredmedia":[{"embeddable":true,"href":"https:\/\/abinox-chr-clim.com\/index.php\/wp-json\/wp\/v2\/media\/82438"}],"wp:attachment":[{"href":"https:\/\/abinox-chr-clim.com\/index.php\/wp-json\/wp\/v2\/media?parent=69113"}],"wp:term":[{"taxonomy":"product_brand","embeddable":true,"href":"https:\/\/abinox-chr-clim.com\/index.php\/wp-json\/wp\/v2\/product_brand?post=69113"},{"taxonomy":"product_cat","embeddable":true,"href":"https:\/\/abinox-chr-clim.com\/index.php\/wp-json\/wp\/v2\/product_cat?post=69113"},{"taxonomy":"product_tag","embeddable":true,"href":"https:\/\/abinox-chr-clim.com\/index.php\/wp-json\/wp\/v2\/product_tag?post=69113"}],"curies":[{"name":"wp","href":"https:\/\/api.w.org\/{rel}","templated":true}]}}