{"id":69111,"date":"2024-03-22T16:21:57","date_gmt":"2024-03-22T15:21:57","guid":{"rendered":"https:\/\/abinox-chr-clim.com\/index.php\/product\/mixeur-plongeant-dynamic-dynamix-mx050\/"},"modified":"2026-04-02T09:12:29","modified_gmt":"2026-04-02T07:12:29","slug":"mixeur-plongeant-dynamic-dynamix-mx050","status":"publish","type":"product","link":"https:\/\/abinox-chr-clim.com\/index.php\/product\/mixeur-plongeant-dynamic-dynamix-mx050\/","title":{"rendered":"Mixeur plongeant Dynamic Dynamix MX050"},"content":{"rendered":"<p>V\u00e9ritable mini-mixeur professionnel dot\u00e9 d&rsquo;un couteau 2 lames pour m\u00e9langer et mixer jusqu&rsquo;\u00e0 4 litres de soupe, sauce et pur\u00e9e. Pied amovible pour un nettoyage facile. Le pack (GH629) comprend le bloc moteur du Dynamix avec un couteau \u00e9mulsionneur et un accessoire fouet.<br \/>Le moteur 220\u00a0W vient \u00e0 bout des ingr\u00e9dients \u00e9pais. Vitesse variable jusqu&rsquo;\u00e0 13 000 tr\/min pour tous les types de textures de m\u00e9lange. Capacit\u00e9 de m\u00e9lange jusqu&rsquo;\u00e0 quatre litres avec un minimum d&rsquo;effort. R\u00e9f\u00e9rence soumise \u00e0 une Eco-participation mobilier de 0.08\u20ac par unit\u00e9 vendue. La tige amovible permet de gagner du temps au moment du nettoyage. La lame ultra r\u00e9sistante rev\u00eatue de titane est incroyablement robuste et fiable. Livr\u00e9 avec un 2 lames en standard.Lame titanium. Design l\u00e9ger facile \u00e0 tenir sans douleur ni inconfort. R\u00e9f\u00e9rence soumise \u00e0 une Eco-participation DEEE de 0,07\u20ac par unit\u00e9 vendue. Le moteur 220\u00a0W vient \u00e0 bout des ingr\u00e9dients \u00e9pais.<\/p>\n<p>Caract\u00e9ristiques :<br \/> Capacit\u00e9 : 4 L.<br \/> Dimensions : 111(H) x 70(\u00d8) mm.<br \/> Mati\u00e8re : Lame et axe en inox\/ poign\u00e9e en caoutchouc.<br \/> Vitesse : 0 &#8211; 13000 tr\/mn.<br \/> Voltage : 220-240V.<br \/> Couleur : Orange.<\/p>\n","protected":false},"excerpt":{"rendered":"<div><img decoding=\"async\" src=\"https:\/\/abinox-chr-clim.com\/wp-content\/uploads\/2024\/03\/abinox-garantie-1-an.webp\" width=\"150px\"\/><\/div>\n<p>Mixeur plongeant Dynamic Dynamix MX050<\/p>\n","protected":false},"featured_media":82425,"comment_status":"closed","ping_status":"closed","template":"","meta":[],"product_brand":[],"product_cat":[1161,1160,1163,1297],"product_tag":[],"class_list":{"0":"post-69111","1":"product","2":"type-product","3":"status-publish","4":"has-post-thumbnail","6":"product_cat-blenders-et-mixeurs-plongeants","7":"product_cat-materiel-electrique-et-de-cuisson","8":"product_cat-mixeurs-plongeants","9":"product_cat-non-palettisable","10":"product_shipping_class-free-shipping","12":"first","13":"instock","14":"featured","15":"taxable","16":"shipping-taxable","17":"purchasable","18":"product-type-simple"},"_links":{"self":[{"href":"https:\/\/abinox-chr-clim.com\/index.php\/wp-json\/wp\/v2\/product\/69111","targetHints":{"allow":["GET"]}}],"collection":[{"href":"https:\/\/abinox-chr-clim.com\/index.php\/wp-json\/wp\/v2\/product"}],"about":[{"href":"https:\/\/abinox-chr-clim.com\/index.php\/wp-json\/wp\/v2\/types\/product"}],"replies":[{"embeddable":true,"href":"https:\/\/abinox-chr-clim.com\/index.php\/wp-json\/wp\/v2\/comments?post=69111"}],"wp:featuredmedia":[{"embeddable":true,"href":"https:\/\/abinox-chr-clim.com\/index.php\/wp-json\/wp\/v2\/media\/82425"}],"wp:attachment":[{"href":"https:\/\/abinox-chr-clim.com\/index.php\/wp-json\/wp\/v2\/media?parent=69111"}],"wp:term":[{"taxonomy":"product_brand","embeddable":true,"href":"https:\/\/abinox-chr-clim.com\/index.php\/wp-json\/wp\/v2\/product_brand?post=69111"},{"taxonomy":"product_cat","embeddable":true,"href":"https:\/\/abinox-chr-clim.com\/index.php\/wp-json\/wp\/v2\/product_cat?post=69111"},{"taxonomy":"product_tag","embeddable":true,"href":"https:\/\/abinox-chr-clim.com\/index.php\/wp-json\/wp\/v2\/product_tag?post=69111"}],"curies":[{"name":"wp","href":"https:\/\/api.w.org\/{rel}","templated":true}]}}