{"id":69109,"date":"2024-03-22T16:21:56","date_gmt":"2024-03-22T15:21:56","guid":{"rendered":"https:\/\/abinox-chr-clim.com\/index.php\/product\/bloc-moteur-dynamic-bm2000\/"},"modified":"2026-04-02T09:11:52","modified_gmt":"2026-04-02T07:11:52","slug":"bloc-moteur-dynamic-bm2000","status":"publish","type":"product","link":"https:\/\/abinox-chr-clim.com\/index.php\/product\/bloc-moteur-dynamic-bm2000\/","title":{"rendered":"Bloc moteur Dynamic BM2000"},"content":{"rendered":"<p>Un seul bloc moteur puissant compatible avec six accessoires individuels (vendus s\u00e9par\u00e9ment). Cette solution \u00e9volutive et \u00e9conomique offre l&rsquo;avantage de pouvoir \u00e9toffer dans le temps votre parc mat\u00e9riel sans changer de bloc moteur. Tous les accessoires sont lavables au lave-vaisselle.<br \/>Puissance maxi : 600W. R\u00e9f\u00e9rence soumise \u00e0 une Eco-participation mobilier de 0.19\u20ac par unit\u00e9 vendue. 8 accessoires s&rsquo;adaptant au m\u00eame bloc moteur. Vitesses VARIABLE de 100 \u00e0 9500 tr\/min* (*selon l&rsquo;accessoire).Accessoires en acier inoxydable.Accessoires vendus s\u00e9par\u00e9ment. R\u00e9f\u00e9rence soumise \u00e0 une Eco-participation DEEE de 0,11\u20ac par unit\u00e9 vendue. Puissance maxi : 600W.<\/p>\n<p>Caract\u00e9ristiques :<br \/> Dimensions : 350(H) x 122(\u00d8) mm.<br \/> Mati\u00e8re : Inox.<br \/> Vitesse : 3000 \u00e0 10500 tr\/mn.<br \/> Voltage : 230V.<br \/> Couleur : Acier inoxydable.<\/p>\n","protected":false},"excerpt":{"rendered":"<div><img decoding=\"async\" src=\"https:\/\/abinox-chr-clim.com\/wp-content\/uploads\/2024\/03\/abinox-garantie-1-an.webp\" width=\"150px\"\/><\/div>\n<p>Bloc moteur Dynamic BM2000<\/p>\n","protected":false},"featured_media":75225,"comment_status":"closed","ping_status":"closed","template":"","meta":[],"product_brand":[],"product_cat":[1161,1160,1163,1297],"product_tag":[],"class_list":{"0":"post-69109","1":"product","2":"type-product","3":"status-publish","4":"has-post-thumbnail","6":"product_cat-blenders-et-mixeurs-plongeants","7":"product_cat-materiel-electrique-et-de-cuisson","8":"product_cat-mixeurs-plongeants","9":"product_cat-non-palettisable","10":"product_shipping_class-free-shipping","12":"first","13":"instock","14":"featured","15":"taxable","16":"shipping-taxable","17":"purchasable","18":"product-type-simple"},"_links":{"self":[{"href":"https:\/\/abinox-chr-clim.com\/index.php\/wp-json\/wp\/v2\/product\/69109","targetHints":{"allow":["GET"]}}],"collection":[{"href":"https:\/\/abinox-chr-clim.com\/index.php\/wp-json\/wp\/v2\/product"}],"about":[{"href":"https:\/\/abinox-chr-clim.com\/index.php\/wp-json\/wp\/v2\/types\/product"}],"replies":[{"embeddable":true,"href":"https:\/\/abinox-chr-clim.com\/index.php\/wp-json\/wp\/v2\/comments?post=69109"}],"wp:featuredmedia":[{"embeddable":true,"href":"https:\/\/abinox-chr-clim.com\/index.php\/wp-json\/wp\/v2\/media\/75225"}],"wp:attachment":[{"href":"https:\/\/abinox-chr-clim.com\/index.php\/wp-json\/wp\/v2\/media?parent=69109"}],"wp:term":[{"taxonomy":"product_brand","embeddable":true,"href":"https:\/\/abinox-chr-clim.com\/index.php\/wp-json\/wp\/v2\/product_brand?post=69109"},{"taxonomy":"product_cat","embeddable":true,"href":"https:\/\/abinox-chr-clim.com\/index.php\/wp-json\/wp\/v2\/product_cat?post=69109"},{"taxonomy":"product_tag","embeddable":true,"href":"https:\/\/abinox-chr-clim.com\/index.php\/wp-json\/wp\/v2\/product_tag?post=69109"}],"curies":[{"name":"wp","href":"https:\/\/api.w.org\/{rel}","templated":true}]}}