{"id":69108,"date":"2024-03-22T16:21:56","date_gmt":"2024-03-22T15:21:56","guid":{"rendered":"https:\/\/abinox-chr-clim.com\/index.php\/product\/bloc-moteur-pour-mixeurs-plongeants-waring-big-stik-wsbppce\/"},"modified":"2026-04-02T10:09:22","modified_gmt":"2026-04-02T08:09:22","slug":"bloc-moteur-pour-mixeurs-plongeants-waring-big-stik-wsbppce","status":"publish","type":"product","link":"https:\/\/abinox-chr-clim.com\/index.php\/product\/bloc-moteur-pour-mixeurs-plongeants-waring-big-stik-wsbppce\/","title":{"rendered":"Bloc moteur pour mixeurs plongeants Waring Big Stik WSBPPCE"},"content":{"rendered":"<p>. 230V. R\u00e9f\u00e9rence soumise \u00e0 une Eco-participation mobilier de 0.12\u20ac par unit\u00e9 vendue. .<\/p>\n<p>Caract\u00e9ristiques :<br \/> Mati\u00e8re : .<br \/> Voltage : 230V.<br \/> Couleur : Noir et argent.<\/p>\n","protected":false},"excerpt":{"rendered":"<div><img decoding=\"async\" src=\"https:\/\/abinox-chr-clim.com\/wp-content\/uploads\/2024\/03\/abinox-garantie-1-an.webp\" width=\"150px\"\/><\/div>\n<p>Bloc moteur pour mixeurs plongeants Waring Big Stik WSBPPCE<\/p>\n","protected":false},"featured_media":75217,"comment_status":"closed","ping_status":"closed","template":"","meta":[],"product_brand":[],"product_cat":[1161,1160,1163,1297],"product_tag":[],"class_list":{"0":"post-69108","1":"product","2":"type-product","3":"status-publish","4":"has-post-thumbnail","6":"product_cat-blenders-et-mixeurs-plongeants","7":"product_cat-materiel-electrique-et-de-cuisson","8":"product_cat-mixeurs-plongeants","9":"product_cat-non-palettisable","10":"product_shipping_class-free-shipping","12":"first","13":"instock","14":"featured","15":"taxable","16":"shipping-taxable","17":"purchasable","18":"product-type-simple"},"_links":{"self":[{"href":"https:\/\/abinox-chr-clim.com\/index.php\/wp-json\/wp\/v2\/product\/69108","targetHints":{"allow":["GET"]}}],"collection":[{"href":"https:\/\/abinox-chr-clim.com\/index.php\/wp-json\/wp\/v2\/product"}],"about":[{"href":"https:\/\/abinox-chr-clim.com\/index.php\/wp-json\/wp\/v2\/types\/product"}],"replies":[{"embeddable":true,"href":"https:\/\/abinox-chr-clim.com\/index.php\/wp-json\/wp\/v2\/comments?post=69108"}],"wp:featuredmedia":[{"embeddable":true,"href":"https:\/\/abinox-chr-clim.com\/index.php\/wp-json\/wp\/v2\/media\/75217"}],"wp:attachment":[{"href":"https:\/\/abinox-chr-clim.com\/index.php\/wp-json\/wp\/v2\/media?parent=69108"}],"wp:term":[{"taxonomy":"product_brand","embeddable":true,"href":"https:\/\/abinox-chr-clim.com\/index.php\/wp-json\/wp\/v2\/product_brand?post=69108"},{"taxonomy":"product_cat","embeddable":true,"href":"https:\/\/abinox-chr-clim.com\/index.php\/wp-json\/wp\/v2\/product_cat?post=69108"},{"taxonomy":"product_tag","embeddable":true,"href":"https:\/\/abinox-chr-clim.com\/index.php\/wp-json\/wp\/v2\/product_tag?post=69108"}],"curies":[{"name":"wp","href":"https:\/\/api.w.org\/{rel}","templated":true}]}}