{"id":69104,"date":"2024-03-22T16:21:55","date_gmt":"2024-03-22T15:21:55","guid":{"rendered":"https:\/\/abinox-chr-clim.com\/index.php\/product\/pichet-en-copolyester-waring-13l-pour-bb255e\/"},"modified":"2026-03-16T11:53:25","modified_gmt":"2026-03-16T10:53:25","slug":"pichet-en-copolyester-waring-13l-pour-bb255e","status":"publish","type":"product","link":"https:\/\/abinox-chr-clim.com\/index.php\/product\/pichet-en-copolyester-waring-13l-pour-bb255e\/","title":{"rendered":"Pichet en copolyester Waring 1,3L pour BB255E"},"content":{"rendered":"<p>Blender facile \u00e0 utiliser avec moteur \u00e0 deux vitesses et lames en acier inoxydable. Attrayant et \u00e9quip\u00e9 d&rsquo;un pichet grande capacit\u00e9, parfait pour une utilisation en salle.<br \/>Achetez des pichets suppl\u00e9mentaires pour augmenter votre d\u00e9bit. Lame en acier inoxydable r\u00e9sistante. Achetez des pichets suppl\u00e9mentaires pour augmenter votre d\u00e9bit.<\/p>\n<p>Caract\u00e9ristiques :<br \/> Dimensions : 174.63(H) x 180.97(L) x 304.8(P)mm.<br \/> Mati\u00e8re : Acier inoxydable et copolyester.<br \/> Couleur : Transparent.<\/p>\n","protected":false},"excerpt":{"rendered":"<div><img decoding=\"async\" src=\"https:\/\/abinox-chr-clim.com\/wp-content\/uploads\/2024\/03\/abinox-garantie-1-an.webp\" width=\"150px\"\/><\/div>\n<p>Pichet en copolyester Waring 1,3L pour BB255E<\/p>\n","protected":false},"featured_media":104019,"comment_status":"closed","ping_status":"closed","template":"","meta":[],"product_brand":[],"product_cat":[1162,1161,1160,1297],"product_tag":[],"class_list":{"0":"post-69104","1":"product","2":"type-product","3":"status-publish","4":"has-post-thumbnail","6":"product_cat-blenders-de-bar-et-cuisine","7":"product_cat-blenders-et-mixeurs-plongeants","8":"product_cat-materiel-electrique-et-de-cuisson","9":"product_cat-non-palettisable","10":"product_shipping_class-free-shipping","12":"first","13":"outofstock","14":"featured","15":"taxable","16":"shipping-taxable","17":"purchasable","18":"product-type-simple"},"_links":{"self":[{"href":"https:\/\/abinox-chr-clim.com\/index.php\/wp-json\/wp\/v2\/product\/69104","targetHints":{"allow":["GET"]}}],"collection":[{"href":"https:\/\/abinox-chr-clim.com\/index.php\/wp-json\/wp\/v2\/product"}],"about":[{"href":"https:\/\/abinox-chr-clim.com\/index.php\/wp-json\/wp\/v2\/types\/product"}],"replies":[{"embeddable":true,"href":"https:\/\/abinox-chr-clim.com\/index.php\/wp-json\/wp\/v2\/comments?post=69104"}],"wp:featuredmedia":[{"embeddable":true,"href":"https:\/\/abinox-chr-clim.com\/index.php\/wp-json\/wp\/v2\/media\/104019"}],"wp:attachment":[{"href":"https:\/\/abinox-chr-clim.com\/index.php\/wp-json\/wp\/v2\/media?parent=69104"}],"wp:term":[{"taxonomy":"product_brand","embeddable":true,"href":"https:\/\/abinox-chr-clim.com\/index.php\/wp-json\/wp\/v2\/product_brand?post=69104"},{"taxonomy":"product_cat","embeddable":true,"href":"https:\/\/abinox-chr-clim.com\/index.php\/wp-json\/wp\/v2\/product_cat?post=69104"},{"taxonomy":"product_tag","embeddable":true,"href":"https:\/\/abinox-chr-clim.com\/index.php\/wp-json\/wp\/v2\/product_tag?post=69104"}],"curies":[{"name":"wp","href":"https:\/\/api.w.org\/{rel}","templated":true}]}}