{"id":69103,"date":"2024-03-22T16:21:54","date_gmt":"2024-03-22T15:21:54","guid":{"rendered":"https:\/\/abinox-chr-clim.com\/index.php\/product\/shaker-electrique-une-tete-waring-wdm120txe\/"},"modified":"2025-07-10T11:13:29","modified_gmt":"2025-07-10T09:13:29","slug":"shaker-electrique-une-tete-waring-wdm120txe","status":"publish","type":"product","link":"https:\/\/abinox-chr-clim.com\/index.php\/product\/shaker-electrique-une-tete-waring-wdm120txe\/","title":{"rendered":"Shaker \u00e9lectrique une t\u00eate Waring WDM120TXE"},"content":{"rendered":"<p>Mixeur \/ blender professionnel \u00e0 trois vitesses avec pulse  et fonction d\u00e9marrage \/ arr\u00eat automatique. Un agitateur plein, un agitateur \u00e0 ailettes et un gobelet en acier inoxydable par t\u00eate.<br \/>Moteur haute performance de 1 CV (puissance d&rsquo;entr\u00e9e maximale), rempla\u00e7able par l&rsquo;utilisateur pour un fonctionnement continu. Contr\u00f4les \u00e9lectroniques : Trois options de vitesse (15 000, 18 000 et 21 000 tr\/min) et une fonction \u00ab\u00a0pulse\u00a0\u00bb maintiennent le niveau de vitesse quelle que soit la charge, pour une performance optimale.M\u00e9canisme de mise en marche scell\u00e9 herm\u00e9tiquement pour \u00e9viter que du liquide ne p\u00e9n\u00e8tre dans le bo\u00eetier.R\u00e9f\u00e9rence soumise \u00e0 une Eco-participation mobilier de 0.42\u20ac par unit\u00e9 vendue. Minuterie de 10 minutes. Bo\u00eetier robuste en acier moul\u00e9 sous pression et recouvert d&rsquo;un rev\u00eatement \u00e9poxy. Gobelet en acier inoxydable inclus.Inclut deux agitateurs : Un agitateur plein pour m\u00e9langer et a\u00e9rer la glace dure pour un meilleur rendement, et un agitateur \u00e0 ailettes pour m\u00e9langer les glaces plus molles et ajouter des ingr\u00e9dients pendant le m\u00e9lange.Moteur haute performance de 1 CV (puissance d&rsquo;entr\u00e9e maximale), rempla\u00e7able par l&rsquo;utilisateur pour un fonctionnement continu.<\/p>\n","protected":false},"excerpt":{"rendered":"<div><img decoding=\"async\" src=\"https:\/\/abinox-chr-clim.com\/wp-content\/uploads\/2024\/03\/abinox-garantie-1-an.webp\" width=\"150px\"\/><\/div>\n<p>Shaker \u00e9lectrique une t\u00eate Waring WDM120TXE<\/p>\n","protected":false},"featured_media":97147,"comment_status":"closed","ping_status":"closed","template":"","meta":[],"product_brand":[],"product_cat":[1162,1161,1160,1297],"product_tag":[],"class_list":{"0":"post-69103","1":"product","2":"type-product","3":"status-publish","4":"has-post-thumbnail","6":"product_cat-blenders-de-bar-et-cuisine","7":"product_cat-blenders-et-mixeurs-plongeants","8":"product_cat-materiel-electrique-et-de-cuisson","9":"product_cat-non-palettisable","10":"product_shipping_class-free-shipping","12":"first","13":"outofstock","14":"featured","15":"taxable","16":"shipping-taxable","17":"purchasable","18":"product-type-simple"},"_links":{"self":[{"href":"https:\/\/abinox-chr-clim.com\/index.php\/wp-json\/wp\/v2\/product\/69103","targetHints":{"allow":["GET"]}}],"collection":[{"href":"https:\/\/abinox-chr-clim.com\/index.php\/wp-json\/wp\/v2\/product"}],"about":[{"href":"https:\/\/abinox-chr-clim.com\/index.php\/wp-json\/wp\/v2\/types\/product"}],"replies":[{"embeddable":true,"href":"https:\/\/abinox-chr-clim.com\/index.php\/wp-json\/wp\/v2\/comments?post=69103"}],"wp:featuredmedia":[{"embeddable":true,"href":"https:\/\/abinox-chr-clim.com\/index.php\/wp-json\/wp\/v2\/media\/97147"}],"wp:attachment":[{"href":"https:\/\/abinox-chr-clim.com\/index.php\/wp-json\/wp\/v2\/media?parent=69103"}],"wp:term":[{"taxonomy":"product_brand","embeddable":true,"href":"https:\/\/abinox-chr-clim.com\/index.php\/wp-json\/wp\/v2\/product_brand?post=69103"},{"taxonomy":"product_cat","embeddable":true,"href":"https:\/\/abinox-chr-clim.com\/index.php\/wp-json\/wp\/v2\/product_cat?post=69103"},{"taxonomy":"product_tag","embeddable":true,"href":"https:\/\/abinox-chr-clim.com\/index.php\/wp-json\/wp\/v2\/product_tag?post=69103"}],"curies":[{"name":"wp","href":"https:\/\/api.w.org\/{rel}","templated":true}]}}