{"id":69102,"date":"2024-03-22T16:21:54","date_gmt":"2024-03-22T15:21:54","guid":{"rendered":"https:\/\/abinox-chr-clim.com\/index.php\/product\/blender-avec-capot-dinsonorisation-buffalo-25l\/"},"modified":"2026-04-02T09:39:26","modified_gmt":"2026-04-02T07:39:26","slug":"blender-avec-capot-dinsonorisation-buffalo-25l","status":"publish","type":"product","link":"https:\/\/abinox-chr-clim.com\/index.php\/product\/blender-avec-capot-dinsonorisation-buffalo-25l\/","title":{"rendered":"Blender avec capot d&rsquo;insonorisation Buffalo 2,5L"},"content":{"rendered":"<p>Blender polyvalent, puissant et r\u00e9sistant, parfait pour tous types de pr\u00e9paration alimentaire (sauf liquides chauds). Le mod\u00e8le DR825 poss\u00e8de un capot d&rsquo;insonorisation pour un m\u00e9lange plus silencieux. Livr\u00e9 avec un pichet de 2,5 litres sans BPA.<br \/>Polyvalent pour pr\u00e9parer gaspacho, cocktails, smoothies ou milkshakes. Moteur puissant \u00e0 vitesses variables pour m\u00e9langer diff\u00e9rentes consistances. Fonction Pulse pour un m\u00e9lange plus pr\u00e9cis. R\u00e9f\u00e9rence soumise \u00e0 une Eco-participation mobilier de 1.16\u20ac par unit\u00e9 vendue. Le capot d&rsquo;insonorisation r\u00e9duit consid\u00e9rablement le bruit de fonctionnement. Le capuchon transparent amovible facilite l&rsquo;ajout d&rsquo;ingr\u00e9dients pendant les m\u00e9langes.Embrayage en m\u00e9tal de qualit\u00e9 sup\u00e9rieure longue dur\u00e9e &#8211; beaucoup plus durable que les versions en plastique. Polyvalent pour pr\u00e9parer gaspacho, cocktails, smoothies ou milkshakes.<\/p>\n<p>Caract\u00e9ristiques :<br \/> Capacit\u00e9 : 2,5 L.<br \/> Dimensions : 548(H) x 253(L) x 236(P) mm.<br \/> Mati\u00e8re : Pichet sans BPA.<br \/> Voltage : 230V.<br \/> Couleur : Noir.<\/p>\n","protected":false},"excerpt":{"rendered":"<div><img decoding=\"async\" src=\"https:\/\/abinox-chr-clim.com\/wp-content\/uploads\/2024\/03\/abinox-garantie-1-an.webp\" width=\"150px\"\/><\/div>\n<p>Blender avec capot d&rsquo;insonorisation Buffalo 2,5L<\/p>\n","protected":false},"featured_media":91095,"comment_status":"closed","ping_status":"closed","template":"","meta":[],"product_brand":[],"product_cat":[1162,1161,1160,1297],"product_tag":[],"class_list":{"0":"post-69102","1":"product","2":"type-product","3":"status-publish","4":"has-post-thumbnail","6":"product_cat-blenders-de-bar-et-cuisine","7":"product_cat-blenders-et-mixeurs-plongeants","8":"product_cat-materiel-electrique-et-de-cuisson","9":"product_cat-non-palettisable","10":"product_shipping_class-free-shipping","12":"first","13":"instock","14":"featured","15":"taxable","16":"shipping-taxable","17":"purchasable","18":"product-type-simple"},"_links":{"self":[{"href":"https:\/\/abinox-chr-clim.com\/index.php\/wp-json\/wp\/v2\/product\/69102","targetHints":{"allow":["GET"]}}],"collection":[{"href":"https:\/\/abinox-chr-clim.com\/index.php\/wp-json\/wp\/v2\/product"}],"about":[{"href":"https:\/\/abinox-chr-clim.com\/index.php\/wp-json\/wp\/v2\/types\/product"}],"replies":[{"embeddable":true,"href":"https:\/\/abinox-chr-clim.com\/index.php\/wp-json\/wp\/v2\/comments?post=69102"}],"wp:featuredmedia":[{"embeddable":true,"href":"https:\/\/abinox-chr-clim.com\/index.php\/wp-json\/wp\/v2\/media\/91095"}],"wp:attachment":[{"href":"https:\/\/abinox-chr-clim.com\/index.php\/wp-json\/wp\/v2\/media?parent=69102"}],"wp:term":[{"taxonomy":"product_brand","embeddable":true,"href":"https:\/\/abinox-chr-clim.com\/index.php\/wp-json\/wp\/v2\/product_brand?post=69102"},{"taxonomy":"product_cat","embeddable":true,"href":"https:\/\/abinox-chr-clim.com\/index.php\/wp-json\/wp\/v2\/product_cat?post=69102"},{"taxonomy":"product_tag","embeddable":true,"href":"https:\/\/abinox-chr-clim.com\/index.php\/wp-json\/wp\/v2\/product_tag?post=69102"}],"curies":[{"name":"wp","href":"https:\/\/api.w.org\/{rel}","templated":true}]}}