{"id":69101,"date":"2024-03-22T16:21:54","date_gmt":"2024-03-22T15:21:54","guid":{"rendered":"https:\/\/abinox-chr-clim.com\/index.php\/product\/blender-silencieux-brushless-santos-62a\/"},"modified":"2026-04-02T09:13:01","modified_gmt":"2026-04-02T07:13:01","slug":"blender-silencieux-brushless-santos-62a","status":"publish","type":"product","link":"https:\/\/abinox-chr-clim.com\/index.php\/product\/blender-silencieux-brushless-santos-62a\/","title":{"rendered":"Blender silencieux Brushless Santos 62A"},"content":{"rendered":"<p>Blender professionnel silencieux permettant de r\u00e9aliser toutes sortes de cocktails, smoothies, milkshakes ou boissons glac\u00e9es et pouvant piler des gla\u00e7ons et fruits congel\u00e9s de toutes tailles gr\u00e2ce \u00e0 sa lame TiN. Il est tr\u00e8s silencieux gr\u00e2ce \u00e0 son moteur Brushless (sans charbon) et sa cloche d&rsquo;insonorisation. Facile \u00e0 utiliser et \u00e0 entretenir avec capteur de s\u00e9curit\u00e9 pour arr\u00eater le moteur lorsque la cloche est ouverte. 1 blender\/2 possibilit\u00e9s : il peut \u00eatre pos\u00e9 sur un comptoir gr\u00e2ce \u00e0 sa base facile et rapide \u00e0 d\u00e9monter.<br \/>M\u00e9lange efficacement et parfaitement : les nouvelles lames provoquent un tourbillon parfait, la vitesse (0 \u00e0 15 000 tpm) et l&rsquo;impulsion (18 000 tpm) sont variables, et le moteur professionnel est fiable et puissant.Moteur brushless tr\u00e8s silencieux et cloche d&rsquo;insonorisation amovible r\u00e9duisant consid\u00e9rablement le bruit.30 recettes pr\u00e9-programm\u00e9es et reprogrammables \u00e0 l&rsquo;infini gr\u00e2ce au logiciel gratuit et au port USB.R\u00e9f\u00e9rence soumise \u00e0 une Eco-participation mobilier de 0.5\u20ac par unit\u00e9 vendue. Simplicit\u00e9 : Utilisation mains libres gr\u00e2ce au couvercle de remplissage permettant d&rsquo;ajouter des ingr\u00e9dients tout en m\u00e9langeant. Bol, lame, couvercle et couvercle d&rsquo;\u00e9tanch\u00e9it\u00e9 amovibles pour un nettoyage facile.S\u00e9curit\u00e9 : Syst\u00e8me exclusif de verrouillage du bol et du couvercle Santosafe\u00ae. Capteur de s\u00e9curit\u00e9 sur la cloche d&rsquo;insonorisation &#8211; le moteur s&rsquo;arr\u00eate lorsque le capot sonore est ouvert.Ce produit est en conformit\u00e9 avec les r\u00e9glementations internationales les plus strictes. Conforme HACCP.Moteur Brushless basse consommation, tr\u00e8s performant (8N.m). La lame du couteau avec rev\u00eatement TiN haute r\u00e9sistance broie les gla\u00e7ons les plus compacts.Ecran de contr\u00f4le LCD, avec panneau de commande en verre \u00e0 touches tactiles. Impossible \u00e0 rayer et facile \u00e0 nettoyer.Comprend : manuel d&rsquo;instructions, d\u00e9pliant, catalogue g\u00e9n\u00e9ral, le menu avec les recettes pr\u00e9-programm\u00e9es. R\u00e9f\u00e9rence soumise \u00e0 une Eco-participation DEEE de 0,38\u20ac par unit\u00e9 vendue. M\u00e9lange efficacement et parfaitement : les nouvelles lames provoquent un tourbillon parfait, la vitesse (0 \u00e0 15 000 tpm) et l&rsquo;impulsion (18 000 tpm) sont variables, et le moteur professionnel est fiable et puissant. .<br \/> Caract\u00e9ristiques :<br \/> Capacit\u00e9 : Bol &#8211; Max: 2.4 Litres.  Graduation: 1.4 Litres.<br \/> Dimensions : 441(H) x 200(L) x 247(P)mm.<br \/> Mati\u00e8re : Alumium, plastique (sans bisph\u00e9nol).<br \/> Vitesse : 15000 rpm (charg\u00e9e ou non &#8211; aucune baisse de r\u00e9gime).<br \/> Voltage : 220-240V.<br \/> Couleur : Noir et aluminium poli.<\/p>\n","protected":false},"excerpt":{"rendered":"<div><img decoding=\"async\" src=\"https:\/\/abinox-chr-clim.com\/wp-content\/uploads\/2024\/03\/abinox-garantie-1-an.webp\" width=\"150px\"\/><\/div>\n<p>Blender silencieux Brushless Santos 62A<\/p>\n","protected":false},"featured_media":92196,"comment_status":"closed","ping_status":"closed","template":"","meta":[],"product_brand":[],"product_cat":[1162,1161,1160,1297],"product_tag":[],"class_list":{"0":"post-69101","1":"product","2":"type-product","3":"status-publish","4":"has-post-thumbnail","6":"product_cat-blenders-de-bar-et-cuisine","7":"product_cat-blenders-et-mixeurs-plongeants","8":"product_cat-materiel-electrique-et-de-cuisson","9":"product_cat-non-palettisable","10":"product_shipping_class-free-shipping","12":"first","13":"instock","14":"featured","15":"taxable","16":"shipping-taxable","17":"purchasable","18":"product-type-simple"},"_links":{"self":[{"href":"https:\/\/abinox-chr-clim.com\/index.php\/wp-json\/wp\/v2\/product\/69101","targetHints":{"allow":["GET"]}}],"collection":[{"href":"https:\/\/abinox-chr-clim.com\/index.php\/wp-json\/wp\/v2\/product"}],"about":[{"href":"https:\/\/abinox-chr-clim.com\/index.php\/wp-json\/wp\/v2\/types\/product"}],"replies":[{"embeddable":true,"href":"https:\/\/abinox-chr-clim.com\/index.php\/wp-json\/wp\/v2\/comments?post=69101"}],"wp:featuredmedia":[{"embeddable":true,"href":"https:\/\/abinox-chr-clim.com\/index.php\/wp-json\/wp\/v2\/media\/92196"}],"wp:attachment":[{"href":"https:\/\/abinox-chr-clim.com\/index.php\/wp-json\/wp\/v2\/media?parent=69101"}],"wp:term":[{"taxonomy":"product_brand","embeddable":true,"href":"https:\/\/abinox-chr-clim.com\/index.php\/wp-json\/wp\/v2\/product_brand?post=69101"},{"taxonomy":"product_cat","embeddable":true,"href":"https:\/\/abinox-chr-clim.com\/index.php\/wp-json\/wp\/v2\/product_cat?post=69101"},{"taxonomy":"product_tag","embeddable":true,"href":"https:\/\/abinox-chr-clim.com\/index.php\/wp-json\/wp\/v2\/product_tag?post=69101"}],"curies":[{"name":"wp","href":"https:\/\/api.w.org\/{rel}","templated":true}]}}