{"id":69100,"date":"2024-03-22T16:21:53","date_gmt":"2024-03-22T15:21:53","guid":{"rendered":"https:\/\/abinox-chr-clim.com\/index.php\/product\/blender-de-cuisine-santos\/"},"modified":"2026-04-02T09:13:00","modified_gmt":"2026-04-02T07:13:00","slug":"blender-de-cuisine-santos","status":"publish","type":"product","link":"https:\/\/abinox-chr-clim.com\/index.php\/product\/blender-de-cuisine-santos\/","title":{"rendered":"Blender de cuisine Santos"},"content":{"rendered":"<p>Blenders polyvalents et efficaces. Ils broient rapidement les cubes de glace et peuvent \u00eatre utilis\u00e9s pour les boissons chaudes ou froides. Vitesse de 0 \u00e0 15000 tr\/mn et impulsion de 18000 tr\/mn avec un moteur professionnel puissant et fiable. Utilisation mains libres avec bouchon de remplissage pour ajouter les ingr\u00e9dients pendant le m\u00e9lange. Les bols, lames, couvercles et joints de couvercle sont amovibles pour un nettoyage facile. Bols suppl\u00e9mentaires vendus s\u00e9par\u00e9ment.<br \/>Grande qualit\u00e9 de mixage: Variateur de vitesse (de 0 \u00e0 15 000 tr\/min) cr\u00e9ant un vortex puissant. Fonction pulse (18 000 tr\/min) pour un r\u00e9sultat optimal.Le bol peut \u00eatre orient\u00e9 dans n&rsquo;importe quel sens.Moteur et syst\u00e8me de couplage silencieux.R\u00e9f\u00e9rence soumise \u00e0 une Eco-participation mobilier de 0.12\u20ac par unit\u00e9 vendue. Conforme HACCP.Vitesse variable. Bol co-polyester sans Bisph\u00e9nol A. Joint en caoutchouc imperm\u00e9able amovible. Comprend : manuel d&rsquo;instructions, d\u00e9pliant, catalogue g\u00e9n\u00e9ral.Pour \u00eatre utilis\u00e9 pour les boissons chaudes et froides.Simplicit\u00e9 : Utilisation mains libres gr\u00e2ce au couvercle de remplissage permettant d&rsquo;ajouter des ingr\u00e9dients tout en m\u00e9langeant. Bol, lame, couvercle et couvercle d&rsquo;\u00e9tanch\u00e9it\u00e9 amovibles pour un nettoyage facile.R\u00e9f\u00e9rence soumise \u00e0 une Eco-participation DEEE de 0,09\u20ac par unit\u00e9 vendue. Grande qualit\u00e9 de mixage: Variateur de vitesse (de 0 \u00e0 15 000 tr\/min) cr\u00e9ant un vortex puissant. Fonction pulse (18 000 tr\/min) pour un r\u00e9sultat optimal. .<br \/> Caract\u00e9ristiques :<br \/> Capacit\u00e9 : Bol : 4 Litres.<br \/> Dimensions : 615(H) x 215(L) x 220(P)mm.<br \/> Mati\u00e8re : Aluminium.<br \/> Vitesse : 0 &#8211; 15 000 tr\/mn (pulse 18000 tr\/mn).<br \/> Voltage : 220-240V.<br \/> Couleur : Gris.<\/p>\n","protected":false},"excerpt":{"rendered":"<div><img decoding=\"async\" src=\"https:\/\/abinox-chr-clim.com\/wp-content\/uploads\/2024\/03\/abinox-garantie-1-an.webp\" width=\"150px\"\/><\/div>\n<p>Blender de cuisine Santos<\/p>\n","protected":false},"featured_media":92199,"comment_status":"closed","ping_status":"closed","template":"","meta":[],"product_brand":[],"product_cat":[1162,1161,1160,1297],"product_tag":[],"class_list":{"0":"post-69100","1":"product","2":"type-product","3":"status-publish","4":"has-post-thumbnail","6":"product_cat-blenders-de-bar-et-cuisine","7":"product_cat-blenders-et-mixeurs-plongeants","8":"product_cat-materiel-electrique-et-de-cuisson","9":"product_cat-non-palettisable","10":"product_shipping_class-free-shipping","12":"first","13":"instock","14":"featured","15":"taxable","16":"shipping-taxable","17":"purchasable","18":"product-type-simple"},"_links":{"self":[{"href":"https:\/\/abinox-chr-clim.com\/index.php\/wp-json\/wp\/v2\/product\/69100","targetHints":{"allow":["GET"]}}],"collection":[{"href":"https:\/\/abinox-chr-clim.com\/index.php\/wp-json\/wp\/v2\/product"}],"about":[{"href":"https:\/\/abinox-chr-clim.com\/index.php\/wp-json\/wp\/v2\/types\/product"}],"replies":[{"embeddable":true,"href":"https:\/\/abinox-chr-clim.com\/index.php\/wp-json\/wp\/v2\/comments?post=69100"}],"wp:featuredmedia":[{"embeddable":true,"href":"https:\/\/abinox-chr-clim.com\/index.php\/wp-json\/wp\/v2\/media\/92199"}],"wp:attachment":[{"href":"https:\/\/abinox-chr-clim.com\/index.php\/wp-json\/wp\/v2\/media?parent=69100"}],"wp:term":[{"taxonomy":"product_brand","embeddable":true,"href":"https:\/\/abinox-chr-clim.com\/index.php\/wp-json\/wp\/v2\/product_brand?post=69100"},{"taxonomy":"product_cat","embeddable":true,"href":"https:\/\/abinox-chr-clim.com\/index.php\/wp-json\/wp\/v2\/product_cat?post=69100"},{"taxonomy":"product_tag","embeddable":true,"href":"https:\/\/abinox-chr-clim.com\/index.php\/wp-json\/wp\/v2\/product_tag?post=69100"}],"curies":[{"name":"wp","href":"https:\/\/api.w.org\/{rel}","templated":true}]}}