{"id":69097,"date":"2024-03-22T16:21:52","date_gmt":"2024-03-22T15:21:52","guid":{"rendered":"https:\/\/abinox-chr-clim.com\/index.php\/product\/blender-de-bar-digital-buffalo-25l\/"},"modified":"2026-04-02T09:45:29","modified_gmt":"2026-04-02T07:45:29","slug":"blender-de-bar-digital-buffalo-25l","status":"publish","type":"product","link":"https:\/\/abinox-chr-clim.com\/index.php\/product\/blender-de-bar-digital-buffalo-25l\/","title":{"rendered":"Blender de bar digital Buffalo 2,5L"},"content":{"rendered":"<p>Blenders polyvalents, puissants et r\u00e9sistants, parfaits pour tous les types de pr\u00e9parations alimentaires. Le CY141 est dot\u00e9 d&rsquo;un capot d&rsquo;insonorisation pour une utilisation plus silencieuse. Livr\u00e9 avec un pichet de 2,5 litres sans BPA.<br \/>Pichet 2,5 litres sans BPA. Fonction Pulse. Embrayage en m\u00e9tal durable. R\u00e9f\u00e9rence soumise \u00e0 une Eco-participation mobilier de 0.39\u20ac par unit\u00e9 vendue. Couvercle transparent amovible pour faciliter le remplissage. Minuterie (30s, 60s, 90s).Vitesse variable 10000-28000 tr \/ min. Pichet 2,5 litres sans BPA.<\/p>\n<p>Caract\u00e9ristiques :<br \/> Capacit\u00e9 : 2,5 L.<br \/> Dimensions : 535(H) x 240(L) x 306(P) mm.<br \/> Mati\u00e8re : Inox et plastique.<br \/> Voltage : 220\/240V.<br \/> Couleur : Noir.<br \/> Puissance : 1680 W.<\/p>\n","protected":false},"excerpt":{"rendered":"<div><img decoding=\"async\" src=\"https:\/\/abinox-chr-clim.com\/wp-content\/uploads\/2024\/03\/abinox-garantie-1-an.webp\" width=\"150px\"\/><\/div>\n<p>Blender de bar digital Buffalo 2,5L<\/p>\n","protected":false},"featured_media":88709,"comment_status":"closed","ping_status":"closed","template":"","meta":[],"product_brand":[],"product_cat":[1162,1161,1160,1297],"product_tag":[],"class_list":{"0":"post-69097","1":"product","2":"type-product","3":"status-publish","4":"has-post-thumbnail","6":"product_cat-blenders-de-bar-et-cuisine","7":"product_cat-blenders-et-mixeurs-plongeants","8":"product_cat-materiel-electrique-et-de-cuisson","9":"product_cat-non-palettisable","10":"product_shipping_class-free-shipping","12":"first","13":"instock","14":"featured","15":"taxable","16":"shipping-taxable","17":"purchasable","18":"product-type-simple"},"_links":{"self":[{"href":"https:\/\/abinox-chr-clim.com\/index.php\/wp-json\/wp\/v2\/product\/69097","targetHints":{"allow":["GET"]}}],"collection":[{"href":"https:\/\/abinox-chr-clim.com\/index.php\/wp-json\/wp\/v2\/product"}],"about":[{"href":"https:\/\/abinox-chr-clim.com\/index.php\/wp-json\/wp\/v2\/types\/product"}],"replies":[{"embeddable":true,"href":"https:\/\/abinox-chr-clim.com\/index.php\/wp-json\/wp\/v2\/comments?post=69097"}],"wp:featuredmedia":[{"embeddable":true,"href":"https:\/\/abinox-chr-clim.com\/index.php\/wp-json\/wp\/v2\/media\/88709"}],"wp:attachment":[{"href":"https:\/\/abinox-chr-clim.com\/index.php\/wp-json\/wp\/v2\/media?parent=69097"}],"wp:term":[{"taxonomy":"product_brand","embeddable":true,"href":"https:\/\/abinox-chr-clim.com\/index.php\/wp-json\/wp\/v2\/product_brand?post=69097"},{"taxonomy":"product_cat","embeddable":true,"href":"https:\/\/abinox-chr-clim.com\/index.php\/wp-json\/wp\/v2\/product_cat?post=69097"},{"taxonomy":"product_tag","embeddable":true,"href":"https:\/\/abinox-chr-clim.com\/index.php\/wp-json\/wp\/v2\/product_tag?post=69097"}],"curies":[{"name":"wp","href":"https:\/\/api.w.org\/{rel}","templated":true}]}}