{"id":69096,"date":"2024-03-22T16:21:52","date_gmt":"2024-03-22T15:21:52","guid":{"rendered":"https:\/\/abinox-chr-clim.com\/index.php\/product\/batteur-tete-inclinable-classic-kitchenaid-43l-noir-5k45sseob\/"},"modified":"2026-04-14T10:42:36","modified_gmt":"2026-04-14T08:42:36","slug":"batteur-tete-inclinable-classic-kitchenaid-43l-noir-5k45sseob","status":"publish","type":"product","link":"https:\/\/abinox-chr-clim.com\/index.php\/product\/batteur-tete-inclinable-classic-kitchenaid-43l-noir-5k45sseob\/","title":{"rendered":"Batteur t\u00eate inclinable Classic KitchenAid 4,3L noir 5K45SSEOB"},"content":{"rendered":"<p>Batteur puissant grande capacit\u00e9 avec m\u00e9canisme \u00e0 t\u00eate inclinable pour un acc\u00e8s facile au bol.<br \/>Construction enti\u00e8rement m\u00e9tallique, robuste, stable et durable. Moyeu unique d&rsquo;accessoires polyvalents permettant d&rsquo;adapter un large choix d&rsquo;accessoires en option pour plus de polyvalence.Action plan\u00e9taire originale pour un m\u00e9lange rapide et complet. R\u00e9f\u00e9rence soumise \u00e0 une Eco-participation mobilier de 0.61\u20ac par unit\u00e9 vendue. T\u00eate inclinable, arrondie et lisse, pour un nettoyage, une \u00e9l\u00e9gance et une utilisation faciles.Cordon de 114 cm de long. 58 \u00e0 220 tr\/min.Bol en acier inoxydable de 4,3 litres pour pr\u00e9parer tout type d&rsquo;aliments. Construction enti\u00e8rement m\u00e9tallique, robuste, stable et durable.<\/p>\n<p>Caract\u00e9ristiques :<br \/> Dimensions : 360(H) x 240(L) x 370(P)mm.<br \/> Mati\u00e8re : M\u00e9tal.<br \/> Voltage : 220-240V.<br \/> Couleur : Noir.<\/p>\n","protected":false},"excerpt":{"rendered":"<div><img decoding=\"async\" src=\"https:\/\/abinox-chr-clim.com\/wp-content\/uploads\/2024\/03\/abinox-garantie-1-an.webp\" width=\"150px\"\/><\/div>\n<p>Batteur t\u00eate inclinable Classic KitchenAid 4,3L noir 5K45SSEOB<\/p>\n","protected":false},"featured_media":88787,"comment_status":"closed","ping_status":"closed","template":"","meta":[],"product_brand":[],"product_cat":[1162,1161,1160,1297],"product_tag":[],"class_list":{"0":"post-69096","1":"product","2":"type-product","3":"status-publish","4":"has-post-thumbnail","6":"product_cat-blenders-de-bar-et-cuisine","7":"product_cat-blenders-et-mixeurs-plongeants","8":"product_cat-materiel-electrique-et-de-cuisson","9":"product_cat-non-palettisable","10":"product_shipping_class-free-shipping","12":"first","13":"outofstock","14":"featured","15":"taxable","16":"shipping-taxable","17":"purchasable","18":"product-type-simple"},"_links":{"self":[{"href":"https:\/\/abinox-chr-clim.com\/index.php\/wp-json\/wp\/v2\/product\/69096","targetHints":{"allow":["GET"]}}],"collection":[{"href":"https:\/\/abinox-chr-clim.com\/index.php\/wp-json\/wp\/v2\/product"}],"about":[{"href":"https:\/\/abinox-chr-clim.com\/index.php\/wp-json\/wp\/v2\/types\/product"}],"replies":[{"embeddable":true,"href":"https:\/\/abinox-chr-clim.com\/index.php\/wp-json\/wp\/v2\/comments?post=69096"}],"wp:featuredmedia":[{"embeddable":true,"href":"https:\/\/abinox-chr-clim.com\/index.php\/wp-json\/wp\/v2\/media\/88787"}],"wp:attachment":[{"href":"https:\/\/abinox-chr-clim.com\/index.php\/wp-json\/wp\/v2\/media?parent=69096"}],"wp:term":[{"taxonomy":"product_brand","embeddable":true,"href":"https:\/\/abinox-chr-clim.com\/index.php\/wp-json\/wp\/v2\/product_brand?post=69096"},{"taxonomy":"product_cat","embeddable":true,"href":"https:\/\/abinox-chr-clim.com\/index.php\/wp-json\/wp\/v2\/product_cat?post=69096"},{"taxonomy":"product_tag","embeddable":true,"href":"https:\/\/abinox-chr-clim.com\/index.php\/wp-json\/wp\/v2\/product_tag?post=69096"}],"curies":[{"name":"wp","href":"https:\/\/api.w.org\/{rel}","templated":true}]}}