{"id":69095,"date":"2024-03-22T16:21:47","date_gmt":"2024-03-22T15:21:47","guid":{"rendered":"https:\/\/abinox-chr-clim.com\/index.php\/product\/pichet-de-remplacement-buffalo-pour-cr836-et-dr825\/"},"modified":"2026-04-14T10:02:52","modified_gmt":"2026-04-14T08:02:52","slug":"pichet-de-remplacement-buffalo-pour-cr836-et-dr825","status":"publish","type":"product","link":"https:\/\/abinox-chr-clim.com\/index.php\/product\/pichet-de-remplacement-buffalo-pour-cr836-et-dr825\/","title":{"rendered":"Pichet de remplacement Buffalo pour CR836 et DR825"},"content":{"rendered":"<p>Blender polyvalent, puissant et r\u00e9sistant, parfait pour tous types de pr\u00e9paration alimentaire (sauf liquides chauds). Le mod\u00e8le DR825 poss\u00e8de un capot d&rsquo;insonorisation pour un m\u00e9lange plus silencieux. Livr\u00e9 avec un pichet de 2,5 litres sans BPA.<br \/>Convient \u00e0 CR836, DR825, CY141 et CY140. Acc\u00e9l\u00e8re le service en m\u00e9langeant plusieurs boissons avec une seule machine. Augmente le rendement pour faire face \u00e0 la demande pendant les p\u00e9riodes d&rsquo;affluence. R\u00e9f\u00e9rence soumise \u00e0 une Eco-participation mobilier de 0.12\u20ac par unit\u00e9 vendue. Fabriqu\u00e9 en plastique sans BPA et r\u00e9sistant \u00e0 la chaleur.  Un remplacement pratique si vous perdez ou cassez votre pichet actuelle. Convient \u00e0 CR836, DR825, CY141 et CY140.<\/p>\n<p>Caract\u00e9ristiques :<br \/> Capacit\u00e9 : 2,5L.<br \/> Dimensions : 330(H) x 155(L) x 165(P) mm.<br \/> Mati\u00e8re : Plastique sans BPA.<br \/> Voltage : 220V.<br \/> Couleur : Transparent.<\/p>\n","protected":false},"excerpt":{"rendered":"<div><img decoding=\"async\" src=\"https:\/\/abinox-chr-clim.com\/wp-content\/uploads\/2024\/03\/abinox-garantie-1-an.webp\" width=\"150px\"\/><\/div>\n<p>Pichet de remplacement Buffalo pour CR836 et DR825<\/p>\n","protected":false},"featured_media":85788,"comment_status":"closed","ping_status":"closed","template":"","meta":[],"product_brand":[],"product_cat":[1162,1161,1160,1297],"product_tag":[],"class_list":{"0":"post-69095","1":"product","2":"type-product","3":"status-publish","4":"has-post-thumbnail","6":"product_cat-blenders-de-bar-et-cuisine","7":"product_cat-blenders-et-mixeurs-plongeants","8":"product_cat-materiel-electrique-et-de-cuisson","9":"product_cat-non-palettisable","10":"product_shipping_class-free-shipping","12":"first","13":"instock","14":"featured","15":"taxable","16":"shipping-taxable","17":"purchasable","18":"product-type-simple"},"_links":{"self":[{"href":"https:\/\/abinox-chr-clim.com\/index.php\/wp-json\/wp\/v2\/product\/69095","targetHints":{"allow":["GET"]}}],"collection":[{"href":"https:\/\/abinox-chr-clim.com\/index.php\/wp-json\/wp\/v2\/product"}],"about":[{"href":"https:\/\/abinox-chr-clim.com\/index.php\/wp-json\/wp\/v2\/types\/product"}],"replies":[{"embeddable":true,"href":"https:\/\/abinox-chr-clim.com\/index.php\/wp-json\/wp\/v2\/comments?post=69095"}],"wp:featuredmedia":[{"embeddable":true,"href":"https:\/\/abinox-chr-clim.com\/index.php\/wp-json\/wp\/v2\/media\/85788"}],"wp:attachment":[{"href":"https:\/\/abinox-chr-clim.com\/index.php\/wp-json\/wp\/v2\/media?parent=69095"}],"wp:term":[{"taxonomy":"product_brand","embeddable":true,"href":"https:\/\/abinox-chr-clim.com\/index.php\/wp-json\/wp\/v2\/product_brand?post=69095"},{"taxonomy":"product_cat","embeddable":true,"href":"https:\/\/abinox-chr-clim.com\/index.php\/wp-json\/wp\/v2\/product_cat?post=69095"},{"taxonomy":"product_tag","embeddable":true,"href":"https:\/\/abinox-chr-clim.com\/index.php\/wp-json\/wp\/v2\/product_tag?post=69095"}],"curies":[{"name":"wp","href":"https:\/\/api.w.org\/{rel}","templated":true}]}}