{"id":69091,"date":"2024-03-22T16:21:46","date_gmt":"2024-03-22T15:21:46","guid":{"rendered":"https:\/\/abinox-chr-clim.com\/index.php\/product\/blender-de-bar-waring-torq-2-tbb14e\/"},"modified":"2026-04-14T09:56:20","modified_gmt":"2026-04-14T07:56:20","slug":"blender-de-bar-waring-torq-2-tbb14e","status":"publish","type":"product","link":"https:\/\/abinox-chr-clim.com\/index.php\/product\/blender-de-bar-waring-torq-2-tbb14e\/","title":{"rendered":"Blender de bar Waring Torq 2 TBB14E"},"content":{"rendered":"<p>Des blenders haute performance capables de broyer de la glace et de pr\u00e9parer trois margaritas de 450ml en moins de huit secondes. Pichet en copolyester empilable et sans BPA et disque en acier inoxydable robuste.<br \/>Moteur haute performance 2HP, 2 vitesses 24 000 tr \/ min max.Acier inoxydable durable, couplage d&rsquo;entra\u00eenement rempla\u00e7able par l&rsquo;utilisateur. Permet de pr\u00e9parer 3 margaritas de 450ml en 8 secondes. R\u00e9f\u00e9rence soumise \u00e0 une Eco-participation mobilier de 0.3\u20ac par unit\u00e9 vendue. Conception classique avec commutateur \u00e0 bascule. Conception d&rsquo;interrupteur \u00e0 bascule classique et facile. 24 000 tr\/min maximum pour des performances de m\u00e9lange impressionnantes.Pichet empilable de 1,4L en co-polyester sans BPA. Moteur haute performance 2HP, 2 vitesses 24 000 tr \/ min max. .<br \/> Caract\u00e9ristiques :<br \/> Capacit\u00e9 : 1,4 L.<br \/> Dimensions : 397(H) x 292(L) x 229(P) mm.<br \/> Mati\u00e8re : Plastique.<br \/> Sortie : 1400.<br \/> Voltage : 230V.<br \/> Couleur : Noir.<\/p>\n","protected":false},"excerpt":{"rendered":"<div><img decoding=\"async\" src=\"https:\/\/abinox-chr-clim.com\/wp-content\/uploads\/2024\/03\/abinox-garantie-1-an.webp\" width=\"150px\"\/><\/div>\n<p>Blender de bar Waring Torq 2 TBB14E<\/p>\n","protected":false},"featured_media":105064,"comment_status":"closed","ping_status":"closed","template":"","meta":[],"product_brand":[],"product_cat":[1162,1161,1160,1297],"product_tag":[],"class_list":{"0":"post-69091","1":"product","2":"type-product","3":"status-publish","4":"has-post-thumbnail","6":"product_cat-blenders-de-bar-et-cuisine","7":"product_cat-blenders-et-mixeurs-plongeants","8":"product_cat-materiel-electrique-et-de-cuisson","9":"product_cat-non-palettisable","10":"product_shipping_class-free-shipping","12":"first","13":"instock","14":"featured","15":"taxable","16":"shipping-taxable","17":"purchasable","18":"product-type-simple"},"_links":{"self":[{"href":"https:\/\/abinox-chr-clim.com\/index.php\/wp-json\/wp\/v2\/product\/69091","targetHints":{"allow":["GET"]}}],"collection":[{"href":"https:\/\/abinox-chr-clim.com\/index.php\/wp-json\/wp\/v2\/product"}],"about":[{"href":"https:\/\/abinox-chr-clim.com\/index.php\/wp-json\/wp\/v2\/types\/product"}],"replies":[{"embeddable":true,"href":"https:\/\/abinox-chr-clim.com\/index.php\/wp-json\/wp\/v2\/comments?post=69091"}],"wp:featuredmedia":[{"embeddable":true,"href":"https:\/\/abinox-chr-clim.com\/index.php\/wp-json\/wp\/v2\/media\/105064"}],"wp:attachment":[{"href":"https:\/\/abinox-chr-clim.com\/index.php\/wp-json\/wp\/v2\/media?parent=69091"}],"wp:term":[{"taxonomy":"product_brand","embeddable":true,"href":"https:\/\/abinox-chr-clim.com\/index.php\/wp-json\/wp\/v2\/product_brand?post=69091"},{"taxonomy":"product_cat","embeddable":true,"href":"https:\/\/abinox-chr-clim.com\/index.php\/wp-json\/wp\/v2\/product_cat?post=69091"},{"taxonomy":"product_tag","embeddable":true,"href":"https:\/\/abinox-chr-clim.com\/index.php\/wp-json\/wp\/v2\/product_tag?post=69091"}],"curies":[{"name":"wp","href":"https:\/\/api.w.org\/{rel}","templated":true}]}}