{"id":69090,"date":"2024-03-22T16:21:46","date_gmt":"2024-03-22T15:21:46","guid":{"rendered":"https:\/\/abinox-chr-clim.com\/index.php\/product\/blender-de-bar-waring-blade-bb340se\/"},"modified":"2026-04-14T09:56:18","modified_gmt":"2026-04-14T07:56:18","slug":"blender-de-bar-waring-blade-bb340se","status":"publish","type":"product","link":"https:\/\/abinox-chr-clim.com\/index.php\/product\/blender-de-bar-waring-blade-bb340se\/","title":{"rendered":"Blender de bar Waring Blade BB340SE"},"content":{"rendered":"<p>Pour m\u00e9langer, \u00e9mulsifier, r\u00e9duire en pur\u00e9e de nombreux aliment. Puissant moteur \u00e0 deux vitesses et fonction Pulse pour une polyvalence maximale. Pichet robuste pour un r\u00e9sultat homog\u00e8ne et r\u00e9gulier, et un tampon en caoutchouc amovible amortissant le bruit et facilitant le nettoyage.<br \/>Moteur 1HP de qualit\u00e9 commerciale. R\u00e9f\u00e9rence soumise \u00e0 une Eco-participation mobilier de 0.25\u20ac par unit\u00e9 vendue. Pr\u00e9parez 3 margaritas de 450ml en 12 secondes ou moins. Conseill\u00e9 pour 25 \u00e0 49 pr\u00e9parations par jour. 1 pi\u00e8ce, 1,4 litre, pichet inox avec lame en acier industriel. Commandes tactiles \u00e9lectroniques avec compte \u00e0 rebours de 99 secondes &#8211; Rapide, Lent, Stop,  Pulse et Marche\/arr\u00eat. Tampon en caoutchouc amovible amortissant le bruit et facilitant le nettoyage.Moteur 1HP de qualit\u00e9 commerciale.<\/p>\n<p>Caract\u00e9ristiques :<br \/> Dimensions : 390.53(H) x 260.35(L) x 263.54(P)mm.<br \/> Mati\u00e8re : Plastique.<br \/> Sortie : 750.<br \/> Voltage : 230V.<br \/> Couleur : Noir.<\/p>\n","protected":false},"excerpt":{"rendered":"<div><img decoding=\"async\" src=\"https:\/\/abinox-chr-clim.com\/wp-content\/uploads\/2024\/03\/abinox-garantie-1-an.webp\" width=\"150px\"\/><\/div>\n<p>Blender de bar Waring Blade BB340SE<\/p>\n","protected":false},"featured_media":85493,"comment_status":"closed","ping_status":"closed","template":"","meta":[],"product_brand":[],"product_cat":[1162,1161,1160,1297],"product_tag":[],"class_list":{"0":"post-69090","1":"product","2":"type-product","3":"status-publish","4":"has-post-thumbnail","6":"product_cat-blenders-de-bar-et-cuisine","7":"product_cat-blenders-et-mixeurs-plongeants","8":"product_cat-materiel-electrique-et-de-cuisson","9":"product_cat-non-palettisable","10":"product_shipping_class-free-shipping","12":"first","13":"outofstock","14":"featured","15":"taxable","16":"shipping-taxable","17":"purchasable","18":"product-type-simple"},"_links":{"self":[{"href":"https:\/\/abinox-chr-clim.com\/index.php\/wp-json\/wp\/v2\/product\/69090","targetHints":{"allow":["GET"]}}],"collection":[{"href":"https:\/\/abinox-chr-clim.com\/index.php\/wp-json\/wp\/v2\/product"}],"about":[{"href":"https:\/\/abinox-chr-clim.com\/index.php\/wp-json\/wp\/v2\/types\/product"}],"replies":[{"embeddable":true,"href":"https:\/\/abinox-chr-clim.com\/index.php\/wp-json\/wp\/v2\/comments?post=69090"}],"wp:featuredmedia":[{"embeddable":true,"href":"https:\/\/abinox-chr-clim.com\/index.php\/wp-json\/wp\/v2\/media\/85493"}],"wp:attachment":[{"href":"https:\/\/abinox-chr-clim.com\/index.php\/wp-json\/wp\/v2\/media?parent=69090"}],"wp:term":[{"taxonomy":"product_brand","embeddable":true,"href":"https:\/\/abinox-chr-clim.com\/index.php\/wp-json\/wp\/v2\/product_brand?post=69090"},{"taxonomy":"product_cat","embeddable":true,"href":"https:\/\/abinox-chr-clim.com\/index.php\/wp-json\/wp\/v2\/product_cat?post=69090"},{"taxonomy":"product_tag","embeddable":true,"href":"https:\/\/abinox-chr-clim.com\/index.php\/wp-json\/wp\/v2\/product_tag?post=69090"}],"curies":[{"name":"wp","href":"https:\/\/api.w.org\/{rel}","templated":true}]}}