{"id":69087,"date":"2024-03-22T16:21:45","date_gmt":"2024-03-22T15:21:45","guid":{"rendered":"https:\/\/abinox-chr-clim.com\/index.php\/product\/blender-de-bar-waring-bb255e\/"},"modified":"2026-03-16T11:47:44","modified_gmt":"2026-03-16T10:47:44","slug":"blender-de-bar-waring-bb255e","status":"publish","type":"product","link":"https:\/\/abinox-chr-clim.com\/index.php\/product\/blender-de-bar-waring-bb255e\/","title":{"rendered":"Blender de bar Waring BB255E"},"content":{"rendered":"<p>Blender facile \u00e0 utiliser avec moteur \u00e0 deux vitesses et lames en acier inoxydable. Attrayant et \u00e9quip\u00e9 d&rsquo;un pichet grande capacit\u00e9, parfait pour une utilisation en salle.<br \/>Moteur de qualit\u00e9 commerciale \u00e0 2 vitesses 3\/4 HP. Lame de coupe robuste en deux parties en acier inoxydable. Accouplement d&rsquo;entra\u00eenement en caoutchouc renforc\u00e9 de m\u00e9tal, rempla\u00e7able par l&rsquo;utilisateur. R\u00e9f\u00e9rence soumise \u00e0 une Eco-participation mobilier de 0.2\u20ac par unit\u00e9 vendue. Commande durable. Pieds \u00e0 ventouse en caoutchouc pour plus de stabilit\u00e9.Conseill\u00e9 pour un d\u00e9bit jusqu&rsquo;\u00e0 25 pr\u00e9parations par jour. Moteur de qualit\u00e9 commerciale \u00e0 2 vitesses 3\/4 HP.<\/p>\n<p>Caract\u00e9ristiques :<br \/> Dimensions : 352.4(H) x 247.7(L) x 203.2(P)mm.<br \/> Mati\u00e8re : Plastique et fonte.<br \/> Sortie : 260.<br \/> Voltage : 230V.<br \/> Couleur : Noir.<\/p>\n","protected":false},"excerpt":{"rendered":"<div><img decoding=\"async\" src=\"https:\/\/abinox-chr-clim.com\/wp-content\/uploads\/2024\/03\/abinox-garantie-1-an.webp\" width=\"150px\"\/><\/div>\n<p>Blender de bar Waring BB255E<\/p>\n","protected":false},"featured_media":85305,"comment_status":"closed","ping_status":"closed","template":"","meta":[],"product_brand":[],"product_cat":[1162,1161,1160,1297],"product_tag":[],"class_list":{"0":"post-69087","1":"product","2":"type-product","3":"status-publish","4":"has-post-thumbnail","6":"product_cat-blenders-de-bar-et-cuisine","7":"product_cat-blenders-et-mixeurs-plongeants","8":"product_cat-materiel-electrique-et-de-cuisson","9":"product_cat-non-palettisable","10":"product_shipping_class-free-shipping","12":"first","13":"outofstock","14":"featured","15":"taxable","16":"shipping-taxable","17":"purchasable","18":"product-type-simple"},"_links":{"self":[{"href":"https:\/\/abinox-chr-clim.com\/index.php\/wp-json\/wp\/v2\/product\/69087","targetHints":{"allow":["GET"]}}],"collection":[{"href":"https:\/\/abinox-chr-clim.com\/index.php\/wp-json\/wp\/v2\/product"}],"about":[{"href":"https:\/\/abinox-chr-clim.com\/index.php\/wp-json\/wp\/v2\/types\/product"}],"replies":[{"embeddable":true,"href":"https:\/\/abinox-chr-clim.com\/index.php\/wp-json\/wp\/v2\/comments?post=69087"}],"wp:featuredmedia":[{"embeddable":true,"href":"https:\/\/abinox-chr-clim.com\/index.php\/wp-json\/wp\/v2\/media\/85305"}],"wp:attachment":[{"href":"https:\/\/abinox-chr-clim.com\/index.php\/wp-json\/wp\/v2\/media?parent=69087"}],"wp:term":[{"taxonomy":"product_brand","embeddable":true,"href":"https:\/\/abinox-chr-clim.com\/index.php\/wp-json\/wp\/v2\/product_brand?post=69087"},{"taxonomy":"product_cat","embeddable":true,"href":"https:\/\/abinox-chr-clim.com\/index.php\/wp-json\/wp\/v2\/product_cat?post=69087"},{"taxonomy":"product_tag","embeddable":true,"href":"https:\/\/abinox-chr-clim.com\/index.php\/wp-json\/wp\/v2\/product_tag?post=69087"}],"curies":[{"name":"wp","href":"https:\/\/api.w.org\/{rel}","templated":true}]}}