{"id":69086,"date":"2024-03-22T16:21:44","date_gmt":"2024-03-22T15:21:44","guid":{"rendered":"https:\/\/abinox-chr-clim.com\/index.php\/product\/blender-de-bar-waring-xtreme-hp-135l-mx1100xtpek\/"},"modified":"2026-04-14T10:46:14","modified_gmt":"2026-04-14T08:46:14","slug":"blender-de-bar-waring-xtreme-hp-135l-mx1100xtpek","status":"publish","type":"product","link":"https:\/\/abinox-chr-clim.com\/index.php\/product\/blender-de-bar-waring-xtreme-hp-135l-mx1100xtpek\/","title":{"rendered":"Blender de bar Waring Xtreme HP 1,35L MX1100XTPEK"},"content":{"rendered":"<p>Pr\u00e9parez des smoothies, des caf\u00e9s glac\u00e9s et des milkshakes rapidement et efficacement, avec un pichet amovible allant au lave-vaisselle pour faciliter le nettoyage. Parfait pour obtenir plus de 75 boissons par jour, avec une puissante lame en acier inoxydable. Vitesse jusqu&rsquo;\u00e0 45 000 tr\/min.<br \/>Waring Xtreme vitesse maximale 45 000 tr\/min &#8211; m\u00e9lange en quelques secondes. Pichet facile \u00e0 nettoyer et lavable au lave-vaisselle. Lame en acier inoxydable robuste et durable. R\u00e9f\u00e9rence soumise \u00e0 une Eco-participation mobilier de 0.42\u20ac par unit\u00e9 vendue. Minuteur de 30 secondes avec arr\u00eat automatique. Recommand\u00e9 pour produire jusqu&rsquo;\u00e0 75 boissons par jour.Pav\u00e9 tactile avec commandes HIGH, LOW, STOP et PULSE. Waring Xtreme vitesse maximale 45 000 tr\/min &#8211; m\u00e9lange en quelques secondes.<\/p>\n<p>Caract\u00e9ristiques :<br \/> Capacit\u00e9 : 1,35 L.<br \/> Dimensions : 406(H) x 216(L) x 210(P) mm.<br \/> Mati\u00e8re : Inox et plastique.<br \/> Vitesse : 45000 tr\/mn.<br \/> Voltage : 230V.<br \/> Couleur : Noir.<\/p>\n","protected":false},"excerpt":{"rendered":"<div><img decoding=\"async\" src=\"https:\/\/abinox-chr-clim.com\/wp-content\/uploads\/2024\/03\/abinox-garantie-1-an.webp\" width=\"150px\"\/><\/div>\n<p>Blender de bar Waring Xtreme HP 1,35L MX1100XTPEK<\/p>\n","protected":false},"featured_media":84643,"comment_status":"closed","ping_status":"closed","template":"","meta":[],"product_brand":[],"product_cat":[1162,1161,1160,1297],"product_tag":[],"class_list":{"0":"post-69086","1":"product","2":"type-product","3":"status-publish","4":"has-post-thumbnail","6":"product_cat-blenders-de-bar-et-cuisine","7":"product_cat-blenders-et-mixeurs-plongeants","8":"product_cat-materiel-electrique-et-de-cuisson","9":"product_cat-non-palettisable","10":"product_shipping_class-free-shipping","12":"first","13":"instock","14":"featured","15":"taxable","16":"shipping-taxable","17":"purchasable","18":"product-type-simple"},"_links":{"self":[{"href":"https:\/\/abinox-chr-clim.com\/index.php\/wp-json\/wp\/v2\/product\/69086","targetHints":{"allow":["GET"]}}],"collection":[{"href":"https:\/\/abinox-chr-clim.com\/index.php\/wp-json\/wp\/v2\/product"}],"about":[{"href":"https:\/\/abinox-chr-clim.com\/index.php\/wp-json\/wp\/v2\/types\/product"}],"replies":[{"embeddable":true,"href":"https:\/\/abinox-chr-clim.com\/index.php\/wp-json\/wp\/v2\/comments?post=69086"}],"wp:featuredmedia":[{"embeddable":true,"href":"https:\/\/abinox-chr-clim.com\/index.php\/wp-json\/wp\/v2\/media\/84643"}],"wp:attachment":[{"href":"https:\/\/abinox-chr-clim.com\/index.php\/wp-json\/wp\/v2\/media?parent=69086"}],"wp:term":[{"taxonomy":"product_brand","embeddable":true,"href":"https:\/\/abinox-chr-clim.com\/index.php\/wp-json\/wp\/v2\/product_brand?post=69086"},{"taxonomy":"product_cat","embeddable":true,"href":"https:\/\/abinox-chr-clim.com\/index.php\/wp-json\/wp\/v2\/product_cat?post=69086"},{"taxonomy":"product_tag","embeddable":true,"href":"https:\/\/abinox-chr-clim.com\/index.php\/wp-json\/wp\/v2\/product_tag?post=69086"}],"curies":[{"name":"wp","href":"https:\/\/api.w.org\/{rel}","templated":true}]}}