{"id":69085,"date":"2024-03-22T16:21:44","date_gmt":"2024-03-22T15:21:44","guid":{"rendered":"https:\/\/abinox-chr-clim.com\/index.php\/product\/appareil-a-smoothie-xtreme-hi-power-waring-mx1000xtxee\/"},"modified":"2026-04-14T08:33:10","modified_gmt":"2026-04-14T06:33:10","slug":"appareil-a-smoothie-xtreme-hi-power-waring-mx1000xtxee","status":"publish","type":"product","link":"https:\/\/abinox-chr-clim.com\/index.php\/product\/appareil-a-smoothie-xtreme-hi-power-waring-mx1000xtxee\/","title":{"rendered":"Appareil \u00e0 smoothie Xtreme Hi-Power Waring MX1000XTXEE"},"content":{"rendered":"<p>Pour pr\u00e9parer tr\u00e8s rapidement des smoothies, cocktails de fruits, potages, sauces, desserts, etc. Peut \u00eatre utilis\u00e9 pour broyer de la glace ou des fruits surgel\u00e9s.<br \/>Pichet de 2L en copolyester sans BPA empilable avec poign\u00e9e et bec verseur. 2 vitesses &#8211; lent\/rapide.  Jusqu&rsquo;\u00e0 30000 tr\/mn et fonction pulse. Poign\u00e9e de s\u00e9curit\u00e9 robuste. R\u00e9f\u00e9rence soumise \u00e0 une Eco-participation mobilier de 0.43\u20ac par unit\u00e9 vendue. Conception de base robuste avec pieds antid\u00e9rapants.Conception facile \u00e0 nettoyer. R\u00e9f\u00e9rence soumise \u00e0 une Eco-participation DEEE de 0,32\u20ac par unit\u00e9 vendue. Pichet de 2L en copolyester sans BPA empilable avec poign\u00e9e et bec verseur.<\/p>\n<p>Caract\u00e9ristiques :<br \/> Capacit\u00e9 : 2L.<br \/> Dimensions : 457(H) x 215(L) x 209(P)mm.<br \/> Mati\u00e8re : Co-polyester.<br \/> Vitesse : 2 vitesses : 15000 et 20000 tr\/mn.<br \/> Voltage : 230V.<br \/> Couleur : Noir.<\/p>\n","protected":false},"excerpt":{"rendered":"<div><img decoding=\"async\" src=\"https:\/\/abinox-chr-clim.com\/wp-content\/uploads\/2024\/03\/abinox-garantie-1-an.webp\" width=\"150px\"\/><\/div>\n<p>Appareil \u00e0 smoothie Xtreme Hi-Power Waring MX1000XTXEE<\/p>\n","protected":false},"featured_media":105024,"comment_status":"closed","ping_status":"closed","template":"","meta":[],"product_brand":[],"product_cat":[1162,1161,1160,1297],"product_tag":[],"class_list":{"0":"post-69085","1":"product","2":"type-product","3":"status-publish","4":"has-post-thumbnail","6":"product_cat-blenders-de-bar-et-cuisine","7":"product_cat-blenders-et-mixeurs-plongeants","8":"product_cat-materiel-electrique-et-de-cuisson","9":"product_cat-non-palettisable","10":"product_shipping_class-free-shipping","12":"first","13":"outofstock","14":"featured","15":"taxable","16":"shipping-taxable","17":"purchasable","18":"product-type-simple"},"_links":{"self":[{"href":"https:\/\/abinox-chr-clim.com\/index.php\/wp-json\/wp\/v2\/product\/69085","targetHints":{"allow":["GET"]}}],"collection":[{"href":"https:\/\/abinox-chr-clim.com\/index.php\/wp-json\/wp\/v2\/product"}],"about":[{"href":"https:\/\/abinox-chr-clim.com\/index.php\/wp-json\/wp\/v2\/types\/product"}],"replies":[{"embeddable":true,"href":"https:\/\/abinox-chr-clim.com\/index.php\/wp-json\/wp\/v2\/comments?post=69085"}],"wp:featuredmedia":[{"embeddable":true,"href":"https:\/\/abinox-chr-clim.com\/index.php\/wp-json\/wp\/v2\/media\/105024"}],"wp:attachment":[{"href":"https:\/\/abinox-chr-clim.com\/index.php\/wp-json\/wp\/v2\/media?parent=69085"}],"wp:term":[{"taxonomy":"product_brand","embeddable":true,"href":"https:\/\/abinox-chr-clim.com\/index.php\/wp-json\/wp\/v2\/product_brand?post=69085"},{"taxonomy":"product_cat","embeddable":true,"href":"https:\/\/abinox-chr-clim.com\/index.php\/wp-json\/wp\/v2\/product_cat?post=69085"},{"taxonomy":"product_tag","embeddable":true,"href":"https:\/\/abinox-chr-clim.com\/index.php\/wp-json\/wp\/v2\/product_tag?post=69085"}],"curies":[{"name":"wp","href":"https:\/\/api.w.org\/{rel}","templated":true}]}}