{"id":69080,"date":"2024-03-22T16:21:42","date_gmt":"2024-03-22T15:21:42","guid":{"rendered":"https:\/\/abinox-chr-clim.com\/index.php\/product\/arbre-de-melangeur-waring-stick-36-cm-14\/"},"modified":"2026-04-14T09:22:27","modified_gmt":"2026-04-14T07:22:27","slug":"arbre-de-melangeur-waring-stick-36-cm-14","status":"publish","type":"product","link":"https:\/\/abinox-chr-clim.com\/index.php\/product\/arbre-de-melangeur-waring-stick-36-cm-14\/","title":{"rendered":"Arbre de m\u00e9langeur Waring Stick &#8211; 36 cm 14&Prime;"},"content":{"rendered":"<p>R\u00e9sistant au lave-vaisselle.  R\u00e9f\u00e9rence soumise \u00e0 une Eco-participation mobilier de 0.11\u20ac par unit\u00e9 vendue. R\u00e9sistant au lave-vaisselle. .<br \/> Caract\u00e9ristiques :<br \/> Dimensions : 431(H) x 107(\u00d8) mm.<br \/> Mati\u00e8re : .<br \/> Couleur : Argent.<\/p>\n","protected":false},"excerpt":{"rendered":"<div><img decoding=\"async\" src=\"https:\/\/abinox-chr-clim.com\/wp-content\/uploads\/2024\/03\/abinox-garantie-1-an.webp\" width=\"150px\"\/><\/div>\n<p>Arbre de m\u00e9langeur Waring Stick &#8211; 36 cm 14&Prime;<\/p>\n","protected":false},"featured_media":98616,"comment_status":"closed","ping_status":"closed","template":"","meta":[],"product_brand":[],"product_cat":[1161,1160,1297],"product_tag":[],"class_list":{"0":"post-69080","1":"product","2":"type-product","3":"status-publish","4":"has-post-thumbnail","6":"product_cat-blenders-et-mixeurs-plongeants","7":"product_cat-materiel-electrique-et-de-cuisson","8":"product_cat-non-palettisable","9":"product_shipping_class-free-shipping","11":"first","12":"outofstock","13":"featured","14":"taxable","15":"shipping-taxable","16":"purchasable","17":"product-type-simple"},"_links":{"self":[{"href":"https:\/\/abinox-chr-clim.com\/index.php\/wp-json\/wp\/v2\/product\/69080","targetHints":{"allow":["GET"]}}],"collection":[{"href":"https:\/\/abinox-chr-clim.com\/index.php\/wp-json\/wp\/v2\/product"}],"about":[{"href":"https:\/\/abinox-chr-clim.com\/index.php\/wp-json\/wp\/v2\/types\/product"}],"replies":[{"embeddable":true,"href":"https:\/\/abinox-chr-clim.com\/index.php\/wp-json\/wp\/v2\/comments?post=69080"}],"wp:featuredmedia":[{"embeddable":true,"href":"https:\/\/abinox-chr-clim.com\/index.php\/wp-json\/wp\/v2\/media\/98616"}],"wp:attachment":[{"href":"https:\/\/abinox-chr-clim.com\/index.php\/wp-json\/wp\/v2\/media?parent=69080"}],"wp:term":[{"taxonomy":"product_brand","embeddable":true,"href":"https:\/\/abinox-chr-clim.com\/index.php\/wp-json\/wp\/v2\/product_brand?post=69080"},{"taxonomy":"product_cat","embeddable":true,"href":"https:\/\/abinox-chr-clim.com\/index.php\/wp-json\/wp\/v2\/product_cat?post=69080"},{"taxonomy":"product_tag","embeddable":true,"href":"https:\/\/abinox-chr-clim.com\/index.php\/wp-json\/wp\/v2\/product_tag?post=69080"}],"curies":[{"name":"wp","href":"https:\/\/api.w.org\/{rel}","templated":true}]}}