{"id":69077,"date":"2024-03-22T16:21:41","date_gmt":"2024-03-22T15:21:41","guid":{"rendered":"https:\/\/abinox-chr-clim.com\/index.php\/product\/mixeur-plongeant-rowlett\/"},"modified":"2026-04-14T10:43:18","modified_gmt":"2026-04-14T08:43:18","slug":"mixeur-plongeant-rowlett","status":"publish","type":"product","link":"https:\/\/abinox-chr-clim.com\/index.php\/product\/mixeur-plongeant-rowlett\/","title":{"rendered":"Mixeur plongeant Rowlett"},"content":{"rendered":"<p>Facile \u00e0 utiliser et l\u00e9ger avec une poign\u00e9e ergonomique. Dispose de 2 vitesses avec contr\u00f4le variable en continu. Accessoires hachoir, bol m\u00e9langeur et fouet inclus.<br \/>Design \u00e9l\u00e9gant noir et m\u00e9tal. 2 vitesses avec contr\u00f4le variable en continu &#8211; pr\u00e9paration pr\u00e9cise \u00e0 chaque fois. 3 en 1 &#8211; utilisez le mixeur principal avec le hachoir, le fouet ou le bol m\u00e9langeur &#8211; obtenez des r\u00e9sultats diff\u00e9rents sans appareils s\u00e9par\u00e9s. R\u00e9f\u00e9rence soumise \u00e0 une Eco-participation mobilier de 0.09\u20ac par unit\u00e9 vendue. Moteur puissant de 800 W.  Conception ergonomique de la poign\u00e9e. Design \u00e9l\u00e9gant noir et m\u00e9tal.<\/p>\n<p>Caract\u00e9ristiques :<br \/> Dimensions : 416,2(H) x 55,5(L) x 55,5(P) mm.<br \/> Mati\u00e8re : .<br \/> Voltage : 220-240V.<br \/> Couleur : Noir.<\/p>\n","protected":false},"excerpt":{"rendered":"<div><img decoding=\"async\" src=\"https:\/\/abinox-chr-clim.com\/wp-content\/uploads\/2024\/03\/abinox-garantie-1-an.webp\" width=\"150px\"\/><\/div>\n<p>Mixeur plongeant Rowlett<\/p>\n","protected":false},"featured_media":96981,"comment_status":"closed","ping_status":"closed","template":"","meta":[],"product_brand":[],"product_cat":[1161,1160,1297],"product_tag":[],"class_list":{"0":"post-69077","1":"product","2":"type-product","3":"status-publish","4":"has-post-thumbnail","6":"product_cat-blenders-et-mixeurs-plongeants","7":"product_cat-materiel-electrique-et-de-cuisson","8":"product_cat-non-palettisable","9":"product_shipping_class-free-shipping","11":"first","12":"instock","13":"featured","14":"taxable","15":"shipping-taxable","16":"purchasable","17":"product-type-simple"},"_links":{"self":[{"href":"https:\/\/abinox-chr-clim.com\/index.php\/wp-json\/wp\/v2\/product\/69077","targetHints":{"allow":["GET"]}}],"collection":[{"href":"https:\/\/abinox-chr-clim.com\/index.php\/wp-json\/wp\/v2\/product"}],"about":[{"href":"https:\/\/abinox-chr-clim.com\/index.php\/wp-json\/wp\/v2\/types\/product"}],"replies":[{"embeddable":true,"href":"https:\/\/abinox-chr-clim.com\/index.php\/wp-json\/wp\/v2\/comments?post=69077"}],"wp:featuredmedia":[{"embeddable":true,"href":"https:\/\/abinox-chr-clim.com\/index.php\/wp-json\/wp\/v2\/media\/96981"}],"wp:attachment":[{"href":"https:\/\/abinox-chr-clim.com\/index.php\/wp-json\/wp\/v2\/media?parent=69077"}],"wp:term":[{"taxonomy":"product_brand","embeddable":true,"href":"https:\/\/abinox-chr-clim.com\/index.php\/wp-json\/wp\/v2\/product_brand?post=69077"},{"taxonomy":"product_cat","embeddable":true,"href":"https:\/\/abinox-chr-clim.com\/index.php\/wp-json\/wp\/v2\/product_cat?post=69077"},{"taxonomy":"product_tag","embeddable":true,"href":"https:\/\/abinox-chr-clim.com\/index.php\/wp-json\/wp\/v2\/product_tag?post=69077"}],"curies":[{"name":"wp","href":"https:\/\/api.w.org\/{rel}","templated":true}]}}