{"id":69071,"date":"2024-03-22T16:21:39","date_gmt":"2024-03-22T15:21:39","guid":{"rendered":"https:\/\/abinox-chr-clim.com\/index.php\/product\/mixeur-plongeant-quik-stik-waring-wsb40e\/"},"modified":"2026-03-10T09:34:45","modified_gmt":"2026-03-10T08:34:45","slug":"mixeur-plongeant-quik-stik-waring-wsb40e","status":"publish","type":"product","link":"https:\/\/abinox-chr-clim.com\/index.php\/product\/mixeur-plongeant-quik-stik-waring-wsb40e\/","title":{"rendered":"Mixeur plongeant Quik-Stik Waring WSB40E"},"content":{"rendered":"<p>Appareil efficace \u00e0 usage moyen, con\u00e7u pour une multitude d&rsquo;applications, des m\u00e9langes l\u00e9gers aux pur\u00e9es, pour fouetter et \u00e9mulsionner. L\u00e9ger, ergonomique et compact, il permet une utilisation contr\u00f4l\u00e9e en toute s\u00e9curit\u00e9.<br \/>2 vitesses pour une pr\u00e9cision de m\u00e9lange maximale et un choix de textures. La poign\u00e9e en caoutchouc est confortable en main pour un fonctionnement s\u00fbr et contr\u00f4l\u00e9. La conception l\u00e9g\u00e8re permet une utilisation sans douleur ni inconfort. R\u00e9f\u00e9rence soumise \u00e0 une Eco-participation mobilier de 0.13\u20ac par unit\u00e9 vendue. Le pied fixe garantit une fiabilit\u00e9 d&rsquo;entra\u00eenement maximale pour les cuisines commerciales. Facile \u00e0 nettoyer.La lame en acier inoxydable de qualit\u00e9 sup\u00e9rieure m\u00e9lange sans effort toutes sortes d&rsquo;ingr\u00e9dients. 2 vitesses pour une pr\u00e9cision de m\u00e9lange maximale et un choix de textures.<\/p>\n<p>Caract\u00e9ristiques :<br \/> Capacit\u00e9 : 24 L.<br \/> Dimensions : 569(H) x 127(L) x 140(P) mm.<br \/> Mati\u00e8re : Acier inoxydable, caoutchouc.<br \/> Vitesse : 2 vitesses : 1500 et 17000 tr\/mn.<br \/> Voltage : 230V.<br \/> Couleur : Noir.<\/p>\n","protected":false},"excerpt":{"rendered":"<div><img decoding=\"async\" src=\"https:\/\/abinox-chr-clim.com\/wp-content\/uploads\/2024\/03\/abinox-garantie-1-an.webp\" width=\"150px\"\/><\/div>\n<p>Mixeur plongeant Quik-Stik Waring WSB40E<\/p>\n","protected":false},"featured_media":79730,"comment_status":"closed","ping_status":"closed","template":"","meta":[],"product_brand":[],"product_cat":[1161,1160,1297],"product_tag":[],"class_list":{"0":"post-69071","1":"product","2":"type-product","3":"status-publish","4":"has-post-thumbnail","6":"product_cat-blenders-et-mixeurs-plongeants","7":"product_cat-materiel-electrique-et-de-cuisson","8":"product_cat-non-palettisable","9":"product_shipping_class-free-shipping","11":"first","12":"outofstock","13":"featured","14":"taxable","15":"shipping-taxable","16":"purchasable","17":"product-type-simple"},"_links":{"self":[{"href":"https:\/\/abinox-chr-clim.com\/index.php\/wp-json\/wp\/v2\/product\/69071","targetHints":{"allow":["GET"]}}],"collection":[{"href":"https:\/\/abinox-chr-clim.com\/index.php\/wp-json\/wp\/v2\/product"}],"about":[{"href":"https:\/\/abinox-chr-clim.com\/index.php\/wp-json\/wp\/v2\/types\/product"}],"replies":[{"embeddable":true,"href":"https:\/\/abinox-chr-clim.com\/index.php\/wp-json\/wp\/v2\/comments?post=69071"}],"wp:featuredmedia":[{"embeddable":true,"href":"https:\/\/abinox-chr-clim.com\/index.php\/wp-json\/wp\/v2\/media\/79730"}],"wp:attachment":[{"href":"https:\/\/abinox-chr-clim.com\/index.php\/wp-json\/wp\/v2\/media?parent=69071"}],"wp:term":[{"taxonomy":"product_brand","embeddable":true,"href":"https:\/\/abinox-chr-clim.com\/index.php\/wp-json\/wp\/v2\/product_brand?post=69071"},{"taxonomy":"product_cat","embeddable":true,"href":"https:\/\/abinox-chr-clim.com\/index.php\/wp-json\/wp\/v2\/product_cat?post=69071"},{"taxonomy":"product_tag","embeddable":true,"href":"https:\/\/abinox-chr-clim.com\/index.php\/wp-json\/wp\/v2\/product_tag?post=69071"}],"curies":[{"name":"wp","href":"https:\/\/api.w.org\/{rel}","templated":true}]}}