{"id":69069,"date":"2024-03-22T16:21:39","date_gmt":"2024-03-22T15:21:39","guid":{"rendered":"https:\/\/abinox-chr-clim.com\/index.php\/product\/mixeur-plongeant-sans-fil-kitchenaid-5khbv53\/"},"modified":"2026-04-14T10:45:39","modified_gmt":"2026-04-14T08:45:39","slug":"mixeur-plongeant-sans-fil-kitchenaid-5khbv53","status":"publish","type":"product","link":"https:\/\/abinox-chr-clim.com\/index.php\/product\/mixeur-plongeant-sans-fil-kitchenaid-5khbv53\/","title":{"rendered":"Mixeur plongeant sans fil KitchenAid 5KHBV53"},"content":{"rendered":"<p>Le mixeur plongeant sans fil est compact, avec une construction l\u00e9g\u00e8re, et offre polyvalence et libert\u00e9 de mouvement.<br \/>Bol m\u00e9langeur sans BPA de 700ml avec couvercle. Axe m\u00e9langeur de 20,3 cm amovible avec lame polyvalente en acier inoxydable \u00e0 4 points. Protecteur antirayure amovible. R\u00e9f\u00e9rence soumise \u00e0 une Eco-participation mobilier de 0.07\u20ac par unit\u00e9 vendue. Axe m\u00e9langeur, protecteur antirayure et bol m\u00e9langeur compatibles lave-vaisselle.  Les vitesses variables offrent plus de contr\u00f4le et de flexibilit\u00e9. Bol m\u00e9langeur sans BPA de 700ml avec couvercle.<\/p>\n<p>Caract\u00e9ristiques :<br \/> Dimensions : 414(H) x 91(L) x 64(P) mm.<br \/> Mati\u00e8re : Plastique.<br \/> Couleur : Noir.<\/p>\n","protected":false},"excerpt":{"rendered":"<div><img decoding=\"async\" src=\"https:\/\/abinox-chr-clim.com\/wp-content\/uploads\/2024\/03\/abinox-garantie-1-an.webp\" width=\"150px\"\/><\/div>\n<p>Mixeur plongeant sans fil KitchenAid 5KHBV53<\/p>\n","protected":false},"featured_media":88745,"comment_status":"closed","ping_status":"closed","template":"","meta":[],"product_brand":[],"product_cat":[1160,1297],"product_tag":[],"class_list":{"0":"post-69069","1":"product","2":"type-product","3":"status-publish","4":"has-post-thumbnail","6":"product_cat-materiel-electrique-et-de-cuisson","7":"product_cat-non-palettisable","8":"product_shipping_class-free-shipping","10":"first","11":"instock","12":"featured","13":"taxable","14":"shipping-taxable","15":"purchasable","16":"product-type-simple"},"_links":{"self":[{"href":"https:\/\/abinox-chr-clim.com\/index.php\/wp-json\/wp\/v2\/product\/69069","targetHints":{"allow":["GET"]}}],"collection":[{"href":"https:\/\/abinox-chr-clim.com\/index.php\/wp-json\/wp\/v2\/product"}],"about":[{"href":"https:\/\/abinox-chr-clim.com\/index.php\/wp-json\/wp\/v2\/types\/product"}],"replies":[{"embeddable":true,"href":"https:\/\/abinox-chr-clim.com\/index.php\/wp-json\/wp\/v2\/comments?post=69069"}],"wp:featuredmedia":[{"embeddable":true,"href":"https:\/\/abinox-chr-clim.com\/index.php\/wp-json\/wp\/v2\/media\/88745"}],"wp:attachment":[{"href":"https:\/\/abinox-chr-clim.com\/index.php\/wp-json\/wp\/v2\/media?parent=69069"}],"wp:term":[{"taxonomy":"product_brand","embeddable":true,"href":"https:\/\/abinox-chr-clim.com\/index.php\/wp-json\/wp\/v2\/product_brand?post=69069"},{"taxonomy":"product_cat","embeddable":true,"href":"https:\/\/abinox-chr-clim.com\/index.php\/wp-json\/wp\/v2\/product_cat?post=69069"},{"taxonomy":"product_tag","embeddable":true,"href":"https:\/\/abinox-chr-clim.com\/index.php\/wp-json\/wp\/v2\/product_tag?post=69069"}],"curies":[{"name":"wp","href":"https:\/\/api.w.org\/{rel}","templated":true}]}}