{"id":69068,"date":"2024-03-22T16:21:38","date_gmt":"2024-03-22T15:21:38","guid":{"rendered":"https:\/\/abinox-chr-clim.com\/index.php\/product\/mini-hachoir-kitchenaid-classic-5kfc3516bwh-830ml\/"},"modified":"2025-06-17T11:28:43","modified_gmt":"2025-06-17T09:28:43","slug":"mini-hachoir-kitchenaid-classic-5kfc3516bwh-830ml","status":"publish","type":"product","link":"https:\/\/abinox-chr-clim.com\/index.php\/product\/mini-hachoir-kitchenaid-classic-5kfc3516bwh-830ml\/","title":{"rendered":"Mini-hachoir KitchenAid Classic 5KFC3516BWH 830ml"},"content":{"rendered":"<p>Robot compact et l\u00e9ger, id\u00e9al pour hacher rapidement des ingr\u00e9dients, pr\u00e9parer des vinaigrettes, des sauces, etc. Verseur int\u00e9gr\u00e9 dans le couvercle pour ajouter la bonne quantit\u00e9 d&rsquo;huile ou de liquide pendant la pr\u00e9paration.<br \/>Fonctionnement simple gr\u00e2ce aux deux options de vitesse (hachoir ou pur\u00e9e). Deux vitesses et bouton Impulsion\/Marche pour un contr\u00f4le pr\u00e9cis. Bol sans BPA de 830 ml avec bec verseur et poign\u00e9e. R\u00e9f\u00e9rence soumise \u00e0 une Eco-participation mobilier de 0.1\u20ac par unit\u00e9 vendue. Verseur int\u00e9gr\u00e9 dans le couvercle pour ajouter la bonne quantit\u00e9 d&rsquo;huile ou de liquide pendant la pr\u00e9paration.  Lames en acier inoxydable. Fonctionnement simple gr\u00e2ce aux deux options de vitesse (hachoir ou pur\u00e9e).<\/p>\n<p>Caract\u00e9ristiques :<br \/> Dimensions : 222(H) x 178(L) x 143(P)mm.<br \/> Mati\u00e8re : Plastique.<br \/> Couleur : Blanc.<\/p>\n","protected":false},"excerpt":{"rendered":"<div><img decoding=\"async\" src=\"https:\/\/abinox-chr-clim.com\/wp-content\/uploads\/2024\/03\/abinox-garantie-1-an.webp\" width=\"150px\"\/><\/div>\n<p>Mini-hachoir KitchenAid Classic 5KFC3516BWH 830ml<\/p>\n","protected":false},"featured_media":88757,"comment_status":"closed","ping_status":"closed","template":"","meta":[],"product_brand":[],"product_cat":[1160,1297],"product_tag":[],"class_list":{"0":"post-69068","1":"product","2":"type-product","3":"status-publish","4":"has-post-thumbnail","6":"product_cat-materiel-electrique-et-de-cuisson","7":"product_cat-non-palettisable","8":"product_shipping_class-free-shipping","10":"first","11":"outofstock","12":"featured","13":"taxable","14":"shipping-taxable","15":"purchasable","16":"product-type-simple"},"_links":{"self":[{"href":"https:\/\/abinox-chr-clim.com\/index.php\/wp-json\/wp\/v2\/product\/69068","targetHints":{"allow":["GET"]}}],"collection":[{"href":"https:\/\/abinox-chr-clim.com\/index.php\/wp-json\/wp\/v2\/product"}],"about":[{"href":"https:\/\/abinox-chr-clim.com\/index.php\/wp-json\/wp\/v2\/types\/product"}],"replies":[{"embeddable":true,"href":"https:\/\/abinox-chr-clim.com\/index.php\/wp-json\/wp\/v2\/comments?post=69068"}],"wp:featuredmedia":[{"embeddable":true,"href":"https:\/\/abinox-chr-clim.com\/index.php\/wp-json\/wp\/v2\/media\/88757"}],"wp:attachment":[{"href":"https:\/\/abinox-chr-clim.com\/index.php\/wp-json\/wp\/v2\/media?parent=69068"}],"wp:term":[{"taxonomy":"product_brand","embeddable":true,"href":"https:\/\/abinox-chr-clim.com\/index.php\/wp-json\/wp\/v2\/product_brand?post=69068"},{"taxonomy":"product_cat","embeddable":true,"href":"https:\/\/abinox-chr-clim.com\/index.php\/wp-json\/wp\/v2\/product_cat?post=69068"},{"taxonomy":"product_tag","embeddable":true,"href":"https:\/\/abinox-chr-clim.com\/index.php\/wp-json\/wp\/v2\/product_tag?post=69068"}],"curies":[{"name":"wp","href":"https:\/\/api.w.org\/{rel}","templated":true}]}}