{"id":69067,"date":"2024-03-22T16:21:38","date_gmt":"2024-03-22T15:21:38","guid":{"rendered":"https:\/\/abinox-chr-clim.com\/index.php\/product\/robot-multifonction-kitchenaid-classic-31-l-5kfp1318bwh\/"},"modified":"2025-06-17T11:28:42","modified_gmt":"2025-06-17T09:28:42","slug":"robot-multifonction-kitchenaid-classic-31-l-5kfp1318bwh","status":"publish","type":"product","link":"https:\/\/abinox-chr-clim.com\/index.php\/product\/robot-multifonction-kitchenaid-classic-31-l-5kfp1318bwh\/","title":{"rendered":"Robot multifonction KitchenAid Classic 3,1 L 5KFP1318BWH"},"content":{"rendered":"<p>Puissant robot culinaire grande capacit\u00e9 de 3,1 litres, con\u00e7u pour vous aider \u00e0 acc\u00e9l\u00e9rer la pr\u00e9paration de vos aliments. Permet de hacher, r\u00e2per, trancher avec pr\u00e9cision, p\u00e9trir, mixer et r\u00e9duire en pur\u00e9e. Accessoires lavables au lave-vaisselle.<br \/>Moteur puissant et accessoires durables pour facilement hacher, r\u00e2per, trancher avec pr\u00e9cision, p\u00e9trir, mixer et r\u00e9duire en pur\u00e9e. Commandes LED \u00e9clair\u00e9es 3 vitesses faciles \u00e0 appuyer (haute, basse et Pulse). Coffret de rangement tout-en-un. R\u00e9f\u00e9rence soumise \u00e0 une Eco-participation mobilier de 0.31\u20ac par unit\u00e9 vendue. Bol, couvercle, lames, disques, lames et accessoires lavables au lave-vaisselle. Disque \u00e0 r\u00e2per r\u00e9versible fin et moyen pour r\u00e2per le fromage, les l\u00e9gumes et plus encore.Syst\u00e8me \u00e0 trancher r\u00e9glable ExactSlice. Moteur puissant et accessoires durables pour facilement hacher, r\u00e2per, trancher avec pr\u00e9cision, p\u00e9trir, mixer et r\u00e9duire en pur\u00e9e.<\/p>\n<p>Caract\u00e9ristiques :<br \/> Dimensions : 443(H) x 222(L) x 222(P)mm.<br \/> Mati\u00e8re : Plastique.<br \/> Couleur : Blanc.<\/p>\n","protected":false},"excerpt":{"rendered":"<div><img decoding=\"async\" src=\"https:\/\/abinox-chr-clim.com\/wp-content\/uploads\/2024\/03\/abinox-garantie-1-an.webp\" width=\"150px\"\/><\/div>\n<p>Robot multifonction KitchenAid Classic 3,1 L 5KFP1318BWH<\/p>\n","protected":false},"featured_media":88763,"comment_status":"closed","ping_status":"closed","template":"","meta":[],"product_brand":[],"product_cat":[1160,1297],"product_tag":[],"class_list":{"0":"post-69067","1":"product","2":"type-product","3":"status-publish","4":"has-post-thumbnail","6":"product_cat-materiel-electrique-et-de-cuisson","7":"product_cat-non-palettisable","8":"product_shipping_class-free-shipping","10":"first","11":"outofstock","12":"featured","13":"taxable","14":"shipping-taxable","15":"purchasable","16":"product-type-simple"},"_links":{"self":[{"href":"https:\/\/abinox-chr-clim.com\/index.php\/wp-json\/wp\/v2\/product\/69067","targetHints":{"allow":["GET"]}}],"collection":[{"href":"https:\/\/abinox-chr-clim.com\/index.php\/wp-json\/wp\/v2\/product"}],"about":[{"href":"https:\/\/abinox-chr-clim.com\/index.php\/wp-json\/wp\/v2\/types\/product"}],"replies":[{"embeddable":true,"href":"https:\/\/abinox-chr-clim.com\/index.php\/wp-json\/wp\/v2\/comments?post=69067"}],"wp:featuredmedia":[{"embeddable":true,"href":"https:\/\/abinox-chr-clim.com\/index.php\/wp-json\/wp\/v2\/media\/88763"}],"wp:attachment":[{"href":"https:\/\/abinox-chr-clim.com\/index.php\/wp-json\/wp\/v2\/media?parent=69067"}],"wp:term":[{"taxonomy":"product_brand","embeddable":true,"href":"https:\/\/abinox-chr-clim.com\/index.php\/wp-json\/wp\/v2\/product_brand?post=69067"},{"taxonomy":"product_cat","embeddable":true,"href":"https:\/\/abinox-chr-clim.com\/index.php\/wp-json\/wp\/v2\/product_cat?post=69067"},{"taxonomy":"product_tag","embeddable":true,"href":"https:\/\/abinox-chr-clim.com\/index.php\/wp-json\/wp\/v2\/product_tag?post=69067"}],"curies":[{"name":"wp","href":"https:\/\/api.w.org\/{rel}","templated":true}]}}