{"id":69014,"date":"2024-03-22T16:19:12","date_gmt":"2024-03-22T15:19:12","guid":{"rendered":"https:\/\/abinox-chr-clim.com\/index.php\/product\/table-refrigeree-positive-3-portes-vitrees-polar-serie-u\/"},"modified":"2026-04-02T10:01:56","modified_gmt":"2026-04-02T08:01:56","slug":"table-refrigeree-positive-3-portes-vitrees-polar-serie-u","status":"publish","type":"product","link":"https:\/\/abinox-chr-clim.com\/index.php\/product\/table-refrigeree-positive-3-portes-vitrees-polar-serie-u\/","title":{"rendered":"Table r\u00e9frig\u00e9r\u00e9e positive 3 portes vitr\u00e9es Polar S\u00e9rie U"},"content":{"rendered":"<p>Table r\u00e9frig\u00e9r\u00e9e avec un compartiment de r\u00e9frig\u00e9ration ventil\u00e9 faisant circuler l&rsquo;air pour un refroidissement efficace. \u00c9quip\u00e9 d&rsquo;un thermostat \u00e9lectronique et d&rsquo;un contr\u00f4le de temp\u00e9rature LED pour une utilisation facile, ainsi que d&rsquo;un \u00e9clairage int\u00e9rieur LED pour la pr\u00e9sentation.<br \/>Trois \u00e9tag\u00e8res r\u00e9glables robustes am\u00e9liorent la flexibilit\u00e9 de stockage. Le puissant refroidissement \u00e0 air forc\u00e9 assure une r\u00e9cup\u00e9ration rapide de la temp\u00e9rature, m\u00eame dans les cuisines \u00e0 forte activit\u00e9. Les trois portes en verre \u00e0 fermeture automatique am\u00e9liorent la visibilit\u00e9 du produit et l&rsquo;efficacit\u00e9 \u00e9nerg\u00e9tique. R\u00e9f\u00e9rence soumise \u00e0 une Eco-participation mobilier de 16.46\u20ac par unit\u00e9 vendue. Le d\u00e9givrage automatique optimise l&rsquo;efficacit\u00e9 et les performances. Contr\u00f4les et affichage de temp\u00e9rature num\u00e9riques pr\u00e9cis et conviviaux. L&rsquo;isolation de 40 mm am\u00e9liore consid\u00e9rablement l&rsquo;efficacit\u00e9 \u00e9nerg\u00e9tique. Des roulettes avec frein solides et robustes facilitent l&rsquo;installation et le positionnement. Construction en acier inoxydable facile \u00e0 nettoyer et qui fait gagner du temps &#8211; Inox 430. Attention : si le serpentin du condenseur n&rsquo;est pas nettoy\u00e9 au moins 4 fois par an, l&rsquo;efficacit\u00e9 de l&rsquo;appareil diminuera consid\u00e9rablement. Afin de r\u00e9duire les d\u00e9chets alimentaires dus \u00e0 la d\u00e9composition ou \u00e0 la d\u00e9shydratation, cet appareil doit \u00eatre utilis\u00e9 dans sa plage de fonctionnement d\u00e9sign\u00e9e. Temp\u00e9rature optimale de conservation des aliments : 6\u00b0C. L&rsquo;\u00e9clairage LED \u00e9conome en \u00e9nergie r\u00e9duit encore les co\u00fbts de fonctionnement. Trois \u00e9tag\u00e8res r\u00e9glables robustes am\u00e9liorent la flexibilit\u00e9 de stockage.<\/p>\n<p>Caract\u00e9ristiques :<br \/> Capacit\u00e9 : 358 L.<br \/> Dimensions : 860(H) x 1795(L) x 700(P) mm.<br \/> Mati\u00e8re : Inox.<br \/> Fr\u00e9on : R600a.<br \/> Temp\u00e9rature : -1 \u00b0C \u00e0 8 \u00b0C.<br \/> Voltage : 230V.<br \/> Couleur : Argent.<br \/> Temp\u00e9rature ambiante : 43 \u00b0C.<br \/> Classe climatique : 5.<br \/> Classe \u00e9nerg\u00e9tique : C.<br \/> Bac GN : GN 1\/1XY.<\/p>\n","protected":false},"excerpt":{"rendered":"<div><img decoding=\"async\" src=\"https:\/\/abinox-chr-clim.com\/wp-content\/uploads\/2024\/03\/abinox-garantie.webp\" width=\"400px\"\/><\/div>\n<p>Table r\u00e9frig\u00e9r\u00e9e positive 3 portes vitr\u00e9es Polar S\u00e9rie U<\/p>\n","protected":false},"featured_media":99073,"comment_status":"closed","ping_status":"closed","template":"","meta":[],"product_brand":[],"product_cat":[1249,1296,1255],"product_tag":[],"class_list":{"0":"post-69014","1":"product","2":"type-product","3":"status-publish","4":"has-post-thumbnail","6":"product_cat-froid","7":"product_cat-palettisable","8":"product_cat-tables-refrigerees","10":"first","11":"outofstock","12":"featured","13":"taxable","14":"shipping-taxable","15":"purchasable","16":"product-type-simple"},"_links":{"self":[{"href":"https:\/\/abinox-chr-clim.com\/index.php\/wp-json\/wp\/v2\/product\/69014","targetHints":{"allow":["GET"]}}],"collection":[{"href":"https:\/\/abinox-chr-clim.com\/index.php\/wp-json\/wp\/v2\/product"}],"about":[{"href":"https:\/\/abinox-chr-clim.com\/index.php\/wp-json\/wp\/v2\/types\/product"}],"replies":[{"embeddable":true,"href":"https:\/\/abinox-chr-clim.com\/index.php\/wp-json\/wp\/v2\/comments?post=69014"}],"wp:featuredmedia":[{"embeddable":true,"href":"https:\/\/abinox-chr-clim.com\/index.php\/wp-json\/wp\/v2\/media\/99073"}],"wp:attachment":[{"href":"https:\/\/abinox-chr-clim.com\/index.php\/wp-json\/wp\/v2\/media?parent=69014"}],"wp:term":[{"taxonomy":"product_brand","embeddable":true,"href":"https:\/\/abinox-chr-clim.com\/index.php\/wp-json\/wp\/v2\/product_brand?post=69014"},{"taxonomy":"product_cat","embeddable":true,"href":"https:\/\/abinox-chr-clim.com\/index.php\/wp-json\/wp\/v2\/product_cat?post=69014"},{"taxonomy":"product_tag","embeddable":true,"href":"https:\/\/abinox-chr-clim.com\/index.php\/wp-json\/wp\/v2\/product_tag?post=69014"}],"curies":[{"name":"wp","href":"https:\/\/api.w.org\/{rel}","templated":true}]}}