{"id":69012,"date":"2024-03-22T16:19:11","date_gmt":"2024-03-22T15:19:11","guid":{"rendered":"https:\/\/abinox-chr-clim.com\/index.php\/product\/table-refrigeree-positive-2-portes-4-tiroirs-polar-serie-u-476l\/"},"modified":"2026-04-02T10:03:41","modified_gmt":"2026-04-02T08:03:41","slug":"table-refrigeree-positive-2-portes-4-tiroirs-polar-serie-u-476l","status":"publish","type":"product","link":"https:\/\/abinox-chr-clim.com\/index.php\/product\/table-refrigeree-positive-2-portes-4-tiroirs-polar-serie-u-476l\/","title":{"rendered":"Table r\u00e9frig\u00e9r\u00e9e positive 2 portes 4 tiroirs Polar S\u00e9rie U 476L"},"content":{"rendered":"<p>Unit\u00e9 r\u00e9frig\u00e9r\u00e9e fiable et polyvalente grande capacit\u00e9. Table en acier inoxydable robuste avec quatre tiroirs compatibles GN. UA020 : mod\u00e8le 1 porte, UA021 : mod\u00e8le 2 portes.<br \/>Construction en acier inoxydable facile \u00e0 nettoyer et gain de temps. Le puissant syst\u00e8me de refroidissement \u00e0 air forc\u00e9 permet une r\u00e9cup\u00e9ration rapide de la temp\u00e9rature. 2 \u00e9tag\u00e8res r\u00e9glables robustes maximisent la flexibilit\u00e9 de stockage. R\u00e9f\u00e9rence soumise \u00e0 une Eco-participation mobilier de 21.04\u20ac par unit\u00e9 vendue. Les portes \u00e0 fermeture automatique am\u00e9liorent l&rsquo;efficacit\u00e9 pour r\u00e9duire davantage les co\u00fbts de fonctionnement. Contr\u00f4leur num\u00e9rique intuitif et affichage num\u00e9rique toujours allum\u00e9. \u00c9paisseur d&rsquo;isolation : 50 mm &#8211; assure un refroidissement efficace dans les environnements professionnels.Le syst\u00e8me de d\u00e9givrage automatique simple assure une efficacit\u00e9 et des performances optimales. Construction en acier inoxydable facile \u00e0 nettoyer et gain de temps.<\/p>\n<p>Caract\u00e9ristiques :<br \/> Capacit\u00e9 : 476 L.<br \/> Dimensions : 860(H) x 2230(L) x 700(P) mm.<br \/> Mati\u00e8re : Inox.<br \/> Fr\u00e9on : R600a.<br \/> Temp\u00e9rature : -2 \u00b0C \u00e0 8 \u00b0C.<br \/> Voltage : 230V.<br \/> Couleur : Argent.<br \/> Temp\u00e9rature ambiante : 43 \u00b0C.<br \/> Classe climatique : 5.<br \/> Classe \u00e9nerg\u00e9tique : C.<\/p>\n","protected":false},"excerpt":{"rendered":"<div><img decoding=\"async\" src=\"https:\/\/abinox-chr-clim.com\/wp-content\/uploads\/2024\/03\/abinox-garantie.webp\" width=\"400px\"\/><\/div>\n<p>Table r\u00e9frig\u00e9r\u00e9e positive 2 portes 4 tiroirs Polar S\u00e9rie U 476L<\/p>\n","protected":false},"featured_media":99056,"comment_status":"closed","ping_status":"closed","template":"","meta":[],"product_brand":[],"product_cat":[1249,1296,1255],"product_tag":[],"class_list":{"0":"post-69012","1":"product","2":"type-product","3":"status-publish","4":"has-post-thumbnail","6":"product_cat-froid","7":"product_cat-palettisable","8":"product_cat-tables-refrigerees","10":"first","11":"instock","12":"featured","13":"taxable","14":"shipping-taxable","15":"purchasable","16":"product-type-simple"},"_links":{"self":[{"href":"https:\/\/abinox-chr-clim.com\/index.php\/wp-json\/wp\/v2\/product\/69012","targetHints":{"allow":["GET"]}}],"collection":[{"href":"https:\/\/abinox-chr-clim.com\/index.php\/wp-json\/wp\/v2\/product"}],"about":[{"href":"https:\/\/abinox-chr-clim.com\/index.php\/wp-json\/wp\/v2\/types\/product"}],"replies":[{"embeddable":true,"href":"https:\/\/abinox-chr-clim.com\/index.php\/wp-json\/wp\/v2\/comments?post=69012"}],"wp:featuredmedia":[{"embeddable":true,"href":"https:\/\/abinox-chr-clim.com\/index.php\/wp-json\/wp\/v2\/media\/99056"}],"wp:attachment":[{"href":"https:\/\/abinox-chr-clim.com\/index.php\/wp-json\/wp\/v2\/media?parent=69012"}],"wp:term":[{"taxonomy":"product_brand","embeddable":true,"href":"https:\/\/abinox-chr-clim.com\/index.php\/wp-json\/wp\/v2\/product_brand?post=69012"},{"taxonomy":"product_cat","embeddable":true,"href":"https:\/\/abinox-chr-clim.com\/index.php\/wp-json\/wp\/v2\/product_cat?post=69012"},{"taxonomy":"product_tag","embeddable":true,"href":"https:\/\/abinox-chr-clim.com\/index.php\/wp-json\/wp\/v2\/product_tag?post=69012"}],"curies":[{"name":"wp","href":"https:\/\/api.w.org\/{rel}","templated":true}]}}