{"id":69009,"date":"2024-03-22T16:19:10","date_gmt":"2024-03-22T15:19:10","guid":{"rendered":"https:\/\/abinox-chr-clim.com\/index.php\/product\/comptoir-a-salade-gn-avec-pare-haleine-carre-polar-serie-u-3-portes\/"},"modified":"2026-04-02T09:57:39","modified_gmt":"2026-04-02T07:57:39","slug":"comptoir-a-salade-gn-avec-pare-haleine-carre-polar-serie-u-3-portes","status":"publish","type":"product","link":"https:\/\/abinox-chr-clim.com\/index.php\/product\/comptoir-a-salade-gn-avec-pare-haleine-carre-polar-serie-u-3-portes\/","title":{"rendered":"Comptoir \u00e0 salade GN avec pare-haleine carr\u00e9 Polar S\u00e9rie U 3 portes"},"content":{"rendered":"<p>Comptoir de pr\u00e9paration et de stockage flexible avec refroidissement \u00e0 air puls\u00e9 puissant et pare-haleine en verre.<br \/>Grande capacit\u00e9 int\u00e9rieure de 358 litres &#8211; gardez la plupart des ingr\u00e9dients accessibles \u00e0 proximit\u00e9. Construction en acier inoxydable facile \u00e0 nettoyer. Le puissant refroidissement assist\u00e9 par ventilateur garde le contenu au frais. R\u00e9f\u00e9rence soumise \u00e0 une Eco-participation mobilier de 1.09\u20ac par unit\u00e9 vendue. Contr\u00f4les et affichage de temp\u00e9rature num\u00e9riques pr\u00e9cis et conviviaux. L&rsquo;isolation de 50 mm am\u00e9liore l&rsquo;efficacit\u00e9 \u00e9nerg\u00e9tique et r\u00e9duit les co\u00fbts de fonctionnement. 1 \u00e9tag\u00e8re r\u00e9glable par porte pour une flexibilit\u00e9 de stockage maximale. Le pare-haleine en verre aide \u00e0 promouvoir une bonne hygi\u00e8ne alimentaire. Planche \u00e0 d\u00e9couper en PE &#8211; pr\u00e9parer et servir au m\u00eame endroit. Facile \u00e0 positionner pour le nettoyage ou l&rsquo;entretien &#8211; mont\u00e9 sur roulettes. Le d\u00e9givrage automatique maximise l&rsquo;efficacit\u00e9 et les performances de refroidissement. Grande capacit\u00e9 int\u00e9rieure de 358 litres &#8211; gardez la plupart des ingr\u00e9dients accessibles \u00e0 proximit\u00e9.<\/p>\n<p>Caract\u00e9ristiques :<br \/> Capacit\u00e9 : 456 L.<br \/> Dimensions : 1360(H) x 1795(L) x 700(P) mm.<br \/> Mati\u00e8re : Inox.<br \/> Fr\u00e9on : R600a.<br \/> Temp\u00e9rature : -2 \u00b0C \u00e0 8 \u00b0C.<br \/> Voltage : 230V.<br \/> Couleur : Argent.<br \/> Temp\u00e9rature ambiante : 32 \u00b0C.<br \/> Classe climatique : 4.<br \/> Bac GN : GN 1\/1XY.<\/p>\n","protected":false},"excerpt":{"rendered":"<div><img decoding=\"async\" src=\"https:\/\/abinox-chr-clim.com\/wp-content\/uploads\/2024\/03\/abinox-garantie.webp\" width=\"400px\"\/><\/div>\n<p>Comptoir \u00e0 salade GN avec pare-haleine carr\u00e9 Polar S\u00e9rie U 3 portes<\/p>\n","protected":false},"featured_media":99023,"comment_status":"closed","ping_status":"closed","template":"","meta":[],"product_brand":[],"product_cat":[1249,1296,1255],"product_tag":[],"class_list":{"0":"post-69009","1":"product","2":"type-product","3":"status-publish","4":"has-post-thumbnail","6":"product_cat-froid","7":"product_cat-palettisable","8":"product_cat-tables-refrigerees","10":"first","11":"instock","12":"featured","13":"taxable","14":"shipping-taxable","15":"purchasable","16":"product-type-simple"},"_links":{"self":[{"href":"https:\/\/abinox-chr-clim.com\/index.php\/wp-json\/wp\/v2\/product\/69009","targetHints":{"allow":["GET"]}}],"collection":[{"href":"https:\/\/abinox-chr-clim.com\/index.php\/wp-json\/wp\/v2\/product"}],"about":[{"href":"https:\/\/abinox-chr-clim.com\/index.php\/wp-json\/wp\/v2\/types\/product"}],"replies":[{"embeddable":true,"href":"https:\/\/abinox-chr-clim.com\/index.php\/wp-json\/wp\/v2\/comments?post=69009"}],"wp:featuredmedia":[{"embeddable":true,"href":"https:\/\/abinox-chr-clim.com\/index.php\/wp-json\/wp\/v2\/media\/99023"}],"wp:attachment":[{"href":"https:\/\/abinox-chr-clim.com\/index.php\/wp-json\/wp\/v2\/media?parent=69009"}],"wp:term":[{"taxonomy":"product_brand","embeddable":true,"href":"https:\/\/abinox-chr-clim.com\/index.php\/wp-json\/wp\/v2\/product_brand?post=69009"},{"taxonomy":"product_cat","embeddable":true,"href":"https:\/\/abinox-chr-clim.com\/index.php\/wp-json\/wp\/v2\/product_cat?post=69009"},{"taxonomy":"product_tag","embeddable":true,"href":"https:\/\/abinox-chr-clim.com\/index.php\/wp-json\/wp\/v2\/product_tag?post=69009"}],"curies":[{"name":"wp","href":"https:\/\/api.w.org\/{rel}","templated":true}]}}