{"id":69004,"date":"2024-03-22T16:19:08","date_gmt":"2024-03-22T15:19:08","guid":{"rendered":"https:\/\/abinox-chr-clim.com\/index.php\/product\/table-refrigeree-positive-2-portes-polar-serie-u-premium-267l\/"},"modified":"2026-04-02T09:58:37","modified_gmt":"2026-04-02T07:58:37","slug":"table-refrigeree-positive-2-portes-polar-serie-u-premium-267l","status":"publish","type":"product","link":"https:\/\/abinox-chr-clim.com\/index.php\/product\/table-refrigeree-positive-2-portes-polar-serie-u-premium-267l\/","title":{"rendered":"Table r\u00e9frig\u00e9r\u00e9e positive 2 portes Polar Serie U Premium 267L"},"content":{"rendered":"<p>Des unit\u00e9s premium robustes pour les environnements les plus exigeants. Les mod\u00e8les positifs sont dot\u00e9s de contr\u00f4leurs intelligents qui peuvent basculer entre la viande (-2\u00b0C \u00e0 +2\u00b0C), le poisson (-1\u00b0C \u00e0 +1\u00b0C) et le stockage g\u00e9n\u00e9ral (+1\u00b0C \u00e0 +4\u00b0C) \u00e0 l&rsquo;aide d&rsquo;un simple bouton. L&rsquo;\u00e9clairage int\u00e9rieur LED \u00e0 faible consommation d&rsquo;\u00e9nergie facilite la recherche de produits, tandis que le d\u00e9tendeur \u00e9lectronique brevet\u00e9 permet un refroidissement et des temps de r\u00e9cup\u00e9ration plus rapides. Les supports d&rsquo;\u00e9tag\u00e8res anti-basculement en forme de E permettent d&rsquo;utiliser les \u00e9tag\u00e8res pour les produits, tandis que les bacs GN peuvent \u00eatre positionn\u00e9s en dessous pour garantir que tout l&rsquo;espace disponible soit pleinement utilis\u00e9.<br \/>Porte verrouillable avec poign\u00e9e int\u00e9gr\u00e9e. Conception monobloc pour un entretien facile. R\u00e9gulateur intelligent. Basculez entre la viande, le poisson et le stockage g\u00e9n\u00e9ral d&rsquo;une simple pression sur un bouton. R\u00e9f\u00e9rence soumise \u00e0 une Eco-participation mobilier de 14.79\u20ac par unit\u00e9 vendue. D\u00e9givrage automatique au gaz chaud. D\u00e9tendeur \u00e9lectronique pour un refroidissement et une r\u00e9cup\u00e9ration plus rapides. L&rsquo;\u00e9clairage LED vous permet de trouver facilement les produits. Support d&rsquo;\u00e9tag\u00e8re en forme de E anti-basculement, pouvant maintenir l&rsquo;\u00e9tag\u00e8re et le bac GN ensemble pour maximiser l&rsquo;espace. Roulettes verrouillables et r\u00e9sistantes. Compatibilit\u00e9 GN 1\/1. Refroidissement par air forc\u00e9. Condenseur autonettoyant. Porte verrouillable avec poign\u00e9e int\u00e9gr\u00e9e.<\/p>\n<p>Caract\u00e9ristiques :<br \/> Capacit\u00e9 : 267 L.<br \/> Dimensions : 850(H) x 1420(L) x 660(P) mm.<br \/> Mati\u00e8re : .<br \/> Isolation : 7,5 cm.<br \/> Fr\u00e9on : R290 \/ 68g.<br \/> Temp\u00e9rature : -2 \u00b0C \u00e0 4 \u00b0C.<br \/> Voltage : 220-240V.<br \/> Couleur : Acier inoxydable.<br \/> Temp\u00e9rature ambiante : 43 \u00b0C.<br \/> Classe climatique : 5.<br \/> Classe \u00e9nerg\u00e9tique : B.<\/p>\n","protected":false},"excerpt":{"rendered":"<div><img decoding=\"async\" src=\"https:\/\/abinox-chr-clim.com\/wp-content\/uploads\/2024\/03\/abinox-garantie.webp\" width=\"400px\"\/><\/div>\n<p>Table r\u00e9frig\u00e9r\u00e9e positive 2 portes Polar Serie U Premium 267L<\/p>\n","protected":false},"featured_media":98945,"comment_status":"closed","ping_status":"closed","template":"","meta":[],"product_brand":[],"product_cat":[1249,1296,1255],"product_tag":[],"class_list":{"0":"post-69004","1":"product","2":"type-product","3":"status-publish","4":"has-post-thumbnail","6":"product_cat-froid","7":"product_cat-palettisable","8":"product_cat-tables-refrigerees","10":"first","11":"instock","12":"featured","13":"taxable","14":"shipping-taxable","15":"purchasable","16":"product-type-simple"},"_links":{"self":[{"href":"https:\/\/abinox-chr-clim.com\/index.php\/wp-json\/wp\/v2\/product\/69004","targetHints":{"allow":["GET"]}}],"collection":[{"href":"https:\/\/abinox-chr-clim.com\/index.php\/wp-json\/wp\/v2\/product"}],"about":[{"href":"https:\/\/abinox-chr-clim.com\/index.php\/wp-json\/wp\/v2\/types\/product"}],"replies":[{"embeddable":true,"href":"https:\/\/abinox-chr-clim.com\/index.php\/wp-json\/wp\/v2\/comments?post=69004"}],"wp:featuredmedia":[{"embeddable":true,"href":"https:\/\/abinox-chr-clim.com\/index.php\/wp-json\/wp\/v2\/media\/98945"}],"wp:attachment":[{"href":"https:\/\/abinox-chr-clim.com\/index.php\/wp-json\/wp\/v2\/media?parent=69004"}],"wp:term":[{"taxonomy":"product_brand","embeddable":true,"href":"https:\/\/abinox-chr-clim.com\/index.php\/wp-json\/wp\/v2\/product_brand?post=69004"},{"taxonomy":"product_cat","embeddable":true,"href":"https:\/\/abinox-chr-clim.com\/index.php\/wp-json\/wp\/v2\/product_cat?post=69004"},{"taxonomy":"product_tag","embeddable":true,"href":"https:\/\/abinox-chr-clim.com\/index.php\/wp-json\/wp\/v2\/product_tag?post=69004"}],"curies":[{"name":"wp","href":"https:\/\/api.w.org\/{rel}","templated":true}]}}