{"id":69001,"date":"2024-03-22T16:19:07","date_gmt":"2024-03-22T15:19:07","guid":{"rendered":"https:\/\/abinox-chr-clim.com\/index.php\/product\/table-refrigeree-positive-compacte-2-portes-240l-polar-serie-g\/"},"modified":"2026-04-02T09:07:06","modified_gmt":"2026-04-02T07:07:06","slug":"table-refrigeree-positive-compacte-2-portes-240l-polar-serie-g","status":"publish","type":"product","link":"https:\/\/abinox-chr-clim.com\/index.php\/product\/table-refrigeree-positive-compacte-2-portes-240l-polar-serie-g\/","title":{"rendered":"Table r\u00e9frig\u00e9r\u00e9e positive compacte 2 portes 240L Polar S\u00e9rie G"},"content":{"rendered":"<p>R\u00e9frig\u00e9rateur avec plan de travail tout inox. Peut contenir jusqu&rsquo;\u00e0 6 bacs GN 1\/1 profondeur 100mm. Compresseur\/condenseur gain de place situ\u00e9 dans la partie inf\u00e9rieure. Commande enti\u00e8rement automatique avec affichage num\u00e9rique constant. D\u00e9givrage semi-automatique avec intervalle de temps. Sans CFC.<br \/>Int\u00e9rieur format gastronorme GN 1\/1.Fourni avec 2 \u00e9tag\u00e8res r\u00e9glables et 2 protections pour le sol.Indicateur digital de temp\u00e9rature et commande facilement accessible.R\u00e9f\u00e9rence soumise \u00e0 une Eco-participation mobilier de 9.05\u20ac par unit\u00e9 vendue. Bloc moteur situ\u00e9 sous l&rsquo;appareil pour un gain de place maximum. Surface facile \u00e0 nettoyer.D\u00e9givrage semi-automatique avec intervalle de temps.Froid assist\u00e9 par ventilateur. Affichage de la temp\u00e9rature en continu.R\u00e9f\u00e9rence soumise \u00e0 une Eco-participation DEEE de 5,27\u20ac par unit\u00e9 vendue. Int\u00e9rieur format gastronorme GN 1\/1. .<br \/> Caract\u00e9ristiques :<br \/> Capacit\u00e9 : 240 L.<br \/> Dimensions : 880(H) x 900(L) x 700(P) mm.<br \/> Mati\u00e8re : Inox.<br \/> Isolation : 3,5 cm.<br \/> Fr\u00e9on : R600a.<br \/> Temp\u00e9rature : 2 \u00b0C \u00e0 5 \u00b0C.<br \/> Voltage : 230V.<br \/> Couleur : Acier inoxydable.<br \/> Puissance : 230 W.<br \/> Temp\u00e9rature ambiante : 32 \u00b0C.<br \/> Classe climatique : 4.<br \/> Classe \u00e9nerg\u00e9tique : C.<br \/> Bac GN : GN 1\/1XY.<\/p>\n","protected":false},"excerpt":{"rendered":"<div><img decoding=\"async\" src=\"https:\/\/abinox-chr-clim.com\/wp-content\/uploads\/2024\/03\/abinox-garantie.webp\" width=\"400px\"\/><\/div>\n<p>Table r\u00e9frig\u00e9r\u00e9e positive compacte 2 portes 240L Polar S\u00e9rie G<\/p>\n","protected":false},"featured_media":98656,"comment_status":"closed","ping_status":"closed","template":"","meta":[],"product_brand":[],"product_cat":[1249,1296,1255],"product_tag":[],"class_list":{"0":"post-69001","1":"product","2":"type-product","3":"status-publish","4":"has-post-thumbnail","6":"product_cat-froid","7":"product_cat-palettisable","8":"product_cat-tables-refrigerees","10":"first","11":"instock","12":"featured","13":"taxable","14":"shipping-taxable","15":"purchasable","16":"product-type-simple"},"_links":{"self":[{"href":"https:\/\/abinox-chr-clim.com\/index.php\/wp-json\/wp\/v2\/product\/69001","targetHints":{"allow":["GET"]}}],"collection":[{"href":"https:\/\/abinox-chr-clim.com\/index.php\/wp-json\/wp\/v2\/product"}],"about":[{"href":"https:\/\/abinox-chr-clim.com\/index.php\/wp-json\/wp\/v2\/types\/product"}],"replies":[{"embeddable":true,"href":"https:\/\/abinox-chr-clim.com\/index.php\/wp-json\/wp\/v2\/comments?post=69001"}],"wp:featuredmedia":[{"embeddable":true,"href":"https:\/\/abinox-chr-clim.com\/index.php\/wp-json\/wp\/v2\/media\/98656"}],"wp:attachment":[{"href":"https:\/\/abinox-chr-clim.com\/index.php\/wp-json\/wp\/v2\/media?parent=69001"}],"wp:term":[{"taxonomy":"product_brand","embeddable":true,"href":"https:\/\/abinox-chr-clim.com\/index.php\/wp-json\/wp\/v2\/product_brand?post=69001"},{"taxonomy":"product_cat","embeddable":true,"href":"https:\/\/abinox-chr-clim.com\/index.php\/wp-json\/wp\/v2\/product_cat?post=69001"},{"taxonomy":"product_tag","embeddable":true,"href":"https:\/\/abinox-chr-clim.com\/index.php\/wp-json\/wp\/v2\/product_tag?post=69001"}],"curies":[{"name":"wp","href":"https:\/\/api.w.org\/{rel}","templated":true}]}}