{"id":68999,"date":"2024-03-22T16:19:07","date_gmt":"2024-03-22T15:19:07","guid":{"rendered":"https:\/\/abinox-chr-clim.com\/index.php\/product\/lot-de-8-bacs-gn1-3-vogue\/"},"modified":"2026-04-02T09:05:05","modified_gmt":"2026-04-02T07:05:05","slug":"lot-de-8-bacs-gn1-3-vogue","status":"publish","type":"product","link":"https:\/\/abinox-chr-clim.com\/index.php\/product\/lot-de-8-bacs-gn1-3-vogue\/","title":{"rendered":"Lot de 8 bacs GN1\/3 Vogue"},"content":{"rendered":"<p>Format standard 1\/3GN &#8211; parfait pour les r\u00e9frig\u00e9rateurs, les plateaux de service et les r\u00e9frig\u00e9rateurs \u00e0 air puls\u00e9. Cet ensemble peut \u00eatre utilis\u00e9 avec le GD877. Rebord ext\u00e9rieur sur\u00e9lev\u00e9 pour faciliter le transport. Format standard 1\/3GN &#8211; parfait pour les r\u00e9frig\u00e9rateurs, les plateaux de service et les r\u00e9frig\u00e9rateurs \u00e0 air puls\u00e9.<\/p>\n<p>Caract\u00e9ristiques :<br \/> Capacit\u00e9 : 29,6 L.<br \/> Dimensions : 100(P) mm.<br \/> Mati\u00e8re : Inox.<br \/> Couleur : Argent.<br \/> Bac GN : GN 1\/3XY.<\/p>\n","protected":false},"excerpt":{"rendered":"<div><img decoding=\"async\" src=\"https:\/\/abinox-chr-clim.com\/wp-content\/uploads\/2024\/03\/abinox-garantie.webp\" width=\"400px\"\/><\/div>\n<p>Lot de 8 bacs GN1\/3 Vogue<\/p>\n","protected":false},"featured_media":99844,"comment_status":"closed","ping_status":"closed","template":"","meta":[],"product_brand":[],"product_cat":[1249,1297,1255],"product_tag":[],"class_list":{"0":"post-68999","1":"product","2":"type-product","3":"status-publish","4":"has-post-thumbnail","6":"product_cat-froid","7":"product_cat-non-palettisable","8":"product_cat-tables-refrigerees","9":"product_shipping_class-free-shipping","11":"first","12":"instock","13":"featured","14":"taxable","15":"shipping-taxable","16":"purchasable","17":"product-type-simple"},"_links":{"self":[{"href":"https:\/\/abinox-chr-clim.com\/index.php\/wp-json\/wp\/v2\/product\/68999","targetHints":{"allow":["GET"]}}],"collection":[{"href":"https:\/\/abinox-chr-clim.com\/index.php\/wp-json\/wp\/v2\/product"}],"about":[{"href":"https:\/\/abinox-chr-clim.com\/index.php\/wp-json\/wp\/v2\/types\/product"}],"replies":[{"embeddable":true,"href":"https:\/\/abinox-chr-clim.com\/index.php\/wp-json\/wp\/v2\/comments?post=68999"}],"wp:featuredmedia":[{"embeddable":true,"href":"https:\/\/abinox-chr-clim.com\/index.php\/wp-json\/wp\/v2\/media\/99844"}],"wp:attachment":[{"href":"https:\/\/abinox-chr-clim.com\/index.php\/wp-json\/wp\/v2\/media?parent=68999"}],"wp:term":[{"taxonomy":"product_brand","embeddable":true,"href":"https:\/\/abinox-chr-clim.com\/index.php\/wp-json\/wp\/v2\/product_brand?post=68999"},{"taxonomy":"product_cat","embeddable":true,"href":"https:\/\/abinox-chr-clim.com\/index.php\/wp-json\/wp\/v2\/product_cat?post=68999"},{"taxonomy":"product_tag","embeddable":true,"href":"https:\/\/abinox-chr-clim.com\/index.php\/wp-json\/wp\/v2\/product_tag?post=68999"}],"curies":[{"name":"wp","href":"https:\/\/api.w.org\/{rel}","templated":true}]}}