{"id":68989,"date":"2024-03-22T16:19:01","date_gmt":"2024-03-22T15:19:01","guid":{"rendered":"https:\/\/abinox-chr-clim.com\/index.php\/product\/table-refrigeree-1-porte-gn-polar-serie-g\/"},"modified":"2026-04-02T10:03:37","modified_gmt":"2026-04-02T08:03:37","slug":"table-refrigeree-1-porte-gn-polar-serie-g","status":"publish","type":"product","link":"https:\/\/abinox-chr-clim.com\/index.php\/product\/table-refrigeree-1-porte-gn-polar-serie-g\/","title":{"rendered":"Table r\u00e9frig\u00e9r\u00e9e 1 porte GN Polar s\u00e9rie G"},"content":{"rendered":"<p>Table r\u00e9frig\u00e9r\u00e9e compacte mais tr\u00e8s polyvalente, parfaite pour les cuisines avec un espace limit\u00e9. Le puissant refroidissement assist\u00e9 par ventilateur offre des performances de refroidissement constantes, tandis que la construction en acier inoxydable facile \u00e0 nettoyer, le panneau de commande num\u00e9rique en fa\u00e7ade et l&rsquo;affichage permanent garantissent une exp\u00e9rience conviviale. Mod\u00e8le \u00e0 tiroirs ou porte.<br \/>Panneau de commande num\u00e9rique intuitif avec affichage permanent. Construction en acier inoxydable facile \u00e0 nettoyer et gain de temps. Le dessus pouvant accepter un bac GN 1\/1 permet un acc\u00e8s rapide aux ingr\u00e9dients. R\u00e9f\u00e9rence soumise \u00e0 une Eco-participation mobilier de 4.47\u20ac par unit\u00e9 vendue. Le d\u00e9givrage automatique maximise l&rsquo;efficacit\u00e9 et les performances de refroidissement.  Planche de d\u00e9coupe robuste en polypropyl\u00e8ne. Panneau de commande num\u00e9rique intuitif avec affichage permanent.<\/p>\n<p>Caract\u00e9ristiques :<br \/> Capacit\u00e9 : 109 L.<br \/> Dimensions : 857,5(H) x 438(L) x 700(P) mm.<br \/> Mati\u00e8re : Inox.<br \/> Fr\u00e9on : R600a.<br \/> Temp\u00e9rature : 2 \u00b0C \u00e0 8 \u00b0C.<br \/> Voltage : 230V.<br \/> Couleur : Argent.<br \/> Temp\u00e9rature ambiante : 32 \u00b0C.<br \/> Classe climatique : 4.<\/p>\n","protected":false},"excerpt":{"rendered":"<div><img decoding=\"async\" src=\"https:\/\/abinox-chr-clim.com\/wp-content\/uploads\/2024\/03\/abinox-garantie.webp\" width=\"400px\"\/><\/div>\n<p>Table r\u00e9frig\u00e9r\u00e9e 1 porte GN Polar s\u00e9rie G<\/p>\n","protected":false},"featured_media":101768,"comment_status":"closed","ping_status":"closed","template":"","meta":[],"product_brand":[],"product_cat":[1249,1296,1255],"product_tag":[],"class_list":{"0":"post-68989","1":"product","2":"type-product","3":"status-publish","4":"has-post-thumbnail","6":"product_cat-froid","7":"product_cat-palettisable","8":"product_cat-tables-refrigerees","10":"first","11":"instock","12":"featured","13":"taxable","14":"shipping-taxable","15":"purchasable","16":"product-type-simple"},"_links":{"self":[{"href":"https:\/\/abinox-chr-clim.com\/index.php\/wp-json\/wp\/v2\/product\/68989","targetHints":{"allow":["GET"]}}],"collection":[{"href":"https:\/\/abinox-chr-clim.com\/index.php\/wp-json\/wp\/v2\/product"}],"about":[{"href":"https:\/\/abinox-chr-clim.com\/index.php\/wp-json\/wp\/v2\/types\/product"}],"replies":[{"embeddable":true,"href":"https:\/\/abinox-chr-clim.com\/index.php\/wp-json\/wp\/v2\/comments?post=68989"}],"wp:featuredmedia":[{"embeddable":true,"href":"https:\/\/abinox-chr-clim.com\/index.php\/wp-json\/wp\/v2\/media\/101768"}],"wp:attachment":[{"href":"https:\/\/abinox-chr-clim.com\/index.php\/wp-json\/wp\/v2\/media?parent=68989"}],"wp:term":[{"taxonomy":"product_brand","embeddable":true,"href":"https:\/\/abinox-chr-clim.com\/index.php\/wp-json\/wp\/v2\/product_brand?post=68989"},{"taxonomy":"product_cat","embeddable":true,"href":"https:\/\/abinox-chr-clim.com\/index.php\/wp-json\/wp\/v2\/product_cat?post=68989"},{"taxonomy":"product_tag","embeddable":true,"href":"https:\/\/abinox-chr-clim.com\/index.php\/wp-json\/wp\/v2\/product_tag?post=68989"}],"curies":[{"name":"wp","href":"https:\/\/api.w.org\/{rel}","templated":true}]}}