{"id":68987,"date":"2024-03-22T16:19:00","date_gmt":"2024-03-22T15:19:00","guid":{"rendered":"https:\/\/abinox-chr-clim.com\/index.php\/product\/comptoir-a-pizza-3-portes-avec-pare-haleine-vitre-polar-serie-g-436l\/"},"modified":"2026-04-02T09:56:35","modified_gmt":"2026-04-02T07:56:35","slug":"comptoir-a-pizza-3-portes-avec-pare-haleine-vitre-polar-serie-g-436l","status":"publish","type":"product","link":"https:\/\/abinox-chr-clim.com\/index.php\/product\/comptoir-a-pizza-3-portes-avec-pare-haleine-vitre-polar-serie-g-436l\/","title":{"rendered":"Comptoir \u00e0 pizza 3 portes avec pare-haleine vitr\u00e9 Polar S\u00e9rie-G 436L"},"content":{"rendered":"<p>Id\u00e9al pour pr\u00e9parer des pizzas, des sandwichs, des wraps, des salades, etc, le comptoir de pr\u00e9paration r\u00e9frig\u00e9r\u00e9 Polar s\u00e9rie G offre une g\u00e9n\u00e9reuse capacit\u00e9 de stockage r\u00e9frig\u00e9r\u00e9 et un acc\u00e8s rapide tr\u00e8s pratique aux ingr\u00e9dients. Comptoir en acier inoxydable durable. \u00c0 l&rsquo;int\u00e9rieur, le comptoir est compatible GN 1\/1, ce qui signifie que vous pouvez transf\u00e9rer rapidement les aliments entre les appareils. La zone d&rsquo;acc\u00e8s aux ingr\u00e9dients en partie haute est prot\u00e9g\u00e9e par un pare-haleine en verre pour plus d&rsquo;hygi\u00e8ne.<br \/>3 \u00e9tag\u00e8res r\u00e9glables robustes maximisent la capacit\u00e9 de stockage et la flexibilit\u00e9. Construction facile \u00e0 nettoyer gain de temps. Le refroidissement assist\u00e9 par ventilateur assure une r\u00e9cup\u00e9ration rapide de la temp\u00e9rature. Le d\u00e9givrage automatique hors cycle maximise l&rsquo;efficacit\u00e9 et les performances. Portes pleines avec joints de porte amovibles. Commandes et affichage num\u00e9riques pr\u00e9cis et conviviaux de la temp\u00e9rature. Le pare-haleine en verre contribue \u00e0 am\u00e9liorer l&rsquo;hygi\u00e8ne. Saladette et meuble compatibles GN &#8211; la saladette accepte 8 x GN 1\/4. Un peu d&rsquo;assemblage n\u00e9cessaire (pare-haleine en verre). 3 \u00e9tag\u00e8res r\u00e9glables robustes maximisent la capacit\u00e9 de stockage et la flexibilit\u00e9.<\/p>\n<p>Caract\u00e9ristiques :<br \/> Capacit\u00e9 : 444 L.<br \/> Dimensions : 1180(H) x 1370(L) x 700(P) mm.<br \/> Mati\u00e8re : .<br \/> Fr\u00e9on : R600a.<br \/> Temp\u00e9rature : 2 \u00b0C \u00e0 8 \u00b0C.<br \/> Voltage : 230V.<br \/> Couleur : Acier inoxydable.<br \/> Temp\u00e9rature ambiante : 32 \u00b0C.<br \/> Classe climatique : 4.<br \/> Bac GN : GN 1\/4XY.<\/p>\n","protected":false},"excerpt":{"rendered":"<div><img decoding=\"async\" src=\"https:\/\/abinox-chr-clim.com\/wp-content\/uploads\/2024\/03\/abinox-garantie.webp\" width=\"400px\"\/><\/div>\n<p>Comptoir \u00e0 pizza 3 portes avec pare-haleine vitr\u00e9 Polar S\u00e9rie-G 436L<\/p>\n","protected":false},"featured_media":101739,"comment_status":"closed","ping_status":"closed","template":"","meta":[],"product_brand":[],"product_cat":[1249,1296,1255],"product_tag":[],"class_list":{"0":"post-68987","1":"product","2":"type-product","3":"status-publish","4":"has-post-thumbnail","6":"product_cat-froid","7":"product_cat-palettisable","8":"product_cat-tables-refrigerees","10":"first","11":"outofstock","12":"featured","13":"taxable","14":"shipping-taxable","15":"purchasable","16":"product-type-simple"},"_links":{"self":[{"href":"https:\/\/abinox-chr-clim.com\/index.php\/wp-json\/wp\/v2\/product\/68987","targetHints":{"allow":["GET"]}}],"collection":[{"href":"https:\/\/abinox-chr-clim.com\/index.php\/wp-json\/wp\/v2\/product"}],"about":[{"href":"https:\/\/abinox-chr-clim.com\/index.php\/wp-json\/wp\/v2\/types\/product"}],"replies":[{"embeddable":true,"href":"https:\/\/abinox-chr-clim.com\/index.php\/wp-json\/wp\/v2\/comments?post=68987"}],"wp:featuredmedia":[{"embeddable":true,"href":"https:\/\/abinox-chr-clim.com\/index.php\/wp-json\/wp\/v2\/media\/101739"}],"wp:attachment":[{"href":"https:\/\/abinox-chr-clim.com\/index.php\/wp-json\/wp\/v2\/media?parent=68987"}],"wp:term":[{"taxonomy":"product_brand","embeddable":true,"href":"https:\/\/abinox-chr-clim.com\/index.php\/wp-json\/wp\/v2\/product_brand?post=68987"},{"taxonomy":"product_cat","embeddable":true,"href":"https:\/\/abinox-chr-clim.com\/index.php\/wp-json\/wp\/v2\/product_cat?post=68987"},{"taxonomy":"product_tag","embeddable":true,"href":"https:\/\/abinox-chr-clim.com\/index.php\/wp-json\/wp\/v2\/product_tag?post=68987"}],"curies":[{"name":"wp","href":"https:\/\/api.w.org\/{rel}","templated":true}]}}