{"id":68985,"date":"2024-03-22T16:19:00","date_gmt":"2024-03-22T15:19:00","guid":{"rendered":"https:\/\/abinox-chr-clim.com\/index.php\/product\/comptoir-de-preparation-2-portes-527l-polar-serie-u\/"},"modified":"2026-04-02T08:48:23","modified_gmt":"2026-04-02T06:48:23","slug":"comptoir-de-preparation-2-portes-527l-polar-serie-u","status":"publish","type":"product","link":"https:\/\/abinox-chr-clim.com\/index.php\/product\/comptoir-de-preparation-2-portes-527l-polar-serie-u\/","title":{"rendered":"Comptoir de pr\u00e9paration 2 portes 527L Polar S\u00e9rie U"},"content":{"rendered":"<p>Comptoirs de pr\u00e9paration r\u00e9frig\u00e9r\u00e9s grande capacit\u00e9 avec zone gastronorme. Ext\u00e9rieur et couvercle isolant en acier inoxydable. Contr\u00f4le enti\u00e8rement automatique et affichage num\u00e9rique constant. Deux dimensions disponibles.<br \/>2 \u00e9tag\u00e8res r\u00e9glables robustes. Facile \u00e0 nettoyer. Indicateur digital de temp\u00e9rature et commande facilement accessible. R\u00e9f\u00e9rence soumise \u00e0 une Eco-participation mobilier de 18.42\u20ac par unit\u00e9 vendue. Equip\u00e9 de roulettes verrouillables. D\u00e9givrage automatique. Le refroidissement par air forc\u00e9 garantit un retour rapide en temp\u00e9rature. Capacit\u00e9 gastronorme: 16 x GN 1\/6  (prof 100mm).Plan de travail\/surface de coupe en polypropyl\u00e8ne (290mm x 1225mm).Portes pleines \u00e0 fermeture automatique. Temp\u00e9rature ambiante maxi: 43\u00b0C.R\u00e9f\u00e9rence soumise \u00e0 une Eco-participation DEEE de 12,72\u20ac par unit\u00e9 vendue. 2 \u00e9tag\u00e8res r\u00e9glables robustes.<\/p>\n<p>Caract\u00e9ristiques :<br \/> Capacit\u00e9 : 527 L.<br \/> Dimensions : 1097(H) x 1555(L) x 760(P) mm.<br \/> Mati\u00e8re : Inox.<br \/> Sortie : 450 W. 3,8 A.<br \/> Fr\u00e9on : R290.<br \/> Temp\u00e9rature : 2 \u00b0C \u00e0 8 \u00b0C.<br \/> Voltage : 230V.<br \/> Couleur : Acier inoxydable.<br \/> Puissance : 450 W.<br \/> Temp\u00e9rature ambiante : 40 \u00b0C.<br \/> Classe climatique : 5.<br \/> Bac GN : GN 1\/6XY.<\/p>\n","protected":false},"excerpt":{"rendered":"<div><img decoding=\"async\" src=\"https:\/\/abinox-chr-clim.com\/wp-content\/uploads\/2024\/03\/abinox-garantie.webp\" width=\"400px\"\/><\/div>\n<p>Comptoir de pr\u00e9paration 2 portes 527L Polar S\u00e9rie U<\/p>\n","protected":false},"featured_media":101325,"comment_status":"closed","ping_status":"closed","template":"","meta":[],"product_brand":[],"product_cat":[1249,1296,1255],"product_tag":[],"class_list":{"0":"post-68985","1":"product","2":"type-product","3":"status-publish","4":"has-post-thumbnail","6":"product_cat-froid","7":"product_cat-palettisable","8":"product_cat-tables-refrigerees","10":"first","11":"instock","12":"featured","13":"taxable","14":"shipping-taxable","15":"purchasable","16":"product-type-simple"},"_links":{"self":[{"href":"https:\/\/abinox-chr-clim.com\/index.php\/wp-json\/wp\/v2\/product\/68985","targetHints":{"allow":["GET"]}}],"collection":[{"href":"https:\/\/abinox-chr-clim.com\/index.php\/wp-json\/wp\/v2\/product"}],"about":[{"href":"https:\/\/abinox-chr-clim.com\/index.php\/wp-json\/wp\/v2\/types\/product"}],"replies":[{"embeddable":true,"href":"https:\/\/abinox-chr-clim.com\/index.php\/wp-json\/wp\/v2\/comments?post=68985"}],"wp:featuredmedia":[{"embeddable":true,"href":"https:\/\/abinox-chr-clim.com\/index.php\/wp-json\/wp\/v2\/media\/101325"}],"wp:attachment":[{"href":"https:\/\/abinox-chr-clim.com\/index.php\/wp-json\/wp\/v2\/media?parent=68985"}],"wp:term":[{"taxonomy":"product_brand","embeddable":true,"href":"https:\/\/abinox-chr-clim.com\/index.php\/wp-json\/wp\/v2\/product_brand?post=68985"},{"taxonomy":"product_cat","embeddable":true,"href":"https:\/\/abinox-chr-clim.com\/index.php\/wp-json\/wp\/v2\/product_cat?post=68985"},{"taxonomy":"product_tag","embeddable":true,"href":"https:\/\/abinox-chr-clim.com\/index.php\/wp-json\/wp\/v2\/product_tag?post=68985"}],"curies":[{"name":"wp","href":"https:\/\/api.w.org\/{rel}","templated":true}]}}