{"id":68982,"date":"2024-03-22T16:18:59","date_gmt":"2024-03-22T15:18:59","guid":{"rendered":"https:\/\/abinox-chr-clim.com\/index.php\/product\/saladette-refrigeree-8-bacs-gn-1-3-polar-serie-g\/"},"modified":"2026-04-02T08:48:18","modified_gmt":"2026-04-02T06:48:18","slug":"saladette-refrigeree-8-bacs-gn-1-3-polar-serie-g","status":"publish","type":"product","link":"https:\/\/abinox-chr-clim.com\/index.php\/product\/saladette-refrigeree-8-bacs-gn-1-3-polar-serie-g\/","title":{"rendered":"Saladette r\u00e9frig\u00e9r\u00e9e 8 bacs GN 1\/3 Polar S\u00e9rie G"},"content":{"rendered":"<p>Vitrines r\u00e9frig\u00e9r\u00e9es polyvalentes \u00e9quip\u00e9es de glaces de protection. Acceptent les bacs GN 1\/4 ou 1\/3 jusqu&rsquo;\u00e0 100mm de profondeur. 4 longueurs disponibles. Bacs gastronorme et couvercles vendus s\u00e9par\u00e9ment.<br \/>Capacit\u00e9 8 bacs GN 1\/3 (bacs GN vendus s\u00e9par\u00e9ment). Facile \u00e0 nettoyer. Contr\u00f4les et affichage de temp\u00e9rature num\u00e9riques conviviaux. R\u00e9f\u00e9rence soumise \u00e0 une Eco-participation mobilier de 4.31\u20ac par unit\u00e9 vendue. Les pieds robustes permettent un positionnement facile. Mode d\u00e9givrage manuel. L&rsquo;\u00e9vaporateur en continu emp\u00eache l&rsquo;accumulation d&rsquo;eau. Plage de temp\u00e9rature ambiante : 5\u00b0C \u00e0 32\u00b0C.  Pare-haleine en verre &#8211; montage n\u00e9cessaire. R\u00e9f\u00e9rence soumise \u00e0 une Eco-participation DEEE de 4,64\u20ac par unit\u00e9 vendue. Capacit\u00e9 8 bacs GN 1\/3 (bacs GN vendus s\u00e9par\u00e9ment).<\/p>\n<p>Caract\u00e9ristiques :<br \/> Capacit\u00e9 : 8 bacs GN 1\/3.<br \/> Dimensions : 435(H) x 1800(L) x 395(P) mm.<br \/> Mati\u00e8re : .<br \/> Sortie : 150 W. 1 A.<br \/> Isolation : 4 cm.<br \/> Fr\u00e9on : R600a.<br \/> Temp\u00e9rature : 2 \u00b0C \u00e0 8 \u00b0C.<br \/> Voltage : 230V.<br \/> Couleur : Acier inoxydable.<br \/> Puissance : 150 W.<br \/> Temp\u00e9rature ambiante : 32 \u00b0C.<br \/> Bac GN : GN 1\/3XY.<\/p>\n","protected":false},"excerpt":{"rendered":"<div><img decoding=\"async\" src=\"https:\/\/abinox-chr-clim.com\/wp-content\/uploads\/2024\/03\/abinox-garantie.webp\" width=\"400px\"\/><\/div>\n<p>Saladette r\u00e9frig\u00e9r\u00e9e 8 bacs GN 1\/3 Polar S\u00e9rie G<\/p>\n","protected":false},"featured_media":101319,"comment_status":"closed","ping_status":"closed","template":"","meta":[],"product_brand":[],"product_cat":[1249,1296,1255],"product_tag":[],"class_list":{"0":"post-68982","1":"product","2":"type-product","3":"status-publish","4":"has-post-thumbnail","6":"product_cat-froid","7":"product_cat-palettisable","8":"product_cat-tables-refrigerees","10":"first","11":"instock","12":"featured","13":"taxable","14":"shipping-taxable","15":"purchasable","16":"product-type-simple"},"_links":{"self":[{"href":"https:\/\/abinox-chr-clim.com\/index.php\/wp-json\/wp\/v2\/product\/68982","targetHints":{"allow":["GET"]}}],"collection":[{"href":"https:\/\/abinox-chr-clim.com\/index.php\/wp-json\/wp\/v2\/product"}],"about":[{"href":"https:\/\/abinox-chr-clim.com\/index.php\/wp-json\/wp\/v2\/types\/product"}],"replies":[{"embeddable":true,"href":"https:\/\/abinox-chr-clim.com\/index.php\/wp-json\/wp\/v2\/comments?post=68982"}],"wp:featuredmedia":[{"embeddable":true,"href":"https:\/\/abinox-chr-clim.com\/index.php\/wp-json\/wp\/v2\/media\/101319"}],"wp:attachment":[{"href":"https:\/\/abinox-chr-clim.com\/index.php\/wp-json\/wp\/v2\/media?parent=68982"}],"wp:term":[{"taxonomy":"product_brand","embeddable":true,"href":"https:\/\/abinox-chr-clim.com\/index.php\/wp-json\/wp\/v2\/product_brand?post=68982"},{"taxonomy":"product_cat","embeddable":true,"href":"https:\/\/abinox-chr-clim.com\/index.php\/wp-json\/wp\/v2\/product_cat?post=68982"},{"taxonomy":"product_tag","embeddable":true,"href":"https:\/\/abinox-chr-clim.com\/index.php\/wp-json\/wp\/v2\/product_tag?post=68982"}],"curies":[{"name":"wp","href":"https:\/\/api.w.org\/{rel}","templated":true}]}}