{"id":68979,"date":"2024-03-22T16:18:58","date_gmt":"2024-03-22T15:18:58","guid":{"rendered":"https:\/\/abinox-chr-clim.com\/index.php\/product\/table-refrigeree-2-portes-2-tiroirs-417l-polar-serie-u\/"},"modified":"2026-04-02T08:48:15","modified_gmt":"2026-04-02T06:48:15","slug":"table-refrigeree-2-portes-2-tiroirs-417l-polar-serie-u","status":"publish","type":"product","link":"https:\/\/abinox-chr-clim.com\/index.php\/product\/table-refrigeree-2-portes-2-tiroirs-417l-polar-serie-u\/","title":{"rendered":"Table r\u00e9frig\u00e9r\u00e9e 2 portes 2 tiroirs 417L Polar S\u00e9rie U"},"content":{"rendered":"<p>Tables professionnelles gain de place. Poss\u00e8dent 2 tiroirs en acier inoxydable pouvant accueillir des bacs GN 1\/1 profondeur 150mm. D\u00e9givrage semi-automatique avec intervalle de temps avec affichage num\u00e9rique constant.<br \/>2 \u00e9tag\u00e8res r\u00e9glables robustes. En inox facile \u00e0 nettoyer. Indicateur digital de temp\u00e9rature et commande facilement accessible. R\u00e9f\u00e9rence soumise \u00e0 une Eco-participation mobilier de 17.66\u20ac par unit\u00e9 vendue. Equip\u00e9 de roulettes verrouillables. D\u00e9givrage automatique. Le refroidissement par air forc\u00e9 garantit un retour rapide en temp\u00e9rature. Capacit\u00e9 GN : 2 x GN 1\/1  (prof 150mm) dans les tiroirs, 8 x GN 1\/1 (prof 100mm) dans le compartiment porte.Niveau sonore: 43,2 dB (A). Porte \u00e0 fermeture automatique. Capacit\u00e9 nette utile : 284L. R\u00e9f\u00e9rence soumise \u00e0 une Eco-participation DEEE de 9,36\u20ac par unit\u00e9 vendue. 2 \u00e9tag\u00e8res r\u00e9glables robustes.<\/p>\n<p>Caract\u00e9ristiques :<br \/> Capacit\u00e9 : 417 L.<br \/> Dimensions : 860(H) x 1795(L) x 700(P) mm.<br \/> Mati\u00e8re : Inox.<br \/> Sortie : 350 W. 1,95 A.<br \/> Isolation : 5 cm.<br \/> Fr\u00e9on : R600a.<br \/> Temp\u00e9rature : -2 \u00b0C \u00e0 5 \u00b0C.<br \/> Voltage : 230V.<br \/> Couleur : Acier inoxydable.<br \/> Puissance : 350 W.<br \/> Temp\u00e9rature ambiante : 43 \u00b0C.<br \/> Classe climatique : 5.<br \/> Classe \u00e9nerg\u00e9tique : B.<br \/> Bac GN : GN 1\/1XY.<\/p>\n","protected":false},"excerpt":{"rendered":"<div><img decoding=\"async\" src=\"https:\/\/abinox-chr-clim.com\/wp-content\/uploads\/2024\/03\/abinox-garantie.webp\" width=\"400px\"\/><\/div>\n<p>Table r\u00e9frig\u00e9r\u00e9e 2 portes 2 tiroirs 417L Polar S\u00e9rie U<\/p>\n","protected":false},"featured_media":101316,"comment_status":"closed","ping_status":"closed","template":"","meta":[],"product_brand":[],"product_cat":[1249,1296,1255],"product_tag":[],"class_list":{"0":"post-68979","1":"product","2":"type-product","3":"status-publish","4":"has-post-thumbnail","6":"product_cat-froid","7":"product_cat-palettisable","8":"product_cat-tables-refrigerees","10":"first","11":"outofstock","12":"featured","13":"taxable","14":"shipping-taxable","15":"purchasable","16":"product-type-simple"},"_links":{"self":[{"href":"https:\/\/abinox-chr-clim.com\/index.php\/wp-json\/wp\/v2\/product\/68979","targetHints":{"allow":["GET"]}}],"collection":[{"href":"https:\/\/abinox-chr-clim.com\/index.php\/wp-json\/wp\/v2\/product"}],"about":[{"href":"https:\/\/abinox-chr-clim.com\/index.php\/wp-json\/wp\/v2\/types\/product"}],"replies":[{"embeddable":true,"href":"https:\/\/abinox-chr-clim.com\/index.php\/wp-json\/wp\/v2\/comments?post=68979"}],"wp:featuredmedia":[{"embeddable":true,"href":"https:\/\/abinox-chr-clim.com\/index.php\/wp-json\/wp\/v2\/media\/101316"}],"wp:attachment":[{"href":"https:\/\/abinox-chr-clim.com\/index.php\/wp-json\/wp\/v2\/media?parent=68979"}],"wp:term":[{"taxonomy":"product_brand","embeddable":true,"href":"https:\/\/abinox-chr-clim.com\/index.php\/wp-json\/wp\/v2\/product_brand?post=68979"},{"taxonomy":"product_cat","embeddable":true,"href":"https:\/\/abinox-chr-clim.com\/index.php\/wp-json\/wp\/v2\/product_cat?post=68979"},{"taxonomy":"product_tag","embeddable":true,"href":"https:\/\/abinox-chr-clim.com\/index.php\/wp-json\/wp\/v2\/product_tag?post=68979"}],"curies":[{"name":"wp","href":"https:\/\/api.w.org\/{rel}","templated":true}]}}