{"id":68929,"date":"2024-03-22T16:18:37","date_gmt":"2024-03-22T15:18:37","guid":{"rendered":"https:\/\/abinox-chr-clim.com\/index.php\/product\/comptoir-de-preparation-refrigere-gn-avec-pare-haleine-polar-serie-u-4-portes\/"},"modified":"2026-04-14T09:53:29","modified_gmt":"2026-04-14T07:53:29","slug":"comptoir-de-preparation-refrigere-gn-avec-pare-haleine-polar-serie-u-4-portes","status":"publish","type":"product","link":"https:\/\/abinox-chr-clim.com\/index.php\/product\/comptoir-de-preparation-refrigere-gn-avec-pare-haleine-polar-serie-u-4-portes\/","title":{"rendered":"Comptoir de pr\u00e9paration r\u00e9frig\u00e9r\u00e9 GN avec pare-haleine Polar S\u00e9rie U 4 portes"},"content":{"rendered":"<p>Ces unit\u00e9s permettent de pr\u00e9senter et conserver de grandes quantit\u00e9s d&rsquo;aliments r\u00e9frig\u00e9r\u00e9s pr\u00eats pour un service imm\u00e9diat. Chaque comptoir est dot\u00e9 d&rsquo;un pare-haleine en verre prot\u00e9geant les ingr\u00e9dients expos\u00e9s. Saladettes et portes compatibles GN 1\/1 (bacs vendus s\u00e9par\u00e9ment).<br \/>. Acier inoxydable. Syst\u00e8me de refroidissement par air forc\u00e9. R\u00e9f\u00e9rence soumise \u00e0 une Eco-participation mobilier de 15.04\u20ac par unit\u00e9 vendue. Arr\u00eat du cycle de d\u00e9givrage. Contr\u00f4le digital. Isolation 50mm. Pare-haleine en verre. Planche de d\u00e9coupe en poly\u00e9thyl\u00e8ne. Roulettes pour la man\u0153uvrabilit\u00e9. 1 \u00e9tag\u00e8re par porte. .<\/p>\n<p>Caract\u00e9ristiques :<br \/> Capacit\u00e9 : 4 x GN 1\/1.<br \/> Dimensions : 1360(H) x 2230(L) x 700(P) mm.<br \/> Mati\u00e8re : Acier inoxydable.<br \/> Fr\u00e9on : R600a.<br \/> Temp\u00e9rature : -2 \u00b0C \u00e0 8 \u00b0C.<br \/> Voltage : 230V.<br \/> Couleur : Acier inoxydable.<br \/> Temp\u00e9rature ambiante : 32 \u00b0C.<br \/> Classe climatique : 4.<br \/> Bac GN : GN 1\/1XY.<\/p>\n","protected":false},"excerpt":{"rendered":"<div><img decoding=\"async\" src=\"https:\/\/abinox-chr-clim.com\/wp-content\/uploads\/2024\/03\/abinox-garantie.webp\" width=\"400px\"\/><\/div>\n<p>Comptoir de pr\u00e9paration r\u00e9frig\u00e9r\u00e9 GN avec pare-haleine Polar S\u00e9rie U 4 portes<\/p>\n","protected":false},"featured_media":103119,"comment_status":"closed","ping_status":"closed","template":"","meta":[],"product_brand":[],"product_cat":[1249,1296,1255],"product_tag":[],"class_list":{"0":"post-68929","1":"product","2":"type-product","3":"status-publish","4":"has-post-thumbnail","6":"product_cat-froid","7":"product_cat-palettisable","8":"product_cat-tables-refrigerees","10":"first","11":"outofstock","12":"featured","13":"taxable","14":"shipping-taxable","15":"purchasable","16":"product-type-simple"},"_links":{"self":[{"href":"https:\/\/abinox-chr-clim.com\/index.php\/wp-json\/wp\/v2\/product\/68929","targetHints":{"allow":["GET"]}}],"collection":[{"href":"https:\/\/abinox-chr-clim.com\/index.php\/wp-json\/wp\/v2\/product"}],"about":[{"href":"https:\/\/abinox-chr-clim.com\/index.php\/wp-json\/wp\/v2\/types\/product"}],"replies":[{"embeddable":true,"href":"https:\/\/abinox-chr-clim.com\/index.php\/wp-json\/wp\/v2\/comments?post=68929"}],"wp:featuredmedia":[{"embeddable":true,"href":"https:\/\/abinox-chr-clim.com\/index.php\/wp-json\/wp\/v2\/media\/103119"}],"wp:attachment":[{"href":"https:\/\/abinox-chr-clim.com\/index.php\/wp-json\/wp\/v2\/media?parent=68929"}],"wp:term":[{"taxonomy":"product_brand","embeddable":true,"href":"https:\/\/abinox-chr-clim.com\/index.php\/wp-json\/wp\/v2\/product_brand?post=68929"},{"taxonomy":"product_cat","embeddable":true,"href":"https:\/\/abinox-chr-clim.com\/index.php\/wp-json\/wp\/v2\/product_cat?post=68929"},{"taxonomy":"product_tag","embeddable":true,"href":"https:\/\/abinox-chr-clim.com\/index.php\/wp-json\/wp\/v2\/product_tag?post=68929"}],"curies":[{"name":"wp","href":"https:\/\/api.w.org\/{rel}","templated":true}]}}