{"id":68921,"date":"2024-03-22T16:18:35","date_gmt":"2024-03-22T15:18:35","guid":{"rendered":"https:\/\/abinox-chr-clim.com\/index.php\/product\/comptoir-a-pizza-3-portes-true-tpp-93\/"},"modified":"2026-04-14T10:22:24","modified_gmt":"2026-04-14T08:22:24","slug":"comptoir-a-pizza-3-portes-true-tpp-93","status":"publish","type":"product","link":"https:\/\/abinox-chr-clim.com\/index.php\/product\/comptoir-a-pizza-3-portes-true-tpp-93\/","title":{"rendered":"Comptoir \u00e0 pizza 3 portes True TPP-93"},"content":{"rendered":"<p>Comptoir de pr\u00e9paration fiable et polyvalent b\u00e9n\u00e9ficiant d&rsquo;une longue garantie.<br \/>5 ans de garantie pi\u00e8ces et main d&rsquo;\u0153uvre pour une tranquillit\u00e9 d&rsquo;esprit. Syst\u00e8me de r\u00e9frig\u00e9ration \u00e0 air puls\u00e9 brevet\u00e9 surdimensionn\u00e9 et respectueux de l&rsquo;environnement (R134A) pouvant conserver de 0,5 \u00b0C \u00e0 5 \u00b0C. Ext\u00e9rieur : fa\u00e7ade, dessus et c\u00f4t\u00e9s en acier inoxydable avec arri\u00e8re finition aluminium assortie. R\u00e9f\u00e9rence soumise \u00e0 une Eco-participation mobilier de 25.52\u20ac par unit\u00e9 vendue. Planche de d\u00e9coupe amovible extra-profonde de 496 mm incluse. Le poly\u00e9thyl\u00e8ne blanc haute densit\u00e9 sanitaire offre une surface de pr\u00e9paration r\u00e9sistante. \u00c9tag\u00e8res en fil m\u00e9tallique robustes recouvertes de PVC. Isolation Ecomate : un isolant en polyur\u00e9thane haute densit\u00e9 qui n&rsquo;a aucun potentiel d&rsquo;appauvrissement de la couche d&rsquo;ozone (ODP) et aucun potentiel de r\u00e9chauffement climatique (PRP). Six roulettes \u00e0 tige de 127 mm de diam\u00e8tre. Hauteur plan de travail : 915mm. Taille de l&rsquo;\u00e9tag\u00e8re porte droite\/gauche 601(L) x 712(P)mm et taille de l&rsquo;\u00e9tag\u00e8re porte centrale 648(L) x 712(P)mm. Int\u00e9rieur : couvercle(s) et capot inox isol\u00e9s avec mousse brevet\u00e9e pour garder la temp\u00e9rature des bacs plus froide, emprisonner la fra\u00eecheur et minimiser la condensation. 5 ans de garantie pi\u00e8ces et main d&rsquo;\u0153uvre pour une tranquillit\u00e9 d&rsquo;esprit.<\/p>\n<p>Caract\u00e9ristiques :<br \/> Capacit\u00e9 : 875 L.<br \/> Dimensions : 1138(H) x 2369(L) x 854(P) mm.<br \/> Mati\u00e8re : Inox et aluminium.<br \/> Isolation : 4,445 cm.<br \/> Fr\u00e9on : R290.<br \/> Temp\u00e9rature : 0,5 \u00b0C \u00e0 5 \u00b0C.<br \/> Voltage : 230V.<br \/> Couleur : Argent.<br \/> Puissance : 2231 W.<br \/> Temp\u00e9rature ambiante : 25 \u00b0C.<br \/> Classe climatique : 4.<br \/> Bac GN : GN 1\/3XY.<\/p>\n","protected":false},"excerpt":{"rendered":"<div><img decoding=\"async\" src=\"https:\/\/abinox-chr-clim.com\/wp-content\/uploads\/2024\/03\/abinox-garantie.webp\" width=\"400px\"\/><\/div>\n<p>Comptoir \u00e0 pizza 3 portes True TPP-93<\/p>\n","protected":false},"featured_media":84118,"comment_status":"closed","ping_status":"closed","template":"","meta":[],"product_brand":[],"product_cat":[1249,1296,1255],"product_tag":[],"class_list":{"0":"post-68921","1":"product","2":"type-product","3":"status-publish","4":"has-post-thumbnail","6":"product_cat-froid","7":"product_cat-palettisable","8":"product_cat-tables-refrigerees","10":"first","11":"outofstock","12":"featured","13":"taxable","14":"shipping-taxable","15":"purchasable","16":"product-type-simple"},"_links":{"self":[{"href":"https:\/\/abinox-chr-clim.com\/index.php\/wp-json\/wp\/v2\/product\/68921","targetHints":{"allow":["GET"]}}],"collection":[{"href":"https:\/\/abinox-chr-clim.com\/index.php\/wp-json\/wp\/v2\/product"}],"about":[{"href":"https:\/\/abinox-chr-clim.com\/index.php\/wp-json\/wp\/v2\/types\/product"}],"replies":[{"embeddable":true,"href":"https:\/\/abinox-chr-clim.com\/index.php\/wp-json\/wp\/v2\/comments?post=68921"}],"wp:featuredmedia":[{"embeddable":true,"href":"https:\/\/abinox-chr-clim.com\/index.php\/wp-json\/wp\/v2\/media\/84118"}],"wp:attachment":[{"href":"https:\/\/abinox-chr-clim.com\/index.php\/wp-json\/wp\/v2\/media?parent=68921"}],"wp:term":[{"taxonomy":"product_brand","embeddable":true,"href":"https:\/\/abinox-chr-clim.com\/index.php\/wp-json\/wp\/v2\/product_brand?post=68921"},{"taxonomy":"product_cat","embeddable":true,"href":"https:\/\/abinox-chr-clim.com\/index.php\/wp-json\/wp\/v2\/product_cat?post=68921"},{"taxonomy":"product_tag","embeddable":true,"href":"https:\/\/abinox-chr-clim.com\/index.php\/wp-json\/wp\/v2\/product_tag?post=68921"}],"curies":[{"name":"wp","href":"https:\/\/api.w.org\/{rel}","templated":true}]}}