{"id":68913,"date":"2024-03-22T16:18:33","date_gmt":"2024-03-22T15:18:33","guid":{"rendered":"https:\/\/abinox-chr-clim.com\/index.php\/product\/refroidisseur-a-vin-de-comptoir-polar-serie-c-28-bouteilles\/"},"modified":"2026-04-02T09:53:05","modified_gmt":"2026-04-02T07:53:05","slug":"refroidisseur-a-vin-de-comptoir-polar-serie-c-28-bouteilles","status":"publish","type":"product","link":"https:\/\/abinox-chr-clim.com\/index.php\/product\/refroidisseur-a-vin-de-comptoir-polar-serie-c-28-bouteilles\/","title":{"rendered":"Refroidisseur \u00e0 vin de comptoir Polar S\u00e9rie C 28 bouteilles"},"content":{"rendered":"<p>R\u00e9froidisseur \u00e0 vin silencieux avec thermostat r\u00e9glable pour un contr\u00f4le facile du refroidissement. Contr\u00f4leur tactile simple \u00e0 utiliser avec affichage de la temp\u00e9rature et \u00e9clairage int\u00e9rieur \u00e0 LED pour une performance plus \u00e9conome en \u00e9nergie.<br \/>Panneau de commande LED intuitif &#8211; facile \u00e0 utiliser. Peut contenir jusqu&rsquo;\u00e0 28 bouteilles de vin. \u00c9tag\u00e8res amovibles pour un acc\u00e8s et un nettoyage faciles. R\u00e9f\u00e9rence soumise \u00e0 une Eco-participation mobilier de 2.83\u20ac par unit\u00e9 vendue. Les \u00e9tag\u00e8res \u00e0 vin sp\u00e9cifiques arr\u00eatent le mouvement de la bouteille pour \u00e9viter les dommages.  Contr\u00f4le de la temp\u00e9rature r\u00e9glable &#8211; garde le vin \u00e0 la temp\u00e9rature de service parfaite. Panneau de commande LED intuitif &#8211; facile \u00e0 utiliser.<\/p>\n<p>Caract\u00e9ristiques :<br \/> Capacit\u00e9 : 74 L.<br \/> Dimensions : 840(H) x 430(L) x 450(P) mm.<br \/> Mati\u00e8re : Acier peint.<br \/> Fr\u00e9on : R600a.<br \/> Temp\u00e9rature : 5 \u00b0C \u00e0 18 \u00b0C.<br \/> Voltage : 220-240V.<br \/> Couleur : Noir.<br \/> Temp\u00e9rature ambiante : 32 \u00b0C.<br \/> Classe climatique : N = Normale  : Cet appareil est destin\u00e9 \u00e0 \u00eatre utilis\u00e9 \u00e0 une temp\u00e9rature ambiante comprise entre + 16 \u00b0C et + 32 \u00b0C.<br \/> Classe \u00e9nerg\u00e9tique : G.<\/p>\n","protected":false},"excerpt":{"rendered":"<div><img decoding=\"async\" src=\"https:\/\/abinox-chr-clim.com\/wp-content\/uploads\/2024\/03\/abinox-garantie.webp\" width=\"400px\"\/><\/div>\n<p>Refroidisseur \u00e0 vin de comptoir Polar S\u00e9rie C 28 bouteilles<\/p>\n","protected":false},"featured_media":80742,"comment_status":"closed","ping_status":"closed","template":"","meta":[],"product_brand":[],"product_cat":[1249,1296,1254],"product_tag":[],"class_list":{"0":"post-68913","1":"product","2":"type-product","3":"status-publish","4":"has-post-thumbnail","6":"product_cat-froid","7":"product_cat-palettisable","8":"product_cat-rafraichisseurs-et-caves-a-vin","10":"first","11":"instock","12":"featured","13":"taxable","14":"shipping-taxable","15":"purchasable","16":"product-type-simple"},"_links":{"self":[{"href":"https:\/\/abinox-chr-clim.com\/index.php\/wp-json\/wp\/v2\/product\/68913","targetHints":{"allow":["GET"]}}],"collection":[{"href":"https:\/\/abinox-chr-clim.com\/index.php\/wp-json\/wp\/v2\/product"}],"about":[{"href":"https:\/\/abinox-chr-clim.com\/index.php\/wp-json\/wp\/v2\/types\/product"}],"replies":[{"embeddable":true,"href":"https:\/\/abinox-chr-clim.com\/index.php\/wp-json\/wp\/v2\/comments?post=68913"}],"wp:featuredmedia":[{"embeddable":true,"href":"https:\/\/abinox-chr-clim.com\/index.php\/wp-json\/wp\/v2\/media\/80742"}],"wp:attachment":[{"href":"https:\/\/abinox-chr-clim.com\/index.php\/wp-json\/wp\/v2\/media?parent=68913"}],"wp:term":[{"taxonomy":"product_brand","embeddable":true,"href":"https:\/\/abinox-chr-clim.com\/index.php\/wp-json\/wp\/v2\/product_brand?post=68913"},{"taxonomy":"product_cat","embeddable":true,"href":"https:\/\/abinox-chr-clim.com\/index.php\/wp-json\/wp\/v2\/product_cat?post=68913"},{"taxonomy":"product_tag","embeddable":true,"href":"https:\/\/abinox-chr-clim.com\/index.php\/wp-json\/wp\/v2\/product_tag?post=68913"}],"curies":[{"name":"wp","href":"https:\/\/api.w.org\/{rel}","templated":true}]}}