{"id":68908,"date":"2024-03-22T16:18:31","date_gmt":"2024-03-22T15:18:31","guid":{"rendered":"https:\/\/abinox-chr-clim.com\/index.php\/product\/machine-a-glacons-a-aspersion-polar-serie-u-33kg\/"},"modified":"2026-04-14T10:47:29","modified_gmt":"2026-04-14T08:47:29","slug":"machine-a-glacons-a-aspersion-polar-serie-u-33kg","status":"publish","type":"product","link":"https:\/\/abinox-chr-clim.com\/index.php\/product\/machine-a-glacons-a-aspersion-polar-serie-u-33kg\/","title":{"rendered":"Machine \u00e0 gla\u00e7ons \u00e0 aspersion Polar S\u00e9rie U 33kg"},"content":{"rendered":"<p>La machine \u00e0 gla\u00e7ons \u00e0 aspersion produit jusqu&rsquo;\u00e0 33 kg de glace cristalline de qualit\u00e9 sup\u00e9rieure par jour. Equip\u00e9e d&rsquo;un bac de stockage de glace de 16 kg.<br \/>Construction en acier inoxydable facile \u00e0 nettoyer permettant de gagner du temps. Syst\u00e8me de fabrication de glace par aspersion &#8211; gla\u00e7ons cristallins \u00e0 chaque fois. Production maximale : jusqu&rsquo;\u00e0 33kg\/24h. R\u00e9f\u00e9rence soumise \u00e0 une Eco-participation mobilier de 5.24\u20ac par unit\u00e9 vendue. Dimensions des gla\u00e7ons : 32 x 31 x 35 mm. Produit jusqu&rsquo;\u00e0 28 cubes en forme de chapeau par cycle. Le cycle de nettoyage automatique int\u00e9gr\u00e9 maximise l&rsquo;hygi\u00e8ne de la glace. Vidange par gravit\u00e9. Equip\u00e9e d&rsquo;une pompe de vidange. Bac de stockage de glace hygi\u00e9nique et antibact\u00e9rien. Capacit\u00e9 : 16kg. Construction en acier inoxydable facile \u00e0 nettoyer permettant de gagner du temps.<\/p>\n<p>Caract\u00e9ristiques :<br \/> Dimensions : 690(H) x 500(L) x 580(P) mm.<br \/> Mati\u00e8re : Inox.<br \/> Fr\u00e9on : R290.<br \/> Voltage : 230V.<br \/> Couleur : Argent.<br \/> Temp\u00e9rature ambiante : 43 \u00b0C.<\/p>\n","protected":false},"excerpt":{"rendered":"<div><img decoding=\"async\" src=\"https:\/\/abinox-chr-clim.com\/wp-content\/uploads\/2024\/03\/abinox-garantie-1-an.webp\" width=\"150px\"\/><\/div>\n<p>Machine \u00e0 gla\u00e7ons \u00e0 aspersion Polar S\u00e9rie U 33kg<\/p>\n","protected":false},"featured_media":99096,"comment_status":"closed","ping_status":"closed","template":"","meta":[],"product_brand":[],"product_cat":[1249,1253,1297],"product_tag":[],"class_list":{"0":"post-68908","1":"product","2":"type-product","3":"status-publish","4":"has-post-thumbnail","6":"product_cat-froid","7":"product_cat-machines-a-glacons-froid","8":"product_cat-non-palettisable","9":"product_shipping_class-free-shipping","11":"first","12":"outofstock","13":"featured","14":"taxable","15":"shipping-taxable","16":"purchasable","17":"product-type-simple"},"_links":{"self":[{"href":"https:\/\/abinox-chr-clim.com\/index.php\/wp-json\/wp\/v2\/product\/68908","targetHints":{"allow":["GET"]}}],"collection":[{"href":"https:\/\/abinox-chr-clim.com\/index.php\/wp-json\/wp\/v2\/product"}],"about":[{"href":"https:\/\/abinox-chr-clim.com\/index.php\/wp-json\/wp\/v2\/types\/product"}],"replies":[{"embeddable":true,"href":"https:\/\/abinox-chr-clim.com\/index.php\/wp-json\/wp\/v2\/comments?post=68908"}],"wp:featuredmedia":[{"embeddable":true,"href":"https:\/\/abinox-chr-clim.com\/index.php\/wp-json\/wp\/v2\/media\/99096"}],"wp:attachment":[{"href":"https:\/\/abinox-chr-clim.com\/index.php\/wp-json\/wp\/v2\/media?parent=68908"}],"wp:term":[{"taxonomy":"product_brand","embeddable":true,"href":"https:\/\/abinox-chr-clim.com\/index.php\/wp-json\/wp\/v2\/product_brand?post=68908"},{"taxonomy":"product_cat","embeddable":true,"href":"https:\/\/abinox-chr-clim.com\/index.php\/wp-json\/wp\/v2\/product_cat?post=68908"},{"taxonomy":"product_tag","embeddable":true,"href":"https:\/\/abinox-chr-clim.com\/index.php\/wp-json\/wp\/v2\/product_tag?post=68908"}],"curies":[{"name":"wp","href":"https:\/\/api.w.org\/{rel}","templated":true}]}}