{"id":68906,"date":"2024-03-22T16:18:28","date_gmt":"2024-03-22T15:18:28","guid":{"rendered":"https:\/\/abinox-chr-clim.com\/index.php\/product\/machine-a-glacons-dessous-de-comptoir-20kg-polar-serie-g\/"},"modified":"2026-04-14T09:20:14","modified_gmt":"2026-04-14T07:20:14","slug":"machine-a-glacons-dessous-de-comptoir-20kg-polar-serie-g","status":"publish","type":"product","link":"https:\/\/abinox-chr-clim.com\/index.php\/product\/machine-a-glacons-dessous-de-comptoir-20kg-polar-serie-g\/","title":{"rendered":"Machine \u00e0 gla\u00e7ons dessous de comptoir 20kg Polar S\u00e9rie G"},"content":{"rendered":"<p>Machine \u00e0 remplissage automatique par air con\u00e7ue pour la fabrication constante de gla\u00e7ons, id\u00e9ale pour les pubs, les bo\u00eetes de nuit et les bars. Fournie avec une pelle et un kit d&rsquo;installation.<br \/>La glace est distribu\u00e9e dans le bac d&rsquo;une capacit\u00e9 de 4 kg, pr\u00eate \u00e0 \u00eatre utilis\u00e9e imm\u00e9diatement. NB : Le bac \u00e0 glace n&rsquo;est pas r\u00e9frig\u00e9r\u00e9, il est donc n\u00e9cessaire d&rsquo;enlever les gla\u00e7ons au fur et \u00e0 mesure de leur production.Capacit\u00e9 impressionnante de 4 kg &#8211; parfaite pour les pics de demande.Commandes conviviales \u00e0 bouton-poussoir pour une utilisation simple n\u00e9cessitant peu de formation. La porte pleine aide \u00e0 maintenir la temp\u00e9rature et \u00e0 prot\u00e9ger la glace de la contamination. La construction rapide et facile \u00e0 nettoyer simplifie l&rsquo;entretien de l&rsquo;unit\u00e9.La fonction de d\u00e9givrage manuelle simple aide \u00e0 maintenir le fonctionnement optimal de l&rsquo;appareil.Les pieds r\u00e9glables robustes permettent un positionnement facile. Remplissage automatique &#8211; n\u00e9cessite un raccordement \u00e0 l&rsquo;eau courante pour une production de glace continue. Dimensions approximatives des gla\u00e7ons : 40(H) x 28(L) mm &#8211; gla\u00e7ons de forme arrondie. Livr\u00e9e avec pelle \u00e0  gla\u00e7ons et mat\u00e9riel d&rsquo;installation.Temp\u00e9rature ambiante : 15\u00b0C \u00e0 38\u00b0C. D\u00e9bit 20kg\/24h. R\u00e9f\u00e9rence soumise \u00e0 une Eco-participation DEEE de 2,36\u20ac par unit\u00e9 vendue. La glace est distribu\u00e9e dans le bac d&rsquo;une capacit\u00e9 de 4 kg, pr\u00eate \u00e0 \u00eatre utilis\u00e9e imm\u00e9diatement. NB : Le bac \u00e0 glace n&rsquo;est pas r\u00e9frig\u00e9r\u00e9, il est donc n\u00e9cessaire d&rsquo;enlever les gla\u00e7ons au fur et \u00e0 mesure de leur production. .<br \/> Caract\u00e9ristiques :<br \/> Capacit\u00e9 : 4 kg.<br \/> Dimensions : 590(H) x 380(L) x 477(P) mm.<br \/> Mati\u00e8re : Inox.<br \/> Sortie : 20 kg\/24 h.<br \/> Fr\u00e9on : R600a.<br \/> Voltage : 230V.<br \/> Couleur : Acier inoxydable.<br \/> Puissance : 200 W.<br \/> Temp\u00e9rature ambiante : 38 \u00b0C.<\/p>\n","protected":false},"excerpt":{"rendered":"<div><img decoding=\"async\" src=\"https:\/\/abinox-chr-clim.com\/wp-content\/uploads\/2024\/03\/abinox-garantie-1-an.webp\" width=\"150px\"\/><\/div>\n<p>Machine \u00e0 gla\u00e7ons dessous de comptoir 20kg Polar S\u00e9rie G<\/p>\n","protected":false},"featured_media":99191,"comment_status":"closed","ping_status":"closed","template":"","meta":[],"product_brand":[],"product_cat":[1249,1253,1296],"product_tag":[],"class_list":{"0":"post-68906","1":"product","2":"type-product","3":"status-publish","4":"has-post-thumbnail","6":"product_cat-froid","7":"product_cat-machines-a-glacons-froid","8":"product_cat-palettisable","10":"first","11":"instock","12":"featured","13":"taxable","14":"shipping-taxable","15":"purchasable","16":"product-type-simple"},"_links":{"self":[{"href":"https:\/\/abinox-chr-clim.com\/index.php\/wp-json\/wp\/v2\/product\/68906","targetHints":{"allow":["GET"]}}],"collection":[{"href":"https:\/\/abinox-chr-clim.com\/index.php\/wp-json\/wp\/v2\/product"}],"about":[{"href":"https:\/\/abinox-chr-clim.com\/index.php\/wp-json\/wp\/v2\/types\/product"}],"replies":[{"embeddable":true,"href":"https:\/\/abinox-chr-clim.com\/index.php\/wp-json\/wp\/v2\/comments?post=68906"}],"wp:featuredmedia":[{"embeddable":true,"href":"https:\/\/abinox-chr-clim.com\/index.php\/wp-json\/wp\/v2\/media\/99191"}],"wp:attachment":[{"href":"https:\/\/abinox-chr-clim.com\/index.php\/wp-json\/wp\/v2\/media?parent=68906"}],"wp:term":[{"taxonomy":"product_brand","embeddable":true,"href":"https:\/\/abinox-chr-clim.com\/index.php\/wp-json\/wp\/v2\/product_brand?post=68906"},{"taxonomy":"product_cat","embeddable":true,"href":"https:\/\/abinox-chr-clim.com\/index.php\/wp-json\/wp\/v2\/product_cat?post=68906"},{"taxonomy":"product_tag","embeddable":true,"href":"https:\/\/abinox-chr-clim.com\/index.php\/wp-json\/wp\/v2\/product_tag?post=68906"}],"curies":[{"name":"wp","href":"https:\/\/api.w.org\/{rel}","templated":true}]}}