{"id":68904,"date":"2024-03-22T16:18:27","date_gmt":"2024-03-22T15:18:27","guid":{"rendered":"https:\/\/abinox-chr-clim.com\/index.php\/product\/machine-a-glacons-ronds-polar-50kg-24hr\/"},"modified":"2026-04-14T09:46:07","modified_gmt":"2026-04-14T07:46:07","slug":"machine-a-glacons-ronds-polar-50kg-24hr","status":"publish","type":"product","link":"https:\/\/abinox-chr-clim.com\/index.php\/product\/machine-a-glacons-ronds-polar-50kg-24hr\/","title":{"rendered":"Machine \u00e0 gla\u00e7ons ronds Polar 50kg\/24hr"},"content":{"rendered":"<p>Machine \u00e0 remplissage automatique con\u00e7ue pour un approvisionnement constant et important en gla\u00e7ons, id\u00e9ale pour les bars et pubs. Fournie avec pelle et raccords au r\u00e9seau d&rsquo;eau.<br \/>La glace est distribu\u00e9e dans le bac d&rsquo;une capacit\u00e9 de 10 kg, pr\u00eate \u00e0 \u00eatre utilis\u00e9e imm\u00e9diatement. NB : Le bac \u00e0 glace n&rsquo;est pas r\u00e9frig\u00e9r\u00e9, il est donc n\u00e9cessaire d&rsquo;enlever les gla\u00e7ons au fur et \u00e0 mesure de leur production.Cette quantit\u00e9 impressionnante vous aidera \u00e0 rester au top de la demande. Commandes conviviales \u00e0 bouton-poussoir pour une utilisation simple et peu de formation requise. La porte solide aide \u00e0 maintenir la temp\u00e9rature et \u00e0 garder la glace \u00e0 l&rsquo;abri des contaminants. Construction facile \u00e0 nettoyer et faisant gagner du temps, avec mode de nettoyage automatique pour un entretien sans effort. La fonction de d\u00e9givrage simple et manuelle aide \u00e0 maintenir l&rsquo;unit\u00e9 dans une condition de fonctionnement optimale. Pieds robustes et r\u00e9glables pour un positionnement facile. Remplissage automatique &#8211; n\u00e9cessite une plomberie raccord\u00e9e au r\u00e9seau pour la production de glace sans arr\u00eat. Distribue des gla\u00e7ons en forme de balle. Pompe d&rsquo;\u00e9coulement interne standard &#8211; facile \u00e0 installer. Plage de temp\u00e9rature ambiante\u00a0: 15\u00b0C \u00e0 38\u00b0C. Veuillez noter que cet article d\u00e9passe 30 kg et que notre transporteur peut donc avoir besoin d&rsquo;aide au point de livraison. La glace est distribu\u00e9e dans le bac d&rsquo;une capacit\u00e9 de 10 kg, pr\u00eate \u00e0 \u00eatre utilis\u00e9e imm\u00e9diatement. NB : Le bac \u00e0 glace n&rsquo;est pas r\u00e9frig\u00e9r\u00e9, il est donc n\u00e9cessaire d&rsquo;enlever les gla\u00e7ons au fur et \u00e0 mesure de leur production. .<br \/> Caract\u00e9ristiques :<br \/> Capacit\u00e9 : 10kg.<br \/> Dimensions : 831(H) x 498(L) x 604(P) mm.<br \/> Mati\u00e8re : Acier inoxydable.<br \/> Sortie : 50kg\/24h.<br \/> Fr\u00e9on : R290.<br \/> Voltage : 230V.<br \/> Couleur : Acier inoxydable.<br \/> Puissance : 280 W.<br \/> Temp\u00e9rature ambiante : 38 \u00b0C.<\/p>\n","protected":false},"excerpt":{"rendered":"<div><img decoding=\"async\" src=\"https:\/\/abinox-chr-clim.com\/wp-content\/uploads\/2024\/03\/abinox-garantie-1-an.webp\" width=\"150px\"\/><\/div>\n<p>Machine \u00e0 gla\u00e7ons ronds Polar 50kg\/24hr<\/p>\n","protected":false},"featured_media":102063,"comment_status":"closed","ping_status":"closed","template":"","meta":[],"product_brand":[],"product_cat":[1249,1253,1296],"product_tag":[],"class_list":{"0":"post-68904","1":"product","2":"type-product","3":"status-publish","4":"has-post-thumbnail","6":"product_cat-froid","7":"product_cat-machines-a-glacons-froid","8":"product_cat-palettisable","10":"first","11":"instock","12":"featured","13":"taxable","14":"shipping-taxable","15":"purchasable","16":"product-type-simple"},"_links":{"self":[{"href":"https:\/\/abinox-chr-clim.com\/index.php\/wp-json\/wp\/v2\/product\/68904","targetHints":{"allow":["GET"]}}],"collection":[{"href":"https:\/\/abinox-chr-clim.com\/index.php\/wp-json\/wp\/v2\/product"}],"about":[{"href":"https:\/\/abinox-chr-clim.com\/index.php\/wp-json\/wp\/v2\/types\/product"}],"replies":[{"embeddable":true,"href":"https:\/\/abinox-chr-clim.com\/index.php\/wp-json\/wp\/v2\/comments?post=68904"}],"wp:featuredmedia":[{"embeddable":true,"href":"https:\/\/abinox-chr-clim.com\/index.php\/wp-json\/wp\/v2\/media\/102063"}],"wp:attachment":[{"href":"https:\/\/abinox-chr-clim.com\/index.php\/wp-json\/wp\/v2\/media?parent=68904"}],"wp:term":[{"taxonomy":"product_brand","embeddable":true,"href":"https:\/\/abinox-chr-clim.com\/index.php\/wp-json\/wp\/v2\/product_brand?post=68904"},{"taxonomy":"product_cat","embeddable":true,"href":"https:\/\/abinox-chr-clim.com\/index.php\/wp-json\/wp\/v2\/product_cat?post=68904"},{"taxonomy":"product_tag","embeddable":true,"href":"https:\/\/abinox-chr-clim.com\/index.php\/wp-json\/wp\/v2\/product_tag?post=68904"}],"curies":[{"name":"wp","href":"https:\/\/api.w.org\/{rel}","templated":true}]}}