{"id":68899,"date":"2024-03-22T16:18:26","date_gmt":"2024-03-22T15:18:26","guid":{"rendered":"https:\/\/abinox-chr-clim.com\/index.php\/product\/broyeur-a-glace-caterlite\/"},"modified":"2026-04-14T10:03:00","modified_gmt":"2026-04-14T08:03:00","slug":"broyeur-a-glace-caterlite","status":"publish","type":"product","link":"https:\/\/abinox-chr-clim.com\/index.php\/product\/broyeur-a-glace-caterlite\/","title":{"rendered":"Broyeur \u00e0 glace Caterlite"},"content":{"rendered":"<p>Broyez 12 kg de glace par heure avec ce broyeur \u00e0 glace de comptoir compact mais puissant. \u00c9quip\u00e9 de lames robustes en acier inoxydable et d&rsquo;une grande tr\u00e9mie d&rsquo;alimentation pour faciliter le chargement de la glace. NB : Usage domestique (peu intensif) uniquement.<br \/>D\u00e9bit 12kg\/h max. Grande goulotte d&rsquo;alimentation. Commutateur manuel \u00e0 bascule. R\u00e9f\u00e9rence soumise \u00e0 une Eco-participation mobilier de 0.24\u20ac par unit\u00e9 vendue. Lames en acier inoxydable. Bo\u00eetier en acier inoxydable bross\u00e9. Pour les gla\u00e7ons jusqu&rsquo;\u00e0 2cm\u00b2. Usage domestique (peu intensif) uniquement.Bac collecteur en plastique transparent de 3 litres. D\u00e9bit 12kg\/h max.<\/p>\n<p>Caract\u00e9ristiques :<br \/> Dimensions : 460(H) x 220(L) x 170(P)mm.<br \/> Mati\u00e8re : Acier inoxydable.<br \/> Voltage : 220-240V.<br \/> Couleur : Argent.<\/p>\n","protected":false},"excerpt":{"rendered":"<div><img decoding=\"async\" src=\"https:\/\/abinox-chr-clim.com\/wp-content\/uploads\/2024\/03\/abinox-garantie.webp\" width=\"400px\"\/><\/div>\n<p>Broyeur \u00e0 glace Caterlite<\/p>\n","protected":false},"featured_media":86104,"comment_status":"closed","ping_status":"closed","template":"","meta":[],"product_brand":[],"product_cat":[1249,1253,1297],"product_tag":[],"class_list":{"0":"post-68899","1":"product","2":"type-product","3":"status-publish","4":"has-post-thumbnail","6":"product_cat-froid","7":"product_cat-machines-a-glacons-froid","8":"product_cat-non-palettisable","9":"product_shipping_class-free-shipping","11":"first","12":"instock","13":"featured","14":"taxable","15":"shipping-taxable","16":"purchasable","17":"product-type-simple"},"_links":{"self":[{"href":"https:\/\/abinox-chr-clim.com\/index.php\/wp-json\/wp\/v2\/product\/68899","targetHints":{"allow":["GET"]}}],"collection":[{"href":"https:\/\/abinox-chr-clim.com\/index.php\/wp-json\/wp\/v2\/product"}],"about":[{"href":"https:\/\/abinox-chr-clim.com\/index.php\/wp-json\/wp\/v2\/types\/product"}],"replies":[{"embeddable":true,"href":"https:\/\/abinox-chr-clim.com\/index.php\/wp-json\/wp\/v2\/comments?post=68899"}],"wp:featuredmedia":[{"embeddable":true,"href":"https:\/\/abinox-chr-clim.com\/index.php\/wp-json\/wp\/v2\/media\/86104"}],"wp:attachment":[{"href":"https:\/\/abinox-chr-clim.com\/index.php\/wp-json\/wp\/v2\/media?parent=68899"}],"wp:term":[{"taxonomy":"product_brand","embeddable":true,"href":"https:\/\/abinox-chr-clim.com\/index.php\/wp-json\/wp\/v2\/product_brand?post=68899"},{"taxonomy":"product_cat","embeddable":true,"href":"https:\/\/abinox-chr-clim.com\/index.php\/wp-json\/wp\/v2\/product_cat?post=68899"},{"taxonomy":"product_tag","embeddable":true,"href":"https:\/\/abinox-chr-clim.com\/index.php\/wp-json\/wp\/v2\/product_tag?post=68899"}],"curies":[{"name":"wp","href":"https:\/\/api.w.org\/{rel}","templated":true}]}}