{"id":68898,"date":"2024-03-22T16:18:25","date_gmt":"2024-03-22T15:18:25","guid":{"rendered":"https:\/\/abinox-chr-clim.com\/index.php\/product\/filtre-a-eau-cube-line\/"},"modified":"2026-04-14T10:02:13","modified_gmt":"2026-04-14T08:02:13","slug":"filtre-a-eau-cube-line","status":"publish","type":"product","link":"https:\/\/abinox-chr-clim.com\/index.php\/product\/filtre-a-eau-cube-line\/","title":{"rendered":"Filtre \u00e0 eau Cube Line"},"content":{"rendered":"<p>D\u00e9bit nominal. Temp\u00e9rature d&rsquo;arriv\u00e9e. Connection 3\/4\u00a0\u00bb. 4 niveaux de traitements &#8211; Filtration des solides, inhibiteur de tartre, r\u00e9duction du go\u00fbt et de l&rsquo;odeur de chlore, formule antibact\u00e9rienne. Remplacement tous les 60000 litres ou tous les 6 mois.  D\u00e9bit nominal.<\/p>\n<p>Caract\u00e9ristiques :<br \/> Dimensions : 310(H) x 120(\u00d8)mm.<br \/> Mati\u00e8re : Plastique<\/p>\n","protected":false},"excerpt":{"rendered":"<div><img decoding=\"async\" src=\"https:\/\/abinox-chr-clim.com\/wp-content\/uploads\/2024\/03\/abinox-garantie.webp\" width=\"400px\"\/><\/div>\n<p>Filtre \u00e0 eau Cube Line<\/p>\n","protected":false},"featured_media":85838,"comment_status":"closed","ping_status":"closed","template":"","meta":[],"product_brand":[],"product_cat":[1249,1253,1297],"product_tag":[],"class_list":{"0":"post-68898","1":"product","2":"type-product","3":"status-publish","4":"has-post-thumbnail","6":"product_cat-froid","7":"product_cat-machines-a-glacons-froid","8":"product_cat-non-palettisable","9":"product_shipping_class-free-shipping","11":"first","12":"outofstock","13":"featured","14":"taxable","15":"shipping-taxable","16":"purchasable","17":"product-type-simple"},"_links":{"self":[{"href":"https:\/\/abinox-chr-clim.com\/index.php\/wp-json\/wp\/v2\/product\/68898","targetHints":{"allow":["GET"]}}],"collection":[{"href":"https:\/\/abinox-chr-clim.com\/index.php\/wp-json\/wp\/v2\/product"}],"about":[{"href":"https:\/\/abinox-chr-clim.com\/index.php\/wp-json\/wp\/v2\/types\/product"}],"replies":[{"embeddable":true,"href":"https:\/\/abinox-chr-clim.com\/index.php\/wp-json\/wp\/v2\/comments?post=68898"}],"wp:featuredmedia":[{"embeddable":true,"href":"https:\/\/abinox-chr-clim.com\/index.php\/wp-json\/wp\/v2\/media\/85838"}],"wp:attachment":[{"href":"https:\/\/abinox-chr-clim.com\/index.php\/wp-json\/wp\/v2\/media?parent=68898"}],"wp:term":[{"taxonomy":"product_brand","embeddable":true,"href":"https:\/\/abinox-chr-clim.com\/index.php\/wp-json\/wp\/v2\/product_brand?post=68898"},{"taxonomy":"product_cat","embeddable":true,"href":"https:\/\/abinox-chr-clim.com\/index.php\/wp-json\/wp\/v2\/product_cat?post=68898"},{"taxonomy":"product_tag","embeddable":true,"href":"https:\/\/abinox-chr-clim.com\/index.php\/wp-json\/wp\/v2\/product_tag?post=68898"}],"curies":[{"name":"wp","href":"https:\/\/api.w.org\/{rel}","templated":true}]}}