{"id":68896,"date":"2024-03-22T16:18:25","date_gmt":"2024-03-22T15:18:25","guid":{"rendered":"https:\/\/abinox-chr-clim.com\/index.php\/product\/machine-a-glacons-gastro-m-65kg-24h\/"},"modified":"2026-04-14T09:53:15","modified_gmt":"2026-04-14T07:53:15","slug":"machine-a-glacons-gastro-m-65kg-24h","status":"publish","type":"product","link":"https:\/\/abinox-chr-clim.com\/index.php\/product\/machine-a-glacons-gastro-m-65kg-24h\/","title":{"rendered":"Machine \u00e0 gla\u00e7ons Gastro M 65kg\/24h"},"content":{"rendered":"<p>Machines \u00e0 gla\u00e7ons de qualit\u00e9 professionnelle en acier inoxydable, \u00e9quip\u00e9es d&rsquo;un condenseur en cuivre, refroidissement par air et syst\u00e8me \u00e0 injection. Livr\u00e9es avec un flexible d&rsquo;alimentation et de vidange, et une pelle \u00e0 glace.<br \/>Acier inoxydable 18\/8. Gla\u00e7ons creux. Pieds r\u00e9glables. R\u00e9f\u00e9rence soumise \u00e0 une Eco-participation mobilier de 0.62\u20ac par unit\u00e9 vendue. Fabrication europ\u00e9enne. Grand bac de stockage.Isolation efficace. Acier inoxydable 18\/8.<\/p>\n<p>Caract\u00e9ristiques :<br \/> Capacit\u00e9 : 30kg.<br \/> Dimensions : 820(H) x 600(L) x 580(P) mm.<br \/> Mati\u00e8re : Acier inoxydable 18\/8.<br \/> Fr\u00e9on : R454C.<br \/> Voltage : 230V.<br \/> Couleur : Acier inoxydable.<\/p>\n","protected":false},"excerpt":{"rendered":"<div><img decoding=\"async\" src=\"https:\/\/abinox-chr-clim.com\/wp-content\/uploads\/2024\/03\/abinox-garantie-1-an.webp\" width=\"150px\"\/><\/div>\n<p>Machine \u00e0 gla\u00e7ons Gastro M 65kg\/24h<\/p>\n","protected":false},"featured_media":85835,"comment_status":"closed","ping_status":"closed","template":"","meta":[],"product_brand":[],"product_cat":[1249,1253,1296],"product_tag":[],"class_list":{"0":"post-68896","1":"product","2":"type-product","3":"status-publish","4":"has-post-thumbnail","6":"product_cat-froid","7":"product_cat-machines-a-glacons-froid","8":"product_cat-palettisable","10":"first","11":"instock","12":"featured","13":"taxable","14":"shipping-taxable","15":"purchasable","16":"product-type-simple"},"_links":{"self":[{"href":"https:\/\/abinox-chr-clim.com\/index.php\/wp-json\/wp\/v2\/product\/68896","targetHints":{"allow":["GET"]}}],"collection":[{"href":"https:\/\/abinox-chr-clim.com\/index.php\/wp-json\/wp\/v2\/product"}],"about":[{"href":"https:\/\/abinox-chr-clim.com\/index.php\/wp-json\/wp\/v2\/types\/product"}],"replies":[{"embeddable":true,"href":"https:\/\/abinox-chr-clim.com\/index.php\/wp-json\/wp\/v2\/comments?post=68896"}],"wp:featuredmedia":[{"embeddable":true,"href":"https:\/\/abinox-chr-clim.com\/index.php\/wp-json\/wp\/v2\/media\/85835"}],"wp:attachment":[{"href":"https:\/\/abinox-chr-clim.com\/index.php\/wp-json\/wp\/v2\/media?parent=68896"}],"wp:term":[{"taxonomy":"product_brand","embeddable":true,"href":"https:\/\/abinox-chr-clim.com\/index.php\/wp-json\/wp\/v2\/product_brand?post=68896"},{"taxonomy":"product_cat","embeddable":true,"href":"https:\/\/abinox-chr-clim.com\/index.php\/wp-json\/wp\/v2\/product_cat?post=68896"},{"taxonomy":"product_tag","embeddable":true,"href":"https:\/\/abinox-chr-clim.com\/index.php\/wp-json\/wp\/v2\/product_tag?post=68896"}],"curies":[{"name":"wp","href":"https:\/\/api.w.org\/{rel}","templated":true}]}}