{"id":68894,"date":"2024-03-22T16:18:24","date_gmt":"2024-03-22T15:18:24","guid":{"rendered":"https:\/\/abinox-chr-clim.com\/index.php\/product\/machine-a-glacons-de-comptoir-15kg-polar-serie-c\/"},"modified":"2026-04-14T10:46:17","modified_gmt":"2026-04-14T08:46:17","slug":"machine-a-glacons-de-comptoir-15kg-polar-serie-c","status":"publish","type":"product","link":"https:\/\/abinox-chr-clim.com\/index.php\/product\/machine-a-glacons-de-comptoir-15kg-polar-serie-c\/","title":{"rendered":"Machine \u00e0 gla\u00e7ons de comptoir 15kg Polar S\u00e9rie C"},"content":{"rendered":"<p>Machine \u00e0 gla\u00e7ons de comptoir compacte avec bo\u00eetier en acier inoxydable 304 durable et facile \u00e0 nettoyer. Couvercle rabattable pour un acc\u00e8s rapide et facile. Soulever simplement le couvercle pour remplir le r\u00e9servoir. Le panier int\u00e9rieur amovible d&rsquo;une capacit\u00e9 de 2 kg se remplit de glace. Livr\u00e9e avec pelle.<br \/>Bac \u00e0 gla\u00e7ons d&rsquo;une capacit\u00e9 de 2 kg facile d&rsquo;acc\u00e8s &#8211; pour une utilisation imm\u00e9diate. La s\u00e9lection de la taille vous permet de d\u00e9finir les gla\u00e7ons convenant le mieux \u00e0 votre service de boissons. Produit jusqu&rsquo;\u00e0 12 gla\u00e7ons toutes les 10 minutes &#8211; id\u00e9al pour une demande peu importante. R\u00e9f\u00e9rence soumise \u00e0 une Eco-participation mobilier de 2.29\u20ac par unit\u00e9 vendue. Le couvercle aide \u00e0 maintenir la temp\u00e9rature et \u00e0 prot\u00e9ger la glace de la contamination. Construction rapide et facile \u00e0 nettoyer. La fonction manuelle simple de d\u00e9givrage aide \u00e0 maintenir le fonctionnement optimal de la machine. Les pieds robustes permettent un positionnement sur le comptoir pour un acc\u00e8s facile. Remplissage manuel &#8211; aucun raccordement \u00e0 l&rsquo;eau ou syst\u00e8me de vidange n\u00e9cessaires. Livr\u00e9e avec une pelle \u00e0 glace alimentaire. Les commandes conviviales \u00e0 bouton-poussoir garantissent une op\u00e9ration simple avec peu de formation requise. Bac \u00e0 gla\u00e7ons d&rsquo;une capacit\u00e9 de 2 kg facile d&rsquo;acc\u00e8s &#8211; pour une utilisation imm\u00e9diate.<\/p>\n<p>Caract\u00e9ristiques :<br \/> Capacit\u00e9 : 2kg.<br \/> Dimensions : 415(H) x 365(L) x 420(P) mm.<br \/> Mati\u00e8re : Inox.<br \/> Sortie : 15kg\/24hr.<br \/> Fr\u00e9on : R600a.<br \/> Voltage : 230V.<br \/> Couleur : Argent.<br \/> Puissance : 150 W.<br \/> Temp\u00e9rature ambiante : 38 \u00b0C.<\/p>\n","protected":false},"excerpt":{"rendered":"<div><img decoding=\"async\" src=\"https:\/\/abinox-chr-clim.com\/wp-content\/uploads\/2024\/03\/abinox-garantie-1-an.webp\" width=\"150px\"\/><\/div>\n<p>Machine \u00e0 gla\u00e7ons de comptoir 15kg Polar S\u00e9rie C<\/p>\n","protected":false},"featured_media":103370,"comment_status":"closed","ping_status":"closed","template":"","meta":[],"product_brand":[],"product_cat":[1249,1253,1297],"product_tag":[],"class_list":{"0":"post-68894","1":"product","2":"type-product","3":"status-publish","4":"has-post-thumbnail","6":"product_cat-froid","7":"product_cat-machines-a-glacons-froid","8":"product_cat-non-palettisable","9":"product_shipping_class-free-shipping","11":"first","12":"instock","13":"featured","14":"taxable","15":"shipping-taxable","16":"purchasable","17":"product-type-simple"},"_links":{"self":[{"href":"https:\/\/abinox-chr-clim.com\/index.php\/wp-json\/wp\/v2\/product\/68894","targetHints":{"allow":["GET"]}}],"collection":[{"href":"https:\/\/abinox-chr-clim.com\/index.php\/wp-json\/wp\/v2\/product"}],"about":[{"href":"https:\/\/abinox-chr-clim.com\/index.php\/wp-json\/wp\/v2\/types\/product"}],"replies":[{"embeddable":true,"href":"https:\/\/abinox-chr-clim.com\/index.php\/wp-json\/wp\/v2\/comments?post=68894"}],"wp:featuredmedia":[{"embeddable":true,"href":"https:\/\/abinox-chr-clim.com\/index.php\/wp-json\/wp\/v2\/media\/103370"}],"wp:attachment":[{"href":"https:\/\/abinox-chr-clim.com\/index.php\/wp-json\/wp\/v2\/media?parent=68894"}],"wp:term":[{"taxonomy":"product_brand","embeddable":true,"href":"https:\/\/abinox-chr-clim.com\/index.php\/wp-json\/wp\/v2\/product_brand?post=68894"},{"taxonomy":"product_cat","embeddable":true,"href":"https:\/\/abinox-chr-clim.com\/index.php\/wp-json\/wp\/v2\/product_cat?post=68894"},{"taxonomy":"product_tag","embeddable":true,"href":"https:\/\/abinox-chr-clim.com\/index.php\/wp-json\/wp\/v2\/product_tag?post=68894"}],"curies":[{"name":"wp","href":"https:\/\/api.w.org\/{rel}","templated":true}]}}