{"id":68892,"date":"2024-03-22T16:18:24","date_gmt":"2024-03-22T15:18:24","guid":{"rendered":"https:\/\/abinox-chr-clim.com\/index.php\/product\/broyeur-a-glace-electrique-53a-santos\/"},"modified":"2026-04-14T08:41:26","modified_gmt":"2026-04-14T06:41:26","slug":"broyeur-a-glace-electrique-53a-santos","status":"publish","type":"product","link":"https:\/\/abinox-chr-clim.com\/index.php\/product\/broyeur-a-glace-electrique-53a-santos\/","title":{"rendered":"Broyeur \u00e0 glace \u00e9lectrique 53A Santos"},"content":{"rendered":"<p>Appareil facile \u00e0 utiliser offrant jusqu&rsquo;\u00e0 3 kg de glace pil\u00e9e par minute. Peut \u00e9craser la glace de mani\u00e8re \u00e0 la fois fine et grossi\u00e8re, id\u00e9al pour la r\u00e9alisation de cocktails glac\u00e9s. Moulage ABS et structure en acier inoxydable avec un moteur robuste silencieux. Utilisation mains libres : pas besoin d&rsquo;appuyer sur le bouton ou alimenter en glace en continu Toutes les pi\u00e8ces amovibles sont lavables au lave-vaisselle. Id\u00e9al pour une utilisation intensive et en continu.<br \/>Id\u00e9al pour une utilisation intensive et en continu.Bac \u00e0 gla\u00e7ons 1,2kg.Pieds antid\u00e9rapants. R\u00e9f\u00e9rence soumise \u00e0 une Eco-participation mobilier de 1.23\u20ac par unit\u00e9 vendue. Minuterie manuelle et automatique. Garantie constructeur 5 ans sur moteur.Fonctionnement mains libres. Moteur \u00e0 induction puissant. Coupe-circuit de s\u00e9curit\u00e9 automatique. Modes de broyage automatique et par impulsion. Plateau r\u00e9cepteur amovible. R\u00e9f\u00e9rence soumise \u00e0 une Eco-participation DEEE de 0,80\u20ac par unit\u00e9 vendue. Id\u00e9al pour une utilisation intensive et en continu. .<br \/> Caract\u00e9ristiques :<br \/> Capacit\u00e9 : 1.2kg (tr\u00e9mie).<br \/> Dimensions : 474(H) x 236(L) x 353(P)mm.<br \/> Mati\u00e8re : Acier inoxydable\/plastique.<br \/> Sortie : Max: 180kg\/heure.<br \/> Vitesse : 73tr\/mn.<br \/> Voltage : 230V.<br \/> Couleur : Acier inoxydable.<br \/> Puissance : 130 W.<\/p>\n","protected":false},"excerpt":{"rendered":"<div><img decoding=\"async\" src=\"https:\/\/abinox-chr-clim.com\/wp-content\/uploads\/2024\/03\/abinox-garantie.webp\" width=\"400px\"\/><\/div>\n<p>Broyeur \u00e0 glace \u00e9lectrique 53A Santos<\/p>\n","protected":false},"featured_media":82957,"comment_status":"closed","ping_status":"closed","template":"","meta":[],"product_brand":[],"product_cat":[1249,1253,1297],"product_tag":[],"class_list":{"0":"post-68892","1":"product","2":"type-product","3":"status-publish","4":"has-post-thumbnail","6":"product_cat-froid","7":"product_cat-machines-a-glacons-froid","8":"product_cat-non-palettisable","9":"product_shipping_class-free-shipping","11":"first","12":"instock","13":"featured","14":"taxable","15":"shipping-taxable","16":"purchasable","17":"product-type-simple"},"_links":{"self":[{"href":"https:\/\/abinox-chr-clim.com\/index.php\/wp-json\/wp\/v2\/product\/68892","targetHints":{"allow":["GET"]}}],"collection":[{"href":"https:\/\/abinox-chr-clim.com\/index.php\/wp-json\/wp\/v2\/product"}],"about":[{"href":"https:\/\/abinox-chr-clim.com\/index.php\/wp-json\/wp\/v2\/types\/product"}],"replies":[{"embeddable":true,"href":"https:\/\/abinox-chr-clim.com\/index.php\/wp-json\/wp\/v2\/comments?post=68892"}],"wp:featuredmedia":[{"embeddable":true,"href":"https:\/\/abinox-chr-clim.com\/index.php\/wp-json\/wp\/v2\/media\/82957"}],"wp:attachment":[{"href":"https:\/\/abinox-chr-clim.com\/index.php\/wp-json\/wp\/v2\/media?parent=68892"}],"wp:term":[{"taxonomy":"product_brand","embeddable":true,"href":"https:\/\/abinox-chr-clim.com\/index.php\/wp-json\/wp\/v2\/product_brand?post=68892"},{"taxonomy":"product_cat","embeddable":true,"href":"https:\/\/abinox-chr-clim.com\/index.php\/wp-json\/wp\/v2\/product_cat?post=68892"},{"taxonomy":"product_tag","embeddable":true,"href":"https:\/\/abinox-chr-clim.com\/index.php\/wp-json\/wp\/v2\/product_tag?post=68892"}],"curies":[{"name":"wp","href":"https:\/\/api.w.org\/{rel}","templated":true}]}}