{"id":68890,"date":"2024-03-22T16:18:23","date_gmt":"2024-03-22T15:18:23","guid":{"rendered":"https:\/\/abinox-chr-clim.com\/index.php\/product\/cellule-de-refroidissement-commandes-tactiles-polar-serie-u-14-18-kg\/"},"modified":"2026-04-02T09:57:12","modified_gmt":"2026-04-02T07:57:12","slug":"cellule-de-refroidissement-commandes-tactiles-polar-serie-u-14-18-kg","status":"publish","type":"product","link":"https:\/\/abinox-chr-clim.com\/index.php\/product\/cellule-de-refroidissement-commandes-tactiles-polar-serie-u-14-18-kg\/","title":{"rendered":"Cellule de refroidissement commandes tactiles Polar S\u00e9rie-U 14\/18 kg"},"content":{"rendered":"<p>Diminue rapidement et efficacement la temp\u00e9rature des aliments gr\u00e2ce \u00e0 une puissante technologie de refroidissement. Assure le respect des exigences d&rsquo;hygi\u00e8ne alimentaire, tout en pr\u00e9servant le go\u00fbt, la texture et la valeur nutritionnelle de vos plats. La sonde alimentaire int\u00e9gr\u00e9e vous aide \u00e0 surveiller le processus de refroidissement. Les commandes tactiles LCD permettent une programmation facile. Enregistrez vos propres instructions de refroidissement ou faites le choix parmi des cycles pr\u00e9r\u00e9gl\u00e9s en fonction de votre type de produit.<br \/>Commandes tactiles LCD faciles \u00e0 utiliser. Programmable pour enregistrer vos propres \u00ab\u00a0recettes\u00a0\u00bb. Compatibles GN 1\/1 (\u00e9tag\u00e8res non fournies). R\u00e9f\u00e9rence soumise \u00e0 une Eco-participation mobilier de 12.64\u20ac par unit\u00e9 vendue. Comprend une sonde alimentaire. Refroidit de 70\u00b0C \u00e0 3\u00b0C en 90mn. Surg\u00e8le de 70\u00b0C \u00e0 -18\u00b0C en 240mn. Porte r\u00e9versible. Construction inox. Commandes tactiles LCD faciles \u00e0 utiliser.<\/p>\n<p>Caract\u00e9ristiques :<br \/> Dimensions : 1035(H) x 804(L) x 826(P) mm.<br \/> Mati\u00e8re : .<br \/> Isolation : 6 cm.<br \/> Fr\u00e9on : R290 \/ 60g.<br \/> Voltage : 230V.<br \/> Couleur : Acier inoxydable.<br \/> Temp\u00e9rature ambiante : 32 \u00b0C.<br \/> Classe climatique : 4.<br \/> Bac GN : GN 1\/1XY.<\/p>\n","protected":false},"excerpt":{"rendered":"<div><img decoding=\"async\" src=\"https:\/\/abinox-chr-clim.com\/wp-content\/uploads\/2024\/03\/abinox-garantie.webp\" width=\"400px\"\/><\/div>\n<p>Cellule de refroidissement commandes tactiles Polar S\u00e9rie-U 14\/18 kg<\/p>\n","protected":false},"featured_media":99001,"comment_status":"closed","ping_status":"closed","template":"","meta":[],"product_brand":[],"product_cat":[1252,1249,1296],"product_tag":[],"class_list":{"0":"post-68890","1":"product","2":"type-product","3":"status-publish","4":"has-post-thumbnail","6":"product_cat-cellules-de-refroidissement-et-surgelation","7":"product_cat-froid","8":"product_cat-palettisable","10":"first","11":"instock","12":"featured","13":"taxable","14":"shipping-taxable","15":"purchasable","16":"product-type-simple"},"_links":{"self":[{"href":"https:\/\/abinox-chr-clim.com\/index.php\/wp-json\/wp\/v2\/product\/68890","targetHints":{"allow":["GET"]}}],"collection":[{"href":"https:\/\/abinox-chr-clim.com\/index.php\/wp-json\/wp\/v2\/product"}],"about":[{"href":"https:\/\/abinox-chr-clim.com\/index.php\/wp-json\/wp\/v2\/types\/product"}],"replies":[{"embeddable":true,"href":"https:\/\/abinox-chr-clim.com\/index.php\/wp-json\/wp\/v2\/comments?post=68890"}],"wp:featuredmedia":[{"embeddable":true,"href":"https:\/\/abinox-chr-clim.com\/index.php\/wp-json\/wp\/v2\/media\/99001"}],"wp:attachment":[{"href":"https:\/\/abinox-chr-clim.com\/index.php\/wp-json\/wp\/v2\/media?parent=68890"}],"wp:term":[{"taxonomy":"product_brand","embeddable":true,"href":"https:\/\/abinox-chr-clim.com\/index.php\/wp-json\/wp\/v2\/product_brand?post=68890"},{"taxonomy":"product_cat","embeddable":true,"href":"https:\/\/abinox-chr-clim.com\/index.php\/wp-json\/wp\/v2\/product_cat?post=68890"},{"taxonomy":"product_tag","embeddable":true,"href":"https:\/\/abinox-chr-clim.com\/index.php\/wp-json\/wp\/v2\/product_tag?post=68890"}],"curies":[{"name":"wp","href":"https:\/\/api.w.org\/{rel}","templated":true}]}}