{"id":68888,"date":"2024-03-22T16:18:22","date_gmt":"2024-03-22T15:18:22","guid":{"rendered":"https:\/\/abinox-chr-clim.com\/index.php\/product\/cellule-de-refroidissement-et-congelation-rapides-de-comptoir-polar-serie-g-8kg-5kg\/"},"modified":"2026-04-02T09:21:41","modified_gmt":"2026-04-02T07:21:41","slug":"cellule-de-refroidissement-et-congelation-rapides-de-comptoir-polar-serie-g-8kg-5kg","status":"publish","type":"product","link":"https:\/\/abinox-chr-clim.com\/index.php\/product\/cellule-de-refroidissement-et-congelation-rapides-de-comptoir-polar-serie-g-8kg-5kg\/","title":{"rendered":"Cellule de refroidissement et cong\u00e9lation rapides de comptoir Polar S\u00e9rie G 8kg \/ 5kg"},"content":{"rendered":"<p>Cellule de refroidissement et de surg\u00e9lation rapide compacte pouvant refroidir et congeler de grandes quantit\u00e9s d&rsquo;aliments en un minimum de temps. Le go\u00fbt, l&rsquo;apparence et la qualit\u00e9 nutritive des aliments sont pr\u00e9serv\u00e9s. Porte \u00e0 fermeture automatique avec isolation de 60mm afin d&rsquo;assurer une grande efficacit\u00e9 thermique. Joint de porte amovible pour faciliter le nettoyage. Sonde alimentaire incluse. Bacs GN non inclus.<br \/>Compatible GN 2\/3 (livr\u00e9e sans plaque ou bac). Int\u00e9rieur et ext\u00e9rieur en acier inoxydable. Epaisseur d&rsquo;isolation 60mm permettant des \u00e9conomies d&rsquo;\u00e9nergie. R\u00e9f\u00e9rence soumise \u00e0 une Eco-participation mobilier de 5.67\u20ac par unit\u00e9 vendue. Refroidit 8kg d&rsquo;aliments de +70\u00b0C \u00e0 +3\u00b0C en 90mn. Surg\u00e8le 5kg d&rsquo;aliments de +70\u00b0C \u00e0 -18\u00b0C en 240mn. Sonde alimentaire int\u00e9gr\u00e9e. Capacit\u00e9 : 3x GN 2\/3 65mm. Porte facile \u00e0 nettoyer avec joint amovible. R\u00e9f\u00e9rence soumise \u00e0 une Eco-participation DEEE de 2,73\u20ac par unit\u00e9 vendue. Compatible GN 2\/3 (livr\u00e9e sans plaque ou bac).<\/p>\n<p>Caract\u00e9ristiques :<br \/> Dimensions : 420(H) x 660(L) x 650(P) mm.<br \/> Mati\u00e8re : Acier inoxydable.<br \/> Isolation : 6 cm.<br \/> Fr\u00e9on : R290.<br \/> Voltage : 230V.<br \/> Couleur : Argent.<br \/> Puissance : 450 W.<br \/> Temp\u00e9rature ambiante : 32 \u00b0C.<br \/> Bac GN : GN 2\/3XY.<\/p>\n","protected":false},"excerpt":{"rendered":"<div><img decoding=\"async\" src=\"https:\/\/abinox-chr-clim.com\/wp-content\/uploads\/2024\/03\/abinox-garantie.webp\" width=\"400px\"\/><\/div>\n<p>Cellule de refroidissement et cong\u00e9lation rapides de comptoir Polar S\u00e9rie G 8kg \/ 5kg<\/p>\n","protected":false},"featured_media":84199,"comment_status":"closed","ping_status":"closed","template":"","meta":[],"product_brand":[],"product_cat":[1252,1249,1296],"product_tag":[],"class_list":{"0":"post-68888","1":"product","2":"type-product","3":"status-publish","4":"has-post-thumbnail","6":"product_cat-cellules-de-refroidissement-et-surgelation","7":"product_cat-froid","8":"product_cat-palettisable","10":"first","11":"instock","12":"featured","13":"taxable","14":"shipping-taxable","15":"purchasable","16":"product-type-simple"},"_links":{"self":[{"href":"https:\/\/abinox-chr-clim.com\/index.php\/wp-json\/wp\/v2\/product\/68888","targetHints":{"allow":["GET"]}}],"collection":[{"href":"https:\/\/abinox-chr-clim.com\/index.php\/wp-json\/wp\/v2\/product"}],"about":[{"href":"https:\/\/abinox-chr-clim.com\/index.php\/wp-json\/wp\/v2\/types\/product"}],"replies":[{"embeddable":true,"href":"https:\/\/abinox-chr-clim.com\/index.php\/wp-json\/wp\/v2\/comments?post=68888"}],"wp:featuredmedia":[{"embeddable":true,"href":"https:\/\/abinox-chr-clim.com\/index.php\/wp-json\/wp\/v2\/media\/84199"}],"wp:attachment":[{"href":"https:\/\/abinox-chr-clim.com\/index.php\/wp-json\/wp\/v2\/media?parent=68888"}],"wp:term":[{"taxonomy":"product_brand","embeddable":true,"href":"https:\/\/abinox-chr-clim.com\/index.php\/wp-json\/wp\/v2\/product_brand?post=68888"},{"taxonomy":"product_cat","embeddable":true,"href":"https:\/\/abinox-chr-clim.com\/index.php\/wp-json\/wp\/v2\/product_cat?post=68888"},{"taxonomy":"product_tag","embeddable":true,"href":"https:\/\/abinox-chr-clim.com\/index.php\/wp-json\/wp\/v2\/product_tag?post=68888"}],"curies":[{"name":"wp","href":"https:\/\/api.w.org\/{rel}","templated":true}]}}