{"id":68887,"date":"2024-03-22T16:18:22","date_gmt":"2024-03-22T15:18:22","guid":{"rendered":"https:\/\/abinox-chr-clim.com\/index.php\/product\/arriere-bar-3-portes-polar-serie-u\/"},"modified":"2026-04-02T10:03:42","modified_gmt":"2026-04-02T08:03:42","slug":"arriere-bar-3-portes-polar-serie-u","status":"publish","type":"product","link":"https:\/\/abinox-chr-clim.com\/index.php\/product\/arriere-bar-3-portes-polar-serie-u\/","title":{"rendered":"Arri\u00e8re-bar 3 portes Polar S\u00e9rie U"},"content":{"rendered":"<p>Arri\u00e8re-bar grande capacit\u00e9 avec un puissant syst\u00e8me de refroidissement \u00e0 air puls\u00e9. 355 litres avec 3 portes vitr\u00e9es \u00e0 charni\u00e8res pour un acc\u00e8s rapide.<br \/>Capacit\u00e9 355 litres. Acier peint noir. Refroidissement par air forc\u00e9. R\u00e9f\u00e9rence soumise \u00e0 une Eco-participation mobilier de 1.36\u20ac par unit\u00e9 vendue. D\u00e9givrage automatique. Ecran num\u00e9rique affichage LED constant.6 \u00e9tag\u00e8res r\u00e9glables. Capacit\u00e9 355 litres.<\/p>\n<p>Caract\u00e9ristiques :<br \/> Capacit\u00e9 : 355 L.<br \/> Dimensions : 860(H) x 2002(L) x 535(P) mm.<br \/> Mati\u00e8re : Acier.<br \/> Isolation : 4 cm.<br \/> Fr\u00e9on : R290.<br \/> Temp\u00e9rature : 0 \u00b0C \u00e0 10 \u00b0C.<br \/> Voltage : 230V.<br \/> Couleur : Noir.<br \/> Puissance : 320 W.<br \/> Temp\u00e9rature ambiante : 32 \u00b0C.<br \/> Classe climatique : 4.<br \/> Classe \u00e9nerg\u00e9tique : C.<\/p>\n","protected":false},"excerpt":{"rendered":"<div><img decoding=\"async\" src=\"https:\/\/abinox-chr-clim.com\/wp-content\/uploads\/2024\/03\/abinox-garantie.webp\" width=\"400px\"\/><\/div>\n<p>Arri\u00e8re-bar 3 portes Polar S\u00e9rie U<\/p>\n","protected":false},"featured_media":99063,"comment_status":"closed","ping_status":"closed","template":"","meta":[],"product_brand":[],"product_cat":[1251,1249,1296],"product_tag":[],"class_list":{"0":"post-68887","1":"product","2":"type-product","3":"status-publish","4":"has-post-thumbnail","6":"product_cat-arriere-bars","7":"product_cat-froid","8":"product_cat-palettisable","10":"first","11":"instock","12":"featured","13":"taxable","14":"shipping-taxable","15":"purchasable","16":"product-type-simple"},"_links":{"self":[{"href":"https:\/\/abinox-chr-clim.com\/index.php\/wp-json\/wp\/v2\/product\/68887","targetHints":{"allow":["GET"]}}],"collection":[{"href":"https:\/\/abinox-chr-clim.com\/index.php\/wp-json\/wp\/v2\/product"}],"about":[{"href":"https:\/\/abinox-chr-clim.com\/index.php\/wp-json\/wp\/v2\/types\/product"}],"replies":[{"embeddable":true,"href":"https:\/\/abinox-chr-clim.com\/index.php\/wp-json\/wp\/v2\/comments?post=68887"}],"wp:featuredmedia":[{"embeddable":true,"href":"https:\/\/abinox-chr-clim.com\/index.php\/wp-json\/wp\/v2\/media\/99063"}],"wp:attachment":[{"href":"https:\/\/abinox-chr-clim.com\/index.php\/wp-json\/wp\/v2\/media?parent=68887"}],"wp:term":[{"taxonomy":"product_brand","embeddable":true,"href":"https:\/\/abinox-chr-clim.com\/index.php\/wp-json\/wp\/v2\/product_brand?post=68887"},{"taxonomy":"product_cat","embeddable":true,"href":"https:\/\/abinox-chr-clim.com\/index.php\/wp-json\/wp\/v2\/product_cat?post=68887"},{"taxonomy":"product_tag","embeddable":true,"href":"https:\/\/abinox-chr-clim.com\/index.php\/wp-json\/wp\/v2\/product_tag?post=68887"}],"curies":[{"name":"wp","href":"https:\/\/api.w.org\/{rel}","templated":true}]}}