{"id":68882,"date":"2024-03-22T16:18:21","date_gmt":"2024-03-22T15:18:21","guid":{"rendered":"https:\/\/abinox-chr-clim.com\/index.php\/product\/arriere-bar-polar-serie-u-6-tiroirs\/"},"modified":"2026-04-02T09:16:59","modified_gmt":"2026-04-02T07:16:59","slug":"arriere-bar-polar-serie-u-6-tiroirs","status":"publish","type":"product","link":"https:\/\/abinox-chr-clim.com\/index.php\/product\/arriere-bar-polar-serie-u-6-tiroirs\/","title":{"rendered":"Arri\u00e8re-bar Polar S\u00e9rie U 6 tiroirs"},"content":{"rendered":"<p>Gardez vos boissons au frais. Contr\u00f4le de temp\u00e9rature int\u00e9gr\u00e9 et d\u00e9givrage semi-automatique avec intervalle de temps. Le refroidissement \u00e0 air forc\u00e9 permet un refroidissement rapide et efficace.<br \/>6 tiroirs. Pieds r\u00e9glables. D\u00e9givrage semi-automatique avec intervalle de temps. R\u00e9f\u00e9rence soumise \u00e0 une Eco-participation mobilier de 18.42\u20ac par unit\u00e9 vendue. Refroidissement \u00e0 air forc\u00e9. Temp\u00e9rature ambiante maximum 32\u00b0C. Tiroirs verrouillables.Ext\u00e9rieur acier peint et int\u00e9rieur acier inoxydable. R\u00e9f\u00e9rence soumise \u00e0 une Eco-participation DEEE de 8,48\u20ac par unit\u00e9 vendue. 6 tiroirs.<\/p>\n<p>Caract\u00e9ristiques :<br \/> Capacit\u00e9 : 536 L.<br \/> Dimensions : 860(H) x 2002(L) x 513(P) mm.<br \/> Mati\u00e8re : Acier peint noir.<br \/> Fr\u00e9on : R600a.<br \/> Temp\u00e9rature : 0 \u00b0C \u00e0 10 \u00b0C.<br \/> Voltage : 230V.<br \/> Couleur : Noir.<br \/> Puissance : 280 W.<br \/> Temp\u00e9rature ambiante : 32 \u00b0C.<br \/> Classe climatique : 4.<br \/> Classe \u00e9nerg\u00e9tique : C.<\/p>\n","protected":false},"excerpt":{"rendered":"<div><img decoding=\"async\" src=\"https:\/\/abinox-chr-clim.com\/wp-content\/uploads\/2024\/03\/abinox-garantie.webp\" width=\"400px\"\/><\/div>\n<p>Arri\u00e8re-bar Polar S\u00e9rie U 6 tiroirs<\/p>\n","protected":false},"featured_media":102537,"comment_status":"closed","ping_status":"closed","template":"","meta":[],"product_brand":[],"product_cat":[1251,1249,1296],"product_tag":[],"class_list":{"0":"post-68882","1":"product","2":"type-product","3":"status-publish","4":"has-post-thumbnail","6":"product_cat-arriere-bars","7":"product_cat-froid","8":"product_cat-palettisable","10":"first","11":"outofstock","12":"featured","13":"taxable","14":"shipping-taxable","15":"purchasable","16":"product-type-simple"},"_links":{"self":[{"href":"https:\/\/abinox-chr-clim.com\/index.php\/wp-json\/wp\/v2\/product\/68882","targetHints":{"allow":["GET"]}}],"collection":[{"href":"https:\/\/abinox-chr-clim.com\/index.php\/wp-json\/wp\/v2\/product"}],"about":[{"href":"https:\/\/abinox-chr-clim.com\/index.php\/wp-json\/wp\/v2\/types\/product"}],"replies":[{"embeddable":true,"href":"https:\/\/abinox-chr-clim.com\/index.php\/wp-json\/wp\/v2\/comments?post=68882"}],"wp:featuredmedia":[{"embeddable":true,"href":"https:\/\/abinox-chr-clim.com\/index.php\/wp-json\/wp\/v2\/media\/102537"}],"wp:attachment":[{"href":"https:\/\/abinox-chr-clim.com\/index.php\/wp-json\/wp\/v2\/media?parent=68882"}],"wp:term":[{"taxonomy":"product_brand","embeddable":true,"href":"https:\/\/abinox-chr-clim.com\/index.php\/wp-json\/wp\/v2\/product_brand?post=68882"},{"taxonomy":"product_cat","embeddable":true,"href":"https:\/\/abinox-chr-clim.com\/index.php\/wp-json\/wp\/v2\/product_cat?post=68882"},{"taxonomy":"product_tag","embeddable":true,"href":"https:\/\/abinox-chr-clim.com\/index.php\/wp-json\/wp\/v2\/product_tag?post=68882"}],"curies":[{"name":"wp","href":"https:\/\/api.w.org\/{rel}","templated":true}]}}